{"id":1458,"date":"2025-08-13T04:08:56","date_gmt":"2025-08-13T02:08:56","guid":{"rendered":"https:\/\/foro.delfrom.com\/producto\/double-horizontal-brush-f-110-f-130-inox\/"},"modified":"2026-03-11T09:59:17","modified_gmt":"2026-03-11T08:59:17","slug":"double-horizontal-brush-f-110-f-130-inox","status":"publish","type":"product","link":"https:\/\/www.talleresforo.com\/en\/producto\/double-horizontal-brush-f-110-f-130-inox\/","title":{"rendered":"Horizontal stainless steel double brush group F-110\/F-130"},"content":{"rendered":"<p>Its function is to brush the upper and lower surface of big format pieces with cylindrical modular brushes.<br \/>\nIts frame, carter and main pieces are made of AISI-304 stainless steel. The brush height regulation system assures a uniform elevation from both sidea which is done from the operator\u2019s side. Individual geared motor drive for each of the brushes, with no transmission elements to take care of or replace.<br \/>\nThe replacement of the brush sectors is done from the operator\u2019s side in a simple and fast way just by disassembling the bushing plates.<br \/>\nEquipped with 5 \u00d880 mm aspiration intakes.<br \/>\nRobust construction to avoid vibrations while functioning.<br \/>\nUpper carter manual lifting with the help of 4 gas pistons.<br \/>\nIt includes 20 mm. wide lower guides for the belts to minimize the non-brushed lower area of the tile.<\/p>\n<p>&nbsp;<\/p>\n<p>&nbsp;<\/p>\n","protected":false},"excerpt":{"rendered":"<p>Su funci\u00f3n es el cepillado superior e inferior de las piezas cer\u00e1micas de granformato mediante cepillos cil\u00edndricos.Bastidor, protector y piezas principales fabricadas en acero inoxidable AISI-304.<\/p>\n<p>El sistema de regulaci\u00f3n de la altura de los cepillos asegura una elevaci\u00f3n uniformey \u00fanica de ambos extremos de los ejes, accionable desde lado operario .<\/p>\n<p>Ejes traccionados mediante un motoreductor sin elementos de transmisi\u00f3n a revisar o sustituir.<\/p>\n<p>Robusta construcci\u00f3n para minimizar las vibraciones producidas durante su funcionamiento.<\/p>\n<p>Protector superior elevable manualmente con la ayuda de cuatro resortes de gas.<\/p>\n<p>&nbsp;<\/p>\n","protected":false},"featured_media":1807,"template":"","meta":{"site-sidebar-layout":"default","site-content-layout":"default","ast-site-content-layout":"default","site-content-style":"default","site-sidebar-style":"default","ast-global-header-display":"","ast-banner-title-visibility":"","ast-main-header-display":"","ast-hfb-above-header-display":"","ast-hfb-below-header-display":"","ast-hfb-mobile-header-display":"","site-post-title":"","ast-breadcrumbs-content":"","ast-featured-img":"","footer-sml-layout":"","ast-disable-related-posts":"","theme-transparent-header-meta":"default","adv-header-id-meta":"","stick-header-meta":"default","header-above-stick-meta":"","header-main-stick-meta":"","header-below-stick-meta":"","astra-migrate-meta-layouts":"set","ast-page-background-enabled":"default","ast-page-background-meta":{"desktop":{"background-color":"var(--ast-global-color-4)","background-image":"","background-repeat":"repeat","background-position":"center center","background-size":"auto","background-attachment":"scroll","background-type":"","background-media":"","overlay-type":"","overlay-color":"","overlay-opacity":"","overlay-gradient":""},"tablet":{"background-color":"","background-image":"","background-repeat":"repeat","background-position":"center center","background-size":"auto","background-attachment":"scroll","background-type":"","background-media":"","overlay-type":"","overlay-color":"","overlay-opacity":"","overlay-gradient":""},"mobile":{"background-color":"","background-image":"","background-repeat":"repeat","background-position":"center center","background-size":"auto","background-attachment":"scroll","background-type":"","background-media":"","overlay-type":"","overlay-color":"","overlay-opacity":"","overlay-gradient":""}},"ast-content-background-meta":{"desktop":{"background-color":"var(--ast-global-color-5)","background-image":"","background-repeat":"repeat","background-position":"center center","background-size":"auto","background-attachment":"scroll","background-type":"","background-media":"","overlay-type":"","overlay-color":"","overlay-opacity":"","overlay-gradient":""},"tablet":{"background-color":"var(--ast-global-color-5)","background-image":"","background-repeat":"repeat","background-position":"center center","background-size":"auto","background-attachment":"scroll","background-type":"","background-media":"","overlay-type":"","overlay-color":"","overlay-opacity":"","overlay-gradient":""},"mobile":{"background-color":"var(--ast-global-color-5)","background-image":"","background-repeat":"repeat","background-position":"center center","background-size":"auto","background-attachment":"scroll","background-type":"","background-media":"","overlay-type":"","overlay-color":"","overlay-opacity":"","overlay-gradient":""}}},"product_brand":[],"product_cat":[42,102],"product_tag":[],"class_list":{"0":"post-1458","1":"product","2":"type-product","3":"status-publish","4":"has-post-thumbnail","6":"product_cat-glazing-lines-ceramic-industry","7":"product_cat-from-drier-exit-to-glazing-section","8":"desktop-align-left","9":"tablet-align-left","10":"mobile-align-left","12":"first","13":"instock","14":"shipping-taxable","15":"product-type-simple"},"yoast_head":"<!-- This site is optimized with the Yoast SEO plugin v27.5 - https:\/\/yoast.com\/product\/yoast-seo-wordpress\/ -->\n<title>Horizontal stainless steel double brush group F-110\/F-130 - Talleres Foro<\/title>\n<meta name=\"robots\" content=\"index, follow, max-snippet:-1, max-image-preview:large, max-video-preview:-1\" \/>\n<link rel=\"canonical\" href=\"https:\/\/www.talleresforo.com\/producto\/cepillo-doble-horizontal-f-110-f-130-inox\/\" \/>\n<meta property=\"og:locale\" content=\"en_US\" \/>\n<meta property=\"og:type\" content=\"article\" \/>\n<meta property=\"og:title\" content=\"Horizontal stainless steel double brush group F-110\/F-130 - Talleres Foro\" \/>\n<meta property=\"og:description\" content=\"Su funci\u00f3n es el cepillado superior e inferior de las piezas cer\u00e1micas de granformato mediante cepillos cil\u00edndricos.Bastidor, protector y piezas principales fabricadas en acero inoxidable AISI-304.  El sistema de regulaci\u00f3n de la altura de los cepillos asegura una elevaci\u00f3n uniformey \u00fanica de ambos extremos de los ejes, accionable desde lado operario .  Ejes traccionados mediante un motoreductor sin elementos de transmisi\u00f3n a revisar o sustituir.  Robusta construcci\u00f3n para minimizar las vibraciones producidas durante su funcionamiento.  Protector superior elevable manualmente con la ayuda de cuatro resortes de gas.  &nbsp;\" \/>\n<meta property=\"og:url\" content=\"https:\/\/www.talleresforo.com\/producto\/cepillo-doble-horizontal-f-110-f-130-inox\/\" \/>\n<meta property=\"og:site_name\" content=\"Talleres Foro\" \/>\n<meta property=\"article:modified_time\" content=\"2026-03-11T08:59:17+00:00\" \/>\n<meta property=\"og:image\" content=\"https:\/\/www.talleresforo.com\/wp-content\/uploads\/2024\/07\/CEPILLO-1100.jpg\" \/>\n\t<meta property=\"og:image:width\" content=\"425\" \/>\n\t<meta property=\"og:image:height\" content=\"295\" \/>\n\t<meta property=\"og:image:type\" content=\"image\/jpeg\" \/>\n<meta name=\"twitter:card\" content=\"summary_large_image\" \/>\n<meta name=\"twitter:label1\" content=\"Est. reading time\" \/>\n\t<meta name=\"twitter:data1\" content=\"1 minute\" \/>\n<script type=\"application\/ld+json\" class=\"yoast-schema-graph\">{\"@context\":\"https:\\\/\\\/schema.org\",\"@graph\":[{\"@type\":\"WebPage\",\"@id\":\"https:\\\/\\\/www.talleresforo.com\\\/producto\\\/cepillo-doble-horizontal-f-110-f-130-inox\\\/\",\"url\":\"https:\\\/\\\/www.talleresforo.com\\\/producto\\\/cepillo-doble-horizontal-f-110-f-130-inox\\\/\",\"name\":\"Horizontal stainless steel double brush group F-110\\\/F-130 - Talleres Foro\",\"isPartOf\":{\"@id\":\"https:\\\/\\\/www.talleresforo.com\\\/#website\"},\"primaryImageOfPage\":{\"@id\":\"https:\\\/\\\/www.talleresforo.com\\\/producto\\\/cepillo-doble-horizontal-f-110-f-130-inox\\\/#primaryimage\"},\"image\":{\"@id\":\"https:\\\/\\\/www.talleresforo.com\\\/producto\\\/cepillo-doble-horizontal-f-110-f-130-inox\\\/#primaryimage\"},\"thumbnailUrl\":\"https:\\\/\\\/www.talleresforo.com\\\/wp-content\\\/uploads\\\/2024\\\/07\\\/CEPILLO-1100.jpg\",\"datePublished\":\"2025-08-13T02:08:56+00:00\",\"dateModified\":\"2026-03-11T08:59:17+00:00\",\"breadcrumb\":{\"@id\":\"https:\\\/\\\/www.talleresforo.com\\\/producto\\\/cepillo-doble-horizontal-f-110-f-130-inox\\\/#breadcrumb\"},\"inLanguage\":\"en-US\",\"potentialAction\":[{\"@type\":\"ReadAction\",\"target\":[\"https:\\\/\\\/www.talleresforo.com\\\/producto\\\/cepillo-doble-horizontal-f-110-f-130-inox\\\/\"]}]},{\"@type\":\"ImageObject\",\"inLanguage\":\"en-US\",\"@id\":\"https:\\\/\\\/www.talleresforo.com\\\/producto\\\/cepillo-doble-horizontal-f-110-f-130-inox\\\/#primaryimage\",\"url\":\"https:\\\/\\\/www.talleresforo.com\\\/wp-content\\\/uploads\\\/2024\\\/07\\\/CEPILLO-1100.jpg\",\"contentUrl\":\"https:\\\/\\\/www.talleresforo.com\\\/wp-content\\\/uploads\\\/2024\\\/07\\\/CEPILLO-1100.jpg\",\"width\":425,\"height\":295},{\"@type\":\"BreadcrumbList\",\"@id\":\"https:\\\/\\\/www.talleresforo.com\\\/producto\\\/cepillo-doble-horizontal-f-110-f-130-inox\\\/#breadcrumb\",\"itemListElement\":[{\"@type\":\"ListItem\",\"position\":1,\"name\":\"Portada\",\"item\":\"https:\\\/\\\/www.talleresforo.com\\\/en\\\/\"},{\"@type\":\"ListItem\",\"position\":2,\"name\":\"Shop\",\"item\":\"https:\\\/\\\/www.talleresforo.com\\\/en\\\/shop\\\/\"},{\"@type\":\"ListItem\",\"position\":3,\"name\":\"Horizontal stainless steel double brush group F-110\\\/F-130\"}]},{\"@type\":\"WebSite\",\"@id\":\"https:\\\/\\\/www.talleresforo.com\\\/#website\",\"url\":\"https:\\\/\\\/www.talleresforo.com\\\/\",\"name\":\"Talleres Foro\",\"description\":\"Glazing lines for ceramics\",\"publisher\":{\"@id\":\"https:\\\/\\\/www.talleresforo.com\\\/#organization\"},\"potentialAction\":[{\"@type\":\"SearchAction\",\"target\":{\"@type\":\"EntryPoint\",\"urlTemplate\":\"https:\\\/\\\/www.talleresforo.com\\\/?s={search_term_string}\"},\"query-input\":{\"@type\":\"PropertyValueSpecification\",\"valueRequired\":true,\"valueName\":\"search_term_string\"}}],\"inLanguage\":\"en-US\"},{\"@type\":\"Organization\",\"@id\":\"https:\\\/\\\/www.talleresforo.com\\\/#organization\",\"name\":\"Talleres Foro\",\"url\":\"https:\\\/\\\/www.talleresforo.com\\\/\",\"logo\":{\"@type\":\"ImageObject\",\"inLanguage\":\"en-US\",\"@id\":\"https:\\\/\\\/www.talleresforo.com\\\/#\\\/schema\\\/logo\\\/image\\\/\",\"url\":\"https:\\\/\\\/www.talleresforo.com\\\/wp-content\\\/uploads\\\/2025\\\/09\\\/logo-principal.png\",\"contentUrl\":\"https:\\\/\\\/www.talleresforo.com\\\/wp-content\\\/uploads\\\/2025\\\/09\\\/logo-principal.png\",\"width\":1100,\"height\":510,\"caption\":\"Talleres Foro\"},\"image\":{\"@id\":\"https:\\\/\\\/www.talleresforo.com\\\/#\\\/schema\\\/logo\\\/image\\\/\"}}]}<\/script>\n<!-- \/ Yoast SEO plugin. -->","yoast_head_json":{"title":"Horizontal stainless steel double brush group F-110\/F-130 - Talleres Foro","robots":{"index":"index","follow":"follow","max-snippet":"max-snippet:-1","max-image-preview":"max-image-preview:large","max-video-preview":"max-video-preview:-1"},"canonical":"https:\/\/www.talleresforo.com\/producto\/cepillo-doble-horizontal-f-110-f-130-inox\/","og_locale":"en_US","og_type":"article","og_title":"Horizontal stainless steel double brush group F-110\/F-130 - Talleres Foro","og_description":"Su funci\u00f3n es el cepillado superior e inferior de las piezas cer\u00e1micas de granformato mediante cepillos cil\u00edndricos.Bastidor, protector y piezas principales fabricadas en acero inoxidable AISI-304.  El sistema de regulaci\u00f3n de la altura de los cepillos asegura una elevaci\u00f3n uniformey \u00fanica de ambos extremos de los ejes, accionable desde lado operario .  Ejes traccionados mediante un motoreductor sin elementos de transmisi\u00f3n a revisar o sustituir.  Robusta construcci\u00f3n para minimizar las vibraciones producidas durante su funcionamiento.  Protector superior elevable manualmente con la ayuda de cuatro resortes de gas.  &nbsp;","og_url":"https:\/\/www.talleresforo.com\/producto\/cepillo-doble-horizontal-f-110-f-130-inox\/","og_site_name":"Talleres Foro","article_modified_time":"2026-03-11T08:59:17+00:00","og_image":[{"width":425,"height":295,"url":"https:\/\/www.talleresforo.com\/wp-content\/uploads\/2024\/07\/CEPILLO-1100.jpg","type":"image\/jpeg"}],"twitter_card":"summary_large_image","twitter_misc":{"Est. reading time":"1 minute"},"schema":{"@context":"https:\/\/schema.org","@graph":[{"@type":"WebPage","@id":"https:\/\/www.talleresforo.com\/producto\/cepillo-doble-horizontal-f-110-f-130-inox\/","url":"https:\/\/www.talleresforo.com\/producto\/cepillo-doble-horizontal-f-110-f-130-inox\/","name":"Horizontal stainless steel double brush group F-110\/F-130 - Talleres Foro","isPartOf":{"@id":"https:\/\/www.talleresforo.com\/#website"},"primaryImageOfPage":{"@id":"https:\/\/www.talleresforo.com\/producto\/cepillo-doble-horizontal-f-110-f-130-inox\/#primaryimage"},"image":{"@id":"https:\/\/www.talleresforo.com\/producto\/cepillo-doble-horizontal-f-110-f-130-inox\/#primaryimage"},"thumbnailUrl":"https:\/\/www.talleresforo.com\/wp-content\/uploads\/2024\/07\/CEPILLO-1100.jpg","datePublished":"2025-08-13T02:08:56+00:00","dateModified":"2026-03-11T08:59:17+00:00","breadcrumb":{"@id":"https:\/\/www.talleresforo.com\/producto\/cepillo-doble-horizontal-f-110-f-130-inox\/#breadcrumb"},"inLanguage":"en-US","potentialAction":[{"@type":"ReadAction","target":["https:\/\/www.talleresforo.com\/producto\/cepillo-doble-horizontal-f-110-f-130-inox\/"]}]},{"@type":"ImageObject","inLanguage":"en-US","@id":"https:\/\/www.talleresforo.com\/producto\/cepillo-doble-horizontal-f-110-f-130-inox\/#primaryimage","url":"https:\/\/www.talleresforo.com\/wp-content\/uploads\/2024\/07\/CEPILLO-1100.jpg","contentUrl":"https:\/\/www.talleresforo.com\/wp-content\/uploads\/2024\/07\/CEPILLO-1100.jpg","width":425,"height":295},{"@type":"BreadcrumbList","@id":"https:\/\/www.talleresforo.com\/producto\/cepillo-doble-horizontal-f-110-f-130-inox\/#breadcrumb","itemListElement":[{"@type":"ListItem","position":1,"name":"Portada","item":"https:\/\/www.talleresforo.com\/en\/"},{"@type":"ListItem","position":2,"name":"Shop","item":"https:\/\/www.talleresforo.com\/en\/shop\/"},{"@type":"ListItem","position":3,"name":"Horizontal stainless steel double brush group F-110\/F-130"}]},{"@type":"WebSite","@id":"https:\/\/www.talleresforo.com\/#website","url":"https:\/\/www.talleresforo.com\/","name":"Talleres Foro","description":"Glazing lines for ceramics","publisher":{"@id":"https:\/\/www.talleresforo.com\/#organization"},"potentialAction":[{"@type":"SearchAction","target":{"@type":"EntryPoint","urlTemplate":"https:\/\/www.talleresforo.com\/?s={search_term_string}"},"query-input":{"@type":"PropertyValueSpecification","valueRequired":true,"valueName":"search_term_string"}}],"inLanguage":"en-US"},{"@type":"Organization","@id":"https:\/\/www.talleresforo.com\/#organization","name":"Talleres Foro","url":"https:\/\/www.talleresforo.com\/","logo":{"@type":"ImageObject","inLanguage":"en-US","@id":"https:\/\/www.talleresforo.com\/#\/schema\/logo\/image\/","url":"https:\/\/www.talleresforo.com\/wp-content\/uploads\/2025\/09\/logo-principal.png","contentUrl":"https:\/\/www.talleresforo.com\/wp-content\/uploads\/2025\/09\/logo-principal.png","width":1100,"height":510,"caption":"Talleres Foro"},"image":{"@id":"https:\/\/www.talleresforo.com\/#\/schema\/logo\/image\/"}}]}},"_links":{"self":[{"href":"https:\/\/www.talleresforo.com\/en\/wp-json\/wp\/v2\/product\/1458","targetHints":{"allow":["GET"]}}],"collection":[{"href":"https:\/\/www.talleresforo.com\/en\/wp-json\/wp\/v2\/product"}],"about":[{"href":"https:\/\/www.talleresforo.com\/en\/wp-json\/wp\/v2\/types\/product"}],"wp:featuredmedia":[{"embeddable":true,"href":"https:\/\/www.talleresforo.com\/en\/wp-json\/wp\/v2\/media\/1807"}],"wp:attachment":[{"href":"https:\/\/www.talleresforo.com\/en\/wp-json\/wp\/v2\/media?parent=1458"}],"wp:term":[{"taxonomy":"product_brand","embeddable":true,"href":"https:\/\/www.talleresforo.com\/en\/wp-json\/wp\/v2\/product_brand?post=1458"},{"taxonomy":"product_cat","embeddable":true,"href":"https:\/\/www.talleresforo.com\/en\/wp-json\/wp\/v2\/product_cat?post=1458"},{"taxonomy":"product_tag","embeddable":true,"href":"https:\/\/www.talleresforo.com\/en\/wp-json\/wp\/v2\/product_tag?post=1458"}],"curies":[{"name":"wp","href":"https:\/\/api.w.org\/{rel}","templated":true}]}}