{"id":1418,"date":"2025-08-13T11:08:57","date_gmt":"2025-08-13T09:08:57","guid":{"rendered":"https:\/\/foro.delfrom.com\/producto\/agitateur-lent-sur-roues-monte-sur-colonne-mod-1200\/"},"modified":"2026-03-13T07:59:30","modified_gmt":"2026-03-13T06:59:30","slug":"agitateur-lent-sur-roues-monte-sur-colonne-mod-1200","status":"publish","type":"product","link":"https:\/\/www.talleresforo.com\/fr\/producto\/agitateur-lent-sur-roues-monte-sur-colonne-mod-1200\/","title":{"rendered":"Agitateur de colonne sur roues mod. 1200"},"content":{"rendered":"<p>Con\u00e7u pour le mixage lent des \u00e9maux en cuves de magasinage avant son utilisation.<br \/>\nIl est mont\u00e9 sur un ch\u00e2ssis \u00e0 4 roues, deux d\u2019entre elles pivotantes et avec frein.<br \/>\nActionnement pour sa mont\u00e9e et descente avec contrepoids int\u00e9rieur. Arbre et pelles d\u2019agitation en inox. Pelles r\u00e9glables en hauteur.<br \/>\nLargeur utile: 1600 mm.<br \/>\nHauteur libre en position \u00e9l\u00e9v\u00e9e: 1300 mm.<\/p>\n","protected":false},"excerpt":{"rendered":"<p>Con\u00e7u pour remuer d\u00e9licatement les gla\u00e7ures de stockage dans les cuves avant utilisation, mont\u00e9 sur une base \u00e0 roulettes, dont deux pivotantes avec freins, levage et abaissement manuels, avec contrepoids interne pour faciliter l&rsquo;utilisation. Lames et arbre en acier inoxydable. Palettes r\u00e9glables en hauteurHauteur utile : 1600 mm.hauteur libre en position relev\u00e9e : 1300 mm.<\/p>\n","protected":false},"featured_media":2308,"template":"","meta":{"site-sidebar-layout":"default","site-content-layout":"default","ast-site-content-layout":"default","site-content-style":"default","site-sidebar-style":"default","ast-global-header-display":"","ast-banner-title-visibility":"","ast-main-header-display":"","ast-hfb-above-header-display":"","ast-hfb-below-header-display":"","ast-hfb-mobile-header-display":"","site-post-title":"","ast-breadcrumbs-content":"","ast-featured-img":"","footer-sml-layout":"","ast-disable-related-posts":"","theme-transparent-header-meta":"default","adv-header-id-meta":"","stick-header-meta":"default","header-above-stick-meta":"","header-main-stick-meta":"","header-below-stick-meta":"","astra-migrate-meta-layouts":"set","ast-page-background-enabled":"default","ast-page-background-meta":{"desktop":{"background-color":"var(--ast-global-color-4)","background-image":"","background-repeat":"repeat","background-position":"center center","background-size":"auto","background-attachment":"scroll","background-type":"","background-media":"","overlay-type":"","overlay-color":"","overlay-opacity":"","overlay-gradient":""},"tablet":{"background-color":"","background-image":"","background-repeat":"repeat","background-position":"center center","background-size":"auto","background-attachment":"scroll","background-type":"","background-media":"","overlay-type":"","overlay-color":"","overlay-opacity":"","overlay-gradient":""},"mobile":{"background-color":"","background-image":"","background-repeat":"repeat","background-position":"center center","background-size":"auto","background-attachment":"scroll","background-type":"","background-media":"","overlay-type":"","overlay-color":"","overlay-opacity":"","overlay-gradient":""}},"ast-content-background-meta":{"desktop":{"background-color":"var(--ast-global-color-5)","background-image":"","background-repeat":"repeat","background-position":"center center","background-size":"auto","background-attachment":"scroll","background-type":"","background-media":"","overlay-type":"","overlay-color":"","overlay-opacity":"","overlay-gradient":""},"tablet":{"background-color":"var(--ast-global-color-5)","background-image":"","background-repeat":"repeat","background-position":"center center","background-size":"auto","background-attachment":"scroll","background-type":"","background-media":"","overlay-type":"","overlay-color":"","overlay-opacity":"","overlay-gradient":""},"mobile":{"background-color":"var(--ast-global-color-5)","background-image":"","background-repeat":"repeat","background-position":"center center","background-size":"auto","background-attachment":"scroll","background-type":"","background-media":"","overlay-type":"","overlay-color":"","overlay-opacity":"","overlay-gradient":""}}},"product_brand":[],"product_cat":[45],"product_tag":[],"class_list":{"0":"post-1418","1":"product","2":"type-product","3":"status-publish","4":"has-post-thumbnail","6":"product_cat-preparation-du-glacage","7":"desktop-align-left","8":"tablet-align-left","9":"mobile-align-left","11":"first","12":"instock","13":"shipping-taxable","14":"product-type-simple"},"yoast_head":"<!-- This site is optimized with the Yoast SEO plugin v27.5 - https:\/\/yoast.com\/product\/yoast-seo-wordpress\/ -->\n<title>Agitateur de colonne sur roues mod. 1200 - Talleres Foro<\/title>\n<meta name=\"robots\" content=\"index, follow, max-snippet:-1, max-image-preview:large, max-video-preview:-1\" \/>\n<link rel=\"canonical\" href=\"https:\/\/www.talleresforo.com\/producto\/agitador-lento-sobre-ruedas-de-columna-mod-1200\/\" \/>\n<meta property=\"og:locale\" content=\"fr_FR\" \/>\n<meta property=\"og:type\" content=\"article\" \/>\n<meta property=\"og:title\" content=\"Agitateur de colonne sur roues mod. 1200 - Talleres Foro\" \/>\n<meta property=\"og:description\" content=\"Con\u00e7u pour remuer d\u00e9licatement les gla\u00e7ures de stockage dans les cuves avant utilisation, mont\u00e9 sur une base \u00e0 roulettes, dont deux pivotantes avec freins, levage et abaissement manuels, avec contrepoids interne pour faciliter l&#039;utilisation. Lames et arbre en acier inoxydable. Palettes r\u00e9glables en hauteurHauteur utile : 1600 mm.hauteur libre en position relev\u00e9e : 1300 mm.\" \/>\n<meta property=\"og:url\" content=\"https:\/\/www.talleresforo.com\/producto\/agitador-lento-sobre-ruedas-de-columna-mod-1200\/\" \/>\n<meta property=\"og:site_name\" content=\"Talleres Foro\" \/>\n<meta property=\"article:modified_time\" content=\"2026-03-13T06:59:30+00:00\" \/>\n<meta property=\"og:image\" content=\"https:\/\/www.talleresforo.com\/wp-content\/uploads\/2024\/07\/AGITADOR-COLUMNA-PALASbr.jpg\" \/>\n\t<meta property=\"og:image:width\" content=\"450\" \/>\n\t<meta property=\"og:image:height\" content=\"693\" \/>\n\t<meta property=\"og:image:type\" content=\"image\/jpeg\" \/>\n<meta name=\"twitter:card\" content=\"summary_large_image\" \/>\n<script type=\"application\/ld+json\" class=\"yoast-schema-graph\">{\"@context\":\"https:\\\/\\\/schema.org\",\"@graph\":[{\"@type\":\"WebPage\",\"@id\":\"https:\\\/\\\/www.talleresforo.com\\\/producto\\\/agitador-lento-sobre-ruedas-de-columna-mod-1200\\\/\",\"url\":\"https:\\\/\\\/www.talleresforo.com\\\/producto\\\/agitador-lento-sobre-ruedas-de-columna-mod-1200\\\/\",\"name\":\"Agitateur de colonne sur roues mod. 1200 - Talleres Foro\",\"isPartOf\":{\"@id\":\"https:\\\/\\\/www.talleresforo.com\\\/#website\"},\"primaryImageOfPage\":{\"@id\":\"https:\\\/\\\/www.talleresforo.com\\\/producto\\\/agitador-lento-sobre-ruedas-de-columna-mod-1200\\\/#primaryimage\"},\"image\":{\"@id\":\"https:\\\/\\\/www.talleresforo.com\\\/producto\\\/agitador-lento-sobre-ruedas-de-columna-mod-1200\\\/#primaryimage\"},\"thumbnailUrl\":\"https:\\\/\\\/www.talleresforo.com\\\/wp-content\\\/uploads\\\/2024\\\/07\\\/AGITADOR-COLUMNA-PALASbr.jpg\",\"datePublished\":\"2025-08-13T09:08:57+00:00\",\"dateModified\":\"2026-03-13T06:59:30+00:00\",\"breadcrumb\":{\"@id\":\"https:\\\/\\\/www.talleresforo.com\\\/producto\\\/agitador-lento-sobre-ruedas-de-columna-mod-1200\\\/#breadcrumb\"},\"inLanguage\":\"fr-FR\",\"potentialAction\":[{\"@type\":\"ReadAction\",\"target\":[\"https:\\\/\\\/www.talleresforo.com\\\/producto\\\/agitador-lento-sobre-ruedas-de-columna-mod-1200\\\/\"]}]},{\"@type\":\"ImageObject\",\"inLanguage\":\"fr-FR\",\"@id\":\"https:\\\/\\\/www.talleresforo.com\\\/producto\\\/agitador-lento-sobre-ruedas-de-columna-mod-1200\\\/#primaryimage\",\"url\":\"https:\\\/\\\/www.talleresforo.com\\\/wp-content\\\/uploads\\\/2024\\\/07\\\/AGITADOR-COLUMNA-PALASbr.jpg\",\"contentUrl\":\"https:\\\/\\\/www.talleresforo.com\\\/wp-content\\\/uploads\\\/2024\\\/07\\\/AGITADOR-COLUMNA-PALASbr.jpg\",\"width\":450,\"height\":693},{\"@type\":\"BreadcrumbList\",\"@id\":\"https:\\\/\\\/www.talleresforo.com\\\/producto\\\/agitador-lento-sobre-ruedas-de-columna-mod-1200\\\/#breadcrumb\",\"itemListElement\":[{\"@type\":\"ListItem\",\"position\":1,\"name\":\"Portada\",\"item\":\"https:\\\/\\\/www.talleresforo.com\\\/fr\\\/\"},{\"@type\":\"ListItem\",\"position\":2,\"name\":\"Boutique\",\"item\":\"https:\\\/\\\/www.talleresforo.com\\\/fr\\\/boutique\\\/\"},{\"@type\":\"ListItem\",\"position\":3,\"name\":\"Agitateur de colonne sur roues mod. 1200\"}]},{\"@type\":\"WebSite\",\"@id\":\"https:\\\/\\\/www.talleresforo.com\\\/#website\",\"url\":\"https:\\\/\\\/www.talleresforo.com\\\/\",\"name\":\"Talleres Foro\",\"description\":\"Glazing lines for ceramics\",\"publisher\":{\"@id\":\"https:\\\/\\\/www.talleresforo.com\\\/#organization\"},\"potentialAction\":[{\"@type\":\"SearchAction\",\"target\":{\"@type\":\"EntryPoint\",\"urlTemplate\":\"https:\\\/\\\/www.talleresforo.com\\\/?s={search_term_string}\"},\"query-input\":{\"@type\":\"PropertyValueSpecification\",\"valueRequired\":true,\"valueName\":\"search_term_string\"}}],\"inLanguage\":\"fr-FR\"},{\"@type\":\"Organization\",\"@id\":\"https:\\\/\\\/www.talleresforo.com\\\/#organization\",\"name\":\"Talleres Foro\",\"url\":\"https:\\\/\\\/www.talleresforo.com\\\/\",\"logo\":{\"@type\":\"ImageObject\",\"inLanguage\":\"fr-FR\",\"@id\":\"https:\\\/\\\/www.talleresforo.com\\\/#\\\/schema\\\/logo\\\/image\\\/\",\"url\":\"https:\\\/\\\/www.talleresforo.com\\\/wp-content\\\/uploads\\\/2025\\\/09\\\/logo-principal.png\",\"contentUrl\":\"https:\\\/\\\/www.talleresforo.com\\\/wp-content\\\/uploads\\\/2025\\\/09\\\/logo-principal.png\",\"width\":1100,\"height\":510,\"caption\":\"Talleres Foro\"},\"image\":{\"@id\":\"https:\\\/\\\/www.talleresforo.com\\\/#\\\/schema\\\/logo\\\/image\\\/\"}}]}<\/script>\n<!-- \/ Yoast SEO plugin. -->","yoast_head_json":{"title":"Agitateur de colonne sur roues mod. 1200 - Talleres Foro","robots":{"index":"index","follow":"follow","max-snippet":"max-snippet:-1","max-image-preview":"max-image-preview:large","max-video-preview":"max-video-preview:-1"},"canonical":"https:\/\/www.talleresforo.com\/producto\/agitador-lento-sobre-ruedas-de-columna-mod-1200\/","og_locale":"fr_FR","og_type":"article","og_title":"Agitateur de colonne sur roues mod. 1200 - Talleres Foro","og_description":"Con\u00e7u pour remuer d\u00e9licatement les gla\u00e7ures de stockage dans les cuves avant utilisation, mont\u00e9 sur une base \u00e0 roulettes, dont deux pivotantes avec freins, levage et abaissement manuels, avec contrepoids interne pour faciliter l'utilisation. Lames et arbre en acier inoxydable. Palettes r\u00e9glables en hauteurHauteur utile : 1600 mm.hauteur libre en position relev\u00e9e : 1300 mm.","og_url":"https:\/\/www.talleresforo.com\/producto\/agitador-lento-sobre-ruedas-de-columna-mod-1200\/","og_site_name":"Talleres Foro","article_modified_time":"2026-03-13T06:59:30+00:00","og_image":[{"width":450,"height":693,"url":"https:\/\/www.talleresforo.com\/wp-content\/uploads\/2024\/07\/AGITADOR-COLUMNA-PALASbr.jpg","type":"image\/jpeg"}],"twitter_card":"summary_large_image","schema":{"@context":"https:\/\/schema.org","@graph":[{"@type":"WebPage","@id":"https:\/\/www.talleresforo.com\/producto\/agitador-lento-sobre-ruedas-de-columna-mod-1200\/","url":"https:\/\/www.talleresforo.com\/producto\/agitador-lento-sobre-ruedas-de-columna-mod-1200\/","name":"Agitateur de colonne sur roues mod. 1200 - Talleres Foro","isPartOf":{"@id":"https:\/\/www.talleresforo.com\/#website"},"primaryImageOfPage":{"@id":"https:\/\/www.talleresforo.com\/producto\/agitador-lento-sobre-ruedas-de-columna-mod-1200\/#primaryimage"},"image":{"@id":"https:\/\/www.talleresforo.com\/producto\/agitador-lento-sobre-ruedas-de-columna-mod-1200\/#primaryimage"},"thumbnailUrl":"https:\/\/www.talleresforo.com\/wp-content\/uploads\/2024\/07\/AGITADOR-COLUMNA-PALASbr.jpg","datePublished":"2025-08-13T09:08:57+00:00","dateModified":"2026-03-13T06:59:30+00:00","breadcrumb":{"@id":"https:\/\/www.talleresforo.com\/producto\/agitador-lento-sobre-ruedas-de-columna-mod-1200\/#breadcrumb"},"inLanguage":"fr-FR","potentialAction":[{"@type":"ReadAction","target":["https:\/\/www.talleresforo.com\/producto\/agitador-lento-sobre-ruedas-de-columna-mod-1200\/"]}]},{"@type":"ImageObject","inLanguage":"fr-FR","@id":"https:\/\/www.talleresforo.com\/producto\/agitador-lento-sobre-ruedas-de-columna-mod-1200\/#primaryimage","url":"https:\/\/www.talleresforo.com\/wp-content\/uploads\/2024\/07\/AGITADOR-COLUMNA-PALASbr.jpg","contentUrl":"https:\/\/www.talleresforo.com\/wp-content\/uploads\/2024\/07\/AGITADOR-COLUMNA-PALASbr.jpg","width":450,"height":693},{"@type":"BreadcrumbList","@id":"https:\/\/www.talleresforo.com\/producto\/agitador-lento-sobre-ruedas-de-columna-mod-1200\/#breadcrumb","itemListElement":[{"@type":"ListItem","position":1,"name":"Portada","item":"https:\/\/www.talleresforo.com\/fr\/"},{"@type":"ListItem","position":2,"name":"Boutique","item":"https:\/\/www.talleresforo.com\/fr\/boutique\/"},{"@type":"ListItem","position":3,"name":"Agitateur de colonne sur roues mod. 1200"}]},{"@type":"WebSite","@id":"https:\/\/www.talleresforo.com\/#website","url":"https:\/\/www.talleresforo.com\/","name":"Talleres Foro","description":"Glazing lines for ceramics","publisher":{"@id":"https:\/\/www.talleresforo.com\/#organization"},"potentialAction":[{"@type":"SearchAction","target":{"@type":"EntryPoint","urlTemplate":"https:\/\/www.talleresforo.com\/?s={search_term_string}"},"query-input":{"@type":"PropertyValueSpecification","valueRequired":true,"valueName":"search_term_string"}}],"inLanguage":"fr-FR"},{"@type":"Organization","@id":"https:\/\/www.talleresforo.com\/#organization","name":"Talleres Foro","url":"https:\/\/www.talleresforo.com\/","logo":{"@type":"ImageObject","inLanguage":"fr-FR","@id":"https:\/\/www.talleresforo.com\/#\/schema\/logo\/image\/","url":"https:\/\/www.talleresforo.com\/wp-content\/uploads\/2025\/09\/logo-principal.png","contentUrl":"https:\/\/www.talleresforo.com\/wp-content\/uploads\/2025\/09\/logo-principal.png","width":1100,"height":510,"caption":"Talleres Foro"},"image":{"@id":"https:\/\/www.talleresforo.com\/#\/schema\/logo\/image\/"}}]}},"_links":{"self":[{"href":"https:\/\/www.talleresforo.com\/fr\/wp-json\/wp\/v2\/product\/1418","targetHints":{"allow":["GET"]}}],"collection":[{"href":"https:\/\/www.talleresforo.com\/fr\/wp-json\/wp\/v2\/product"}],"about":[{"href":"https:\/\/www.talleresforo.com\/fr\/wp-json\/wp\/v2\/types\/product"}],"wp:featuredmedia":[{"embeddable":true,"href":"https:\/\/www.talleresforo.com\/fr\/wp-json\/wp\/v2\/media\/2308"}],"wp:attachment":[{"href":"https:\/\/www.talleresforo.com\/fr\/wp-json\/wp\/v2\/media?parent=1418"}],"wp:term":[{"taxonomy":"product_brand","embeddable":true,"href":"https:\/\/www.talleresforo.com\/fr\/wp-json\/wp\/v2\/product_brand?post=1418"},{"taxonomy":"product_cat","embeddable":true,"href":"https:\/\/www.talleresforo.com\/fr\/wp-json\/wp\/v2\/product_cat?post=1418"},{"taxonomy":"product_tag","embeddable":true,"href":"https:\/\/www.talleresforo.com\/fr\/wp-json\/wp\/v2\/product_tag?post=1418"}],"curies":[{"name":"wp","href":"https:\/\/api.w.org\/{rel}","templated":true}]}}