{"id":1432,"date":"2024-07-15T11:08:58","date_gmt":"2024-07-15T09:08:58","guid":{"rendered":"https:\/\/foro.delfrom.com\/producto\/dispositif-de-controle-de-la-densite-de-lemail-controle-de-la-densite\/"},"modified":"2025-03-26T17:25:29","modified_gmt":"2025-03-26T16:25:29","slug":"dispositif-de-controle-de-la-densite-de-lemail-controle-de-la-densite","status":"publish","type":"product","link":"https:\/\/www.talleresforo.com\/fr\/producto\/dispositif-de-controle-de-la-densite-de-lemail-controle-de-la-densite\/","title":{"rendered":"SYST\u00c8ME AUTOMATIQUE POUR LE CONTR\u00d4LE DE LA DENSIT\u00c9 DENSITY CHECK"},"content":{"rendered":"<p>Density Check est un syst\u00e8me automatique pour le contr\u00f4le de suspensions c\u00e9ramiques sur une base aqueuse (\u00e9maux) pouvant \u00eatre dilu\u00e9s pour atteindre et maintenir la densit\u00e9 ad\u00e9quate sur n\u2019importe quelle application d\u2019emaillage (pompe airless, fili\u00e8re \u00e0 pression, applicateur \u00e0 disque ou \u00e0 cloche, etc\u2026).<br \/>\nLa machine est con\u00e7ue pour s\u2019adapter \u00e0 l\u2019\u00e9quipement existant sur la ligne d\u2019\u00e9maillage et pour contenir\u00a0 toute d\u00e9pense additionnelle (\u00e9vitant l\u2019achat d\u2019autres \u00e9quipements nouveaux d\u00e9di\u00e9s \u00e0 l\u2019appareil).<br \/>\nFaite en inox et avec protection IP65 dans son partie \u00e9lectrique.<br \/>\nDensity Check est disponible en 3 versions: +Water EVO \/ +Water +Glaze EVO \/ FULL DENSITY CHECK<\/p>\n","protected":false},"excerpt":{"rendered":"<p>Density Check est un syst\u00e8me automatique con\u00e7u pour le contr\u00f4le des suspensions utilis\u00e9es dans les c\u00e9ramiques \u00e0 base d&rsquo;eau.\u00a0 La machine est con\u00e7ue pour \u00eatre adapt\u00e9e \u00e0 l&rsquo;\u00e9quipement existant dans la ligne de vitrage afin de limiter l&rsquo;investissement du client (en \u00e9vitant la n\u00e9cessit\u00e9 d&rsquo;acheter d&rsquo;autres \u00e9quipements d\u00e9di\u00e9s \u00e0 l&rsquo;appareil). Le Density Check est disponible en 3 versions : +Water EVO \/ +Water +Glaze EVO \/ FULL DENSITY CHECK.<\/p>\n","protected":false},"featured_media":2075,"template":"","meta":{"site-sidebar-layout":"default","site-content-layout":"default","ast-site-content-layout":"default","site-content-style":"default","site-sidebar-style":"default","ast-global-header-display":"","ast-banner-title-visibility":"","ast-main-header-display":"","ast-hfb-above-header-display":"","ast-hfb-below-header-display":"","ast-hfb-mobile-header-display":"","site-post-title":"","ast-breadcrumbs-content":"","ast-featured-img":"","footer-sml-layout":"","ast-disable-related-posts":"","theme-transparent-header-meta":"default","adv-header-id-meta":"","stick-header-meta":"default","header-above-stick-meta":"","header-main-stick-meta":"","header-below-stick-meta":"","astra-migrate-meta-layouts":"default","ast-page-background-enabled":"default","ast-page-background-meta":{"desktop":{"background-color":"var(--ast-global-color-4)","background-image":"","background-repeat":"repeat","background-position":"center center","background-size":"auto","background-attachment":"scroll","background-type":"","background-media":"","overlay-type":"","overlay-color":"","overlay-opacity":"","overlay-gradient":""},"tablet":{"background-color":"","background-image":"","background-repeat":"repeat","background-position":"center center","background-size":"auto","background-attachment":"scroll","background-type":"","background-media":"","overlay-type":"","overlay-color":"","overlay-opacity":"","overlay-gradient":""},"mobile":{"background-color":"","background-image":"","background-repeat":"repeat","background-position":"center center","background-size":"auto","background-attachment":"scroll","background-type":"","background-media":"","overlay-type":"","overlay-color":"","overlay-opacity":"","overlay-gradient":""}},"ast-content-background-meta":{"desktop":{"background-color":"var(--ast-global-color-5)","background-image":"","background-repeat":"repeat","background-position":"center center","background-size":"auto","background-attachment":"scroll","background-type":"","background-media":"","overlay-type":"","overlay-color":"","overlay-opacity":"","overlay-gradient":""},"tablet":{"background-color":"var(--ast-global-color-5)","background-image":"","background-repeat":"repeat","background-position":"center center","background-size":"auto","background-attachment":"scroll","background-type":"","background-media":"","overlay-type":"","overlay-color":"","overlay-opacity":"","overlay-gradient":""},"mobile":{"background-color":"var(--ast-global-color-5)","background-image":"","background-repeat":"repeat","background-position":"center center","background-size":"auto","background-attachment":"scroll","background-type":"","background-media":"","overlay-type":"","overlay-color":"","overlay-opacity":"","overlay-gradient":""}}},"product_brand":[],"product_cat":[41,105],"product_tag":[],"class_list":{"0":"post-1432","1":"product","2":"type-product","3":"status-publish","4":"has-post-thumbnail","6":"product_cat-lignes-de-vitrage-industrie-de-la-ceramique-fr","7":"product_cat-systemes-demaillage-et-elements-auxiliaires-fr","8":"desktop-align-left","9":"tablet-align-left","10":"mobile-align-left","12":"first","13":"instock","14":"shipping-taxable","15":"product-type-simple"},"yoast_head":"<!-- This site is optimized with the Yoast SEO plugin v27.5 - https:\/\/yoast.com\/product\/yoast-seo-wordpress\/ -->\n<title>SYST\u00c8ME AUTOMATIQUE POUR LE CONTR\u00d4LE DE LA DENSIT\u00c9 DENSITY CHECK - Talleres Foro<\/title>\n<meta name=\"robots\" content=\"index, follow, max-snippet:-1, max-image-preview:large, max-video-preview:-1\" \/>\n<link rel=\"canonical\" href=\"https:\/\/www.talleresforo.com\/?post_type=product&p=1213\" \/>\n<meta property=\"og:locale\" content=\"fr_FR\" \/>\n<meta property=\"og:type\" content=\"article\" \/>\n<meta property=\"og:title\" content=\"SYST\u00c8ME AUTOMATIQUE POUR LE CONTR\u00d4LE DE LA DENSIT\u00c9 DENSITY CHECK - Talleres Foro\" \/>\n<meta property=\"og:description\" content=\"Density Check est un syst\u00e8me automatique con\u00e7u pour le contr\u00f4le des suspensions utilis\u00e9es dans les c\u00e9ramiques \u00e0 base d&#039;eau.\u00a0 La machine est con\u00e7ue pour \u00eatre adapt\u00e9e \u00e0 l&#039;\u00e9quipement existant dans la ligne de vitrage afin de limiter l&#039;investissement du client (en \u00e9vitant la n\u00e9cessit\u00e9 d&#039;acheter d&#039;autres \u00e9quipements d\u00e9di\u00e9s \u00e0 l&#039;appareil). Le Density Check est disponible en 3 versions : +Water EVO \/ +Water +Glaze EVO \/ FULL DENSITY CHECK.\" \/>\n<meta property=\"og:url\" content=\"https:\/\/www.talleresforo.com\/?post_type=product&amp;p=1213\" \/>\n<meta property=\"og:site_name\" content=\"Talleres Foro\" \/>\n<meta property=\"article:modified_time\" content=\"2025-03-26T16:25:29+00:00\" \/>\n<meta property=\"og:image\" content=\"https:\/\/www.talleresforo.com\/wp-content\/uploads\/2024\/07\/DCHCKWATERGLAZEF22BR.jpg\" \/>\n\t<meta property=\"og:image:width\" content=\"526\" \/>\n\t<meta property=\"og:image:height\" content=\"510\" \/>\n\t<meta property=\"og:image:type\" content=\"image\/jpeg\" \/>\n<meta name=\"twitter:card\" content=\"summary_large_image\" \/>\n<meta name=\"twitter:label1\" content=\"Dur\u00e9e de lecture estim\u00e9e\" \/>\n\t<meta name=\"twitter:data1\" content=\"1 minute\" \/>\n<script type=\"application\/ld+json\" class=\"yoast-schema-graph\">{\"@context\":\"https:\\\/\\\/schema.org\",\"@graph\":[{\"@type\":\"WebPage\",\"@id\":\"https:\\\/\\\/www.talleresforo.com\\\/?post_type=product&p=1213\",\"url\":\"https:\\\/\\\/www.talleresforo.com\\\/?post_type=product&p=1213\",\"name\":\"SYST\u00c8ME AUTOMATIQUE POUR LE CONTR\u00d4LE DE LA DENSIT\u00c9 DENSITY CHECK - Talleres Foro\",\"isPartOf\":{\"@id\":\"https:\\\/\\\/www.talleresforo.com\\\/#website\"},\"primaryImageOfPage\":{\"@id\":\"https:\\\/\\\/www.talleresforo.com\\\/?post_type=product&p=1213#primaryimage\"},\"image\":{\"@id\":\"https:\\\/\\\/www.talleresforo.com\\\/?post_type=product&p=1213#primaryimage\"},\"thumbnailUrl\":\"https:\\\/\\\/www.talleresforo.com\\\/wp-content\\\/uploads\\\/2024\\\/07\\\/DCHCKWATERGLAZEF22BR.jpg\",\"datePublished\":\"2024-07-15T09:08:58+00:00\",\"dateModified\":\"2025-03-26T16:25:29+00:00\",\"breadcrumb\":{\"@id\":\"https:\\\/\\\/www.talleresforo.com\\\/?post_type=product&p=1213#breadcrumb\"},\"inLanguage\":\"fr-FR\",\"potentialAction\":[{\"@type\":\"ReadAction\",\"target\":[\"https:\\\/\\\/www.talleresforo.com\\\/?post_type=product&p=1213\"]}]},{\"@type\":\"ImageObject\",\"inLanguage\":\"fr-FR\",\"@id\":\"https:\\\/\\\/www.talleresforo.com\\\/?post_type=product&p=1213#primaryimage\",\"url\":\"https:\\\/\\\/www.talleresforo.com\\\/wp-content\\\/uploads\\\/2024\\\/07\\\/DCHCKWATERGLAZEF22BR.jpg\",\"contentUrl\":\"https:\\\/\\\/www.talleresforo.com\\\/wp-content\\\/uploads\\\/2024\\\/07\\\/DCHCKWATERGLAZEF22BR.jpg\",\"width\":526,\"height\":510},{\"@type\":\"BreadcrumbList\",\"@id\":\"https:\\\/\\\/www.talleresforo.com\\\/?post_type=product&p=1213#breadcrumb\",\"itemListElement\":[{\"@type\":\"ListItem\",\"position\":1,\"name\":\"Portada\",\"item\":\"https:\\\/\\\/www.talleresforo.com\\\/fr\\\/\"},{\"@type\":\"ListItem\",\"position\":2,\"name\":\"Boutique\",\"item\":\"https:\\\/\\\/www.talleresforo.com\\\/fr\\\/boutique\\\/\"},{\"@type\":\"ListItem\",\"position\":3,\"name\":\"SYST\u00c8ME AUTOMATIQUE POUR LE CONTR\u00d4LE DE LA DENSIT\u00c9 DENSITY CHECK\"}]},{\"@type\":\"WebSite\",\"@id\":\"https:\\\/\\\/www.talleresforo.com\\\/#website\",\"url\":\"https:\\\/\\\/www.talleresforo.com\\\/\",\"name\":\"Talleres Foro\",\"description\":\"Glazing lines for ceramics\",\"publisher\":{\"@id\":\"https:\\\/\\\/www.talleresforo.com\\\/#organization\"},\"potentialAction\":[{\"@type\":\"SearchAction\",\"target\":{\"@type\":\"EntryPoint\",\"urlTemplate\":\"https:\\\/\\\/www.talleresforo.com\\\/?s={search_term_string}\"},\"query-input\":{\"@type\":\"PropertyValueSpecification\",\"valueRequired\":true,\"valueName\":\"search_term_string\"}}],\"inLanguage\":\"fr-FR\"},{\"@type\":\"Organization\",\"@id\":\"https:\\\/\\\/www.talleresforo.com\\\/#organization\",\"name\":\"Talleres Foro\",\"url\":\"https:\\\/\\\/www.talleresforo.com\\\/\",\"logo\":{\"@type\":\"ImageObject\",\"inLanguage\":\"fr-FR\",\"@id\":\"https:\\\/\\\/www.talleresforo.com\\\/#\\\/schema\\\/logo\\\/image\\\/\",\"url\":\"https:\\\/\\\/www.talleresforo.com\\\/wp-content\\\/uploads\\\/2025\\\/09\\\/logo-principal.png\",\"contentUrl\":\"https:\\\/\\\/www.talleresforo.com\\\/wp-content\\\/uploads\\\/2025\\\/09\\\/logo-principal.png\",\"width\":1100,\"height\":510,\"caption\":\"Talleres Foro\"},\"image\":{\"@id\":\"https:\\\/\\\/www.talleresforo.com\\\/#\\\/schema\\\/logo\\\/image\\\/\"}}]}<\/script>\n<!-- \/ Yoast SEO plugin. -->","yoast_head_json":{"title":"SYST\u00c8ME AUTOMATIQUE POUR LE CONTR\u00d4LE DE LA DENSIT\u00c9 DENSITY CHECK - Talleres Foro","robots":{"index":"index","follow":"follow","max-snippet":"max-snippet:-1","max-image-preview":"max-image-preview:large","max-video-preview":"max-video-preview:-1"},"canonical":"https:\/\/www.talleresforo.com\/?post_type=product&p=1213","og_locale":"fr_FR","og_type":"article","og_title":"SYST\u00c8ME AUTOMATIQUE POUR LE CONTR\u00d4LE DE LA DENSIT\u00c9 DENSITY CHECK - Talleres Foro","og_description":"Density Check est un syst\u00e8me automatique con\u00e7u pour le contr\u00f4le des suspensions utilis\u00e9es dans les c\u00e9ramiques \u00e0 base d'eau.\u00a0 La machine est con\u00e7ue pour \u00eatre adapt\u00e9e \u00e0 l'\u00e9quipement existant dans la ligne de vitrage afin de limiter l'investissement du client (en \u00e9vitant la n\u00e9cessit\u00e9 d'acheter d'autres \u00e9quipements d\u00e9di\u00e9s \u00e0 l'appareil). Le Density Check est disponible en 3 versions : +Water EVO \/ +Water +Glaze EVO \/ FULL DENSITY CHECK.","og_url":"https:\/\/www.talleresforo.com\/?post_type=product&p=1213","og_site_name":"Talleres Foro","article_modified_time":"2025-03-26T16:25:29+00:00","og_image":[{"width":526,"height":510,"url":"https:\/\/www.talleresforo.com\/wp-content\/uploads\/2024\/07\/DCHCKWATERGLAZEF22BR.jpg","type":"image\/jpeg"}],"twitter_card":"summary_large_image","twitter_misc":{"Dur\u00e9e de lecture estim\u00e9e":"1 minute"},"schema":{"@context":"https:\/\/schema.org","@graph":[{"@type":"WebPage","@id":"https:\/\/www.talleresforo.com\/?post_type=product&p=1213","url":"https:\/\/www.talleresforo.com\/?post_type=product&p=1213","name":"SYST\u00c8ME AUTOMATIQUE POUR LE CONTR\u00d4LE DE LA DENSIT\u00c9 DENSITY CHECK - Talleres Foro","isPartOf":{"@id":"https:\/\/www.talleresforo.com\/#website"},"primaryImageOfPage":{"@id":"https:\/\/www.talleresforo.com\/?post_type=product&p=1213#primaryimage"},"image":{"@id":"https:\/\/www.talleresforo.com\/?post_type=product&p=1213#primaryimage"},"thumbnailUrl":"https:\/\/www.talleresforo.com\/wp-content\/uploads\/2024\/07\/DCHCKWATERGLAZEF22BR.jpg","datePublished":"2024-07-15T09:08:58+00:00","dateModified":"2025-03-26T16:25:29+00:00","breadcrumb":{"@id":"https:\/\/www.talleresforo.com\/?post_type=product&p=1213#breadcrumb"},"inLanguage":"fr-FR","potentialAction":[{"@type":"ReadAction","target":["https:\/\/www.talleresforo.com\/?post_type=product&p=1213"]}]},{"@type":"ImageObject","inLanguage":"fr-FR","@id":"https:\/\/www.talleresforo.com\/?post_type=product&p=1213#primaryimage","url":"https:\/\/www.talleresforo.com\/wp-content\/uploads\/2024\/07\/DCHCKWATERGLAZEF22BR.jpg","contentUrl":"https:\/\/www.talleresforo.com\/wp-content\/uploads\/2024\/07\/DCHCKWATERGLAZEF22BR.jpg","width":526,"height":510},{"@type":"BreadcrumbList","@id":"https:\/\/www.talleresforo.com\/?post_type=product&p=1213#breadcrumb","itemListElement":[{"@type":"ListItem","position":1,"name":"Portada","item":"https:\/\/www.talleresforo.com\/fr\/"},{"@type":"ListItem","position":2,"name":"Boutique","item":"https:\/\/www.talleresforo.com\/fr\/boutique\/"},{"@type":"ListItem","position":3,"name":"SYST\u00c8ME AUTOMATIQUE POUR LE CONTR\u00d4LE DE LA DENSIT\u00c9 DENSITY CHECK"}]},{"@type":"WebSite","@id":"https:\/\/www.talleresforo.com\/#website","url":"https:\/\/www.talleresforo.com\/","name":"Talleres Foro","description":"Glazing lines for ceramics","publisher":{"@id":"https:\/\/www.talleresforo.com\/#organization"},"potentialAction":[{"@type":"SearchAction","target":{"@type":"EntryPoint","urlTemplate":"https:\/\/www.talleresforo.com\/?s={search_term_string}"},"query-input":{"@type":"PropertyValueSpecification","valueRequired":true,"valueName":"search_term_string"}}],"inLanguage":"fr-FR"},{"@type":"Organization","@id":"https:\/\/www.talleresforo.com\/#organization","name":"Talleres Foro","url":"https:\/\/www.talleresforo.com\/","logo":{"@type":"ImageObject","inLanguage":"fr-FR","@id":"https:\/\/www.talleresforo.com\/#\/schema\/logo\/image\/","url":"https:\/\/www.talleresforo.com\/wp-content\/uploads\/2025\/09\/logo-principal.png","contentUrl":"https:\/\/www.talleresforo.com\/wp-content\/uploads\/2025\/09\/logo-principal.png","width":1100,"height":510,"caption":"Talleres Foro"},"image":{"@id":"https:\/\/www.talleresforo.com\/#\/schema\/logo\/image\/"}}]}},"_links":{"self":[{"href":"https:\/\/www.talleresforo.com\/fr\/wp-json\/wp\/v2\/product\/1432","targetHints":{"allow":["GET"]}}],"collection":[{"href":"https:\/\/www.talleresforo.com\/fr\/wp-json\/wp\/v2\/product"}],"about":[{"href":"https:\/\/www.talleresforo.com\/fr\/wp-json\/wp\/v2\/types\/product"}],"wp:featuredmedia":[{"embeddable":true,"href":"https:\/\/www.talleresforo.com\/fr\/wp-json\/wp\/v2\/media\/2075"}],"wp:attachment":[{"href":"https:\/\/www.talleresforo.com\/fr\/wp-json\/wp\/v2\/media?parent=1432"}],"wp:term":[{"taxonomy":"product_brand","embeddable":true,"href":"https:\/\/www.talleresforo.com\/fr\/wp-json\/wp\/v2\/product_brand?post=1432"},{"taxonomy":"product_cat","embeddable":true,"href":"https:\/\/www.talleresforo.com\/fr\/wp-json\/wp\/v2\/product_cat?post=1432"},{"taxonomy":"product_tag","embeddable":true,"href":"https:\/\/www.talleresforo.com\/fr\/wp-json\/wp\/v2\/product_tag?post=1432"}],"curies":[{"name":"wp","href":"https:\/\/api.w.org\/{rel}","templated":true}]}}