{"id":1434,"date":"2025-08-17T11:08:58","date_gmt":"2025-08-17T09:08:58","guid":{"rendered":"https:\/\/foro.delfrom.com\/producto\/granulateur-a-levage-mecanique-f-130\/"},"modified":"2026-03-12T17:32:51","modified_gmt":"2026-03-12T16:32:51","slug":"granulateur-a-levage-mecanique-f-130","status":"publish","type":"product","link":"https:\/\/www.talleresforo.com\/fr\/producto\/granulateur-a-levage-mecanique-f-130\/","title":{"rendered":"Machine pour l\u2019application de granille F-130 avec \u00e9l\u00e9vation mecanique"},"content":{"rendered":"<p>Dessin\u00e9e pour l\u2019application homog\u00e8ne de l\u2019\u00e9mail granulaire sec sur des carreaux de grand format \u00e0 travers un rouleau chagrin\u00e9. Elle a la possibilit\u00e9 d\u2019hi coupler un aspirateur de la<br \/>\ngranille avec r\u00e9cup\u00e9ration automatique pour des applications avec colle au pr\u00e9alable.<br \/>\nLe r\u00e9glage interne du grammage est faite moyennant deuxvariables : variation manuelle de l\u2019ouverture du rideau et modification de la vitesse de rotation du rouleau d\u2019application<br \/>\nmoyennant l\u2019inverter. De fa\u00e7on additionnelle, la vitesse des courroies de transport peut aussi \u00eatre chang\u00e9e.<br \/>\nCe triple r\u00e9glage permet l\u2019application d\u2019un grand rang de grammages d\u2019applications l\u00e9g\u00e8res en matte\/lucide \u00e0 applications totales de plusieurs millim\u00e8tres d\u2019\u00e9paisseur pour un polissage<br \/>\npost\u00e9rieur.<br \/>\nElle inclut un syst\u00e8me m\u00e9canique d\u2019\u00e9l\u00e9vation et r\u00e9cup\u00e9ration de la granille \u00e0 travers sa tr\u00e9mie inferieure, qui reprend la granille et l\u2019\u00e9l\u00e8ve jusqu\u2019\u00e0 la tr\u00e9mie sup\u00e9rieure, en combinant les<br \/>\navantages suivants :<br \/>\n\u2022 Elimination de l\u2019usure et la grande maintenance de l\u2019\u00e9l\u00e9vation \u00e0 godets.<br \/>\n\u2022 Elimination de la maintenance et frais \u00e9nerg\u00e9tique de l\u2019\u00e9l\u00e9vation \u00e0 pompe ou transport pneumatique.<br \/>\n\u2022 Elimination de la d\u00e9sagr\u00e9gation de particules de granille des syst\u00e8mes \u00e0 godets ou pneumatiques.<br \/>\nLa machine offre la possibilit\u00e9 du rechargement manuel ou de fa\u00e7on optionnelle avec un syst\u00e8me de d\u00e9chargement des big bags, toujours \u00e0 travers sa tr\u00e9mie inferieure.<br \/>\nSon tableau \u00e9lectrique comprend 4 inverters, un PLC de programmation \u00e0 36 entr\u00e9es\/24 sorties, un \u00e9cran de 3,5 \u00bb en couleur et relai de s\u00e9curit\u00e9.<br \/>\nL\u2019installation de s\u00e9curit\u00e9 comprend un micro sur la porte d\u2019acc\u00e8s \u00e0 l\u2019\u00e9l\u00e9vateur.<\/p>\n","protected":false},"excerpt":{"rendered":"<p>Con\u00e7u pour appliquer la gla\u00e7ure granul\u00e9e de mani\u00e8re homog\u00e8ne (plein champ) sur des carreaux de grand format \u00e0 l&rsquo;aide d&rsquo;un rouleau.<\/p>\n<p>R\u00e9gulation interne du grammage \u00e0 appliquer en variant l&rsquo;ouverture et la vitesse du filet ou des tuiles.<\/p>\n<p>Syst\u00e8me m\u00e9canique de levage et de r\u00e9cup\u00e9ration des granul\u00e9s exc\u00e9dentaires au moyen d&rsquo;une tr\u00e9mie de collecte qui recueille le mat\u00e9riau de la tr\u00e9mie inf\u00e9rieure et le transporte vers la tr\u00e9mie d&rsquo;application sup\u00e9rieure.<\/p>\n","protected":false},"featured_media":2215,"template":"","meta":{"site-sidebar-layout":"default","site-content-layout":"default","ast-site-content-layout":"default","site-content-style":"default","site-sidebar-style":"default","ast-global-header-display":"","ast-banner-title-visibility":"","ast-main-header-display":"","ast-hfb-above-header-display":"","ast-hfb-below-header-display":"","ast-hfb-mobile-header-display":"","site-post-title":"","ast-breadcrumbs-content":"","ast-featured-img":"","footer-sml-layout":"","ast-disable-related-posts":"","theme-transparent-header-meta":"default","adv-header-id-meta":"","stick-header-meta":"default","header-above-stick-meta":"","header-main-stick-meta":"","header-below-stick-meta":"","astra-migrate-meta-layouts":"set","ast-page-background-enabled":"default","ast-page-background-meta":{"desktop":{"background-color":"var(--ast-global-color-4)","background-image":"","background-repeat":"repeat","background-position":"center center","background-size":"auto","background-attachment":"scroll","background-type":"","background-media":"","overlay-type":"","overlay-color":"","overlay-opacity":"","overlay-gradient":""},"tablet":{"background-color":"","background-image":"","background-repeat":"repeat","background-position":"center center","background-size":"auto","background-attachment":"scroll","background-type":"","background-media":"","overlay-type":"","overlay-color":"","overlay-opacity":"","overlay-gradient":""},"mobile":{"background-color":"","background-image":"","background-repeat":"repeat","background-position":"center center","background-size":"auto","background-attachment":"scroll","background-type":"","background-media":"","overlay-type":"","overlay-color":"","overlay-opacity":"","overlay-gradient":""}},"ast-content-background-meta":{"desktop":{"background-color":"var(--ast-global-color-5)","background-image":"","background-repeat":"repeat","background-position":"center center","background-size":"auto","background-attachment":"scroll","background-type":"","background-media":"","overlay-type":"","overlay-color":"","overlay-opacity":"","overlay-gradient":""},"tablet":{"background-color":"var(--ast-global-color-5)","background-image":"","background-repeat":"repeat","background-position":"center center","background-size":"auto","background-attachment":"scroll","background-type":"","background-media":"","overlay-type":"","overlay-color":"","overlay-opacity":"","overlay-gradient":""},"mobile":{"background-color":"var(--ast-global-color-5)","background-image":"","background-repeat":"repeat","background-position":"center center","background-size":"auto","background-attachment":"scroll","background-type":"","background-media":"","overlay-type":"","overlay-color":"","overlay-opacity":"","overlay-gradient":""}}},"product_brand":[],"product_cat":[41,112,121],"product_tag":[],"class_list":{"0":"post-1434","1":"product","2":"type-product","3":"status-publish","4":"has-post-thumbnail","6":"product_cat-lignes-de-vitrage-industrie-de-la-ceramique-fr","7":"product_cat-transport-et-manipulation-du-carreu-sur-ligne","8":"product_cat-application-granille","9":"desktop-align-left","10":"tablet-align-left","11":"mobile-align-left","13":"first","14":"instock","15":"shipping-taxable","16":"product-type-simple"},"yoast_head":"<!-- This site is optimized with the Yoast SEO plugin v27.5 - https:\/\/yoast.com\/product\/yoast-seo-wordpress\/ -->\n<title>Machine pour l\u2019application de granille F-130 avec \u00e9l\u00e9vation mecanique - Talleres Foro<\/title>\n<meta name=\"robots\" content=\"index, follow, max-snippet:-1, max-image-preview:large, max-video-preview:-1\" \/>\n<link rel=\"canonical\" href=\"https:\/\/www.talleresforo.com\/producto\/maquina-granilla-con-elevacion-mecanica-f-130\/\" \/>\n<meta property=\"og:locale\" content=\"fr_FR\" \/>\n<meta property=\"og:type\" content=\"article\" \/>\n<meta property=\"og:title\" content=\"Machine pour l\u2019application de granille F-130 avec \u00e9l\u00e9vation mecanique - Talleres Foro\" \/>\n<meta property=\"og:description\" content=\"Con\u00e7u pour appliquer la gla\u00e7ure granul\u00e9e de mani\u00e8re homog\u00e8ne (plein champ) sur des carreaux de grand format \u00e0 l&#039;aide d&#039;un rouleau.  R\u00e9gulation interne du grammage \u00e0 appliquer en variant l&#039;ouverture et la vitesse du filet ou des tuiles.  Syst\u00e8me m\u00e9canique de levage et de r\u00e9cup\u00e9ration des granul\u00e9s exc\u00e9dentaires au moyen d&#039;une tr\u00e9mie de collecte qui recueille le mat\u00e9riau de la tr\u00e9mie inf\u00e9rieure et le transporte vers la tr\u00e9mie d&#039;application sup\u00e9rieure.\" \/>\n<meta property=\"og:url\" content=\"https:\/\/www.talleresforo.com\/producto\/maquina-granilla-con-elevacion-mecanica-f-130\/\" \/>\n<meta property=\"og:site_name\" content=\"Talleres Foro\" \/>\n<meta property=\"article:modified_time\" content=\"2026-03-12T16:32:51+00:00\" \/>\n<meta property=\"og:image\" content=\"https:\/\/www.talleresforo.com\/wp-content\/uploads\/2024\/07\/GRANILLERA-1300-2-desat-20br.jpg\" \/>\n\t<meta property=\"og:image:width\" content=\"500\" \/>\n\t<meta property=\"og:image:height\" content=\"477\" \/>\n\t<meta property=\"og:image:type\" content=\"image\/jpeg\" \/>\n<meta name=\"twitter:card\" content=\"summary_large_image\" \/>\n<meta name=\"twitter:label1\" content=\"Dur\u00e9e de lecture estim\u00e9e\" \/>\n\t<meta name=\"twitter:data1\" content=\"1 minute\" \/>\n<script type=\"application\/ld+json\" class=\"yoast-schema-graph\">{\"@context\":\"https:\\\/\\\/schema.org\",\"@graph\":[{\"@type\":\"WebPage\",\"@id\":\"https:\\\/\\\/www.talleresforo.com\\\/producto\\\/maquina-granilla-con-elevacion-mecanica-f-130\\\/\",\"url\":\"https:\\\/\\\/www.talleresforo.com\\\/producto\\\/maquina-granilla-con-elevacion-mecanica-f-130\\\/\",\"name\":\"Machine pour l\u2019application de granille F-130 avec \u00e9l\u00e9vation mecanique - Talleres Foro\",\"isPartOf\":{\"@id\":\"https:\\\/\\\/www.talleresforo.com\\\/#website\"},\"primaryImageOfPage\":{\"@id\":\"https:\\\/\\\/www.talleresforo.com\\\/producto\\\/maquina-granilla-con-elevacion-mecanica-f-130\\\/#primaryimage\"},\"image\":{\"@id\":\"https:\\\/\\\/www.talleresforo.com\\\/producto\\\/maquina-granilla-con-elevacion-mecanica-f-130\\\/#primaryimage\"},\"thumbnailUrl\":\"https:\\\/\\\/www.talleresforo.com\\\/wp-content\\\/uploads\\\/2024\\\/07\\\/GRANILLERA-1300-2-desat-20br.jpg\",\"datePublished\":\"2025-08-17T09:08:58+00:00\",\"dateModified\":\"2026-03-12T16:32:51+00:00\",\"breadcrumb\":{\"@id\":\"https:\\\/\\\/www.talleresforo.com\\\/producto\\\/maquina-granilla-con-elevacion-mecanica-f-130\\\/#breadcrumb\"},\"inLanguage\":\"fr-FR\",\"potentialAction\":[{\"@type\":\"ReadAction\",\"target\":[\"https:\\\/\\\/www.talleresforo.com\\\/producto\\\/maquina-granilla-con-elevacion-mecanica-f-130\\\/\"]}]},{\"@type\":\"ImageObject\",\"inLanguage\":\"fr-FR\",\"@id\":\"https:\\\/\\\/www.talleresforo.com\\\/producto\\\/maquina-granilla-con-elevacion-mecanica-f-130\\\/#primaryimage\",\"url\":\"https:\\\/\\\/www.talleresforo.com\\\/wp-content\\\/uploads\\\/2024\\\/07\\\/GRANILLERA-1300-2-desat-20br.jpg\",\"contentUrl\":\"https:\\\/\\\/www.talleresforo.com\\\/wp-content\\\/uploads\\\/2024\\\/07\\\/GRANILLERA-1300-2-desat-20br.jpg\",\"width\":500,\"height\":477},{\"@type\":\"BreadcrumbList\",\"@id\":\"https:\\\/\\\/www.talleresforo.com\\\/producto\\\/maquina-granilla-con-elevacion-mecanica-f-130\\\/#breadcrumb\",\"itemListElement\":[{\"@type\":\"ListItem\",\"position\":1,\"name\":\"Portada\",\"item\":\"https:\\\/\\\/www.talleresforo.com\\\/fr\\\/\"},{\"@type\":\"ListItem\",\"position\":2,\"name\":\"Boutique\",\"item\":\"https:\\\/\\\/www.talleresforo.com\\\/fr\\\/boutique\\\/\"},{\"@type\":\"ListItem\",\"position\":3,\"name\":\"Machine pour l\u2019application de granille F-130 avec \u00e9l\u00e9vation mecanique\"}]},{\"@type\":\"WebSite\",\"@id\":\"https:\\\/\\\/www.talleresforo.com\\\/#website\",\"url\":\"https:\\\/\\\/www.talleresforo.com\\\/\",\"name\":\"Talleres Foro\",\"description\":\"Glazing lines for ceramics\",\"publisher\":{\"@id\":\"https:\\\/\\\/www.talleresforo.com\\\/#organization\"},\"potentialAction\":[{\"@type\":\"SearchAction\",\"target\":{\"@type\":\"EntryPoint\",\"urlTemplate\":\"https:\\\/\\\/www.talleresforo.com\\\/?s={search_term_string}\"},\"query-input\":{\"@type\":\"PropertyValueSpecification\",\"valueRequired\":true,\"valueName\":\"search_term_string\"}}],\"inLanguage\":\"fr-FR\"},{\"@type\":\"Organization\",\"@id\":\"https:\\\/\\\/www.talleresforo.com\\\/#organization\",\"name\":\"Talleres Foro\",\"url\":\"https:\\\/\\\/www.talleresforo.com\\\/\",\"logo\":{\"@type\":\"ImageObject\",\"inLanguage\":\"fr-FR\",\"@id\":\"https:\\\/\\\/www.talleresforo.com\\\/#\\\/schema\\\/logo\\\/image\\\/\",\"url\":\"https:\\\/\\\/www.talleresforo.com\\\/wp-content\\\/uploads\\\/2025\\\/09\\\/logo-principal.png\",\"contentUrl\":\"https:\\\/\\\/www.talleresforo.com\\\/wp-content\\\/uploads\\\/2025\\\/09\\\/logo-principal.png\",\"width\":1100,\"height\":510,\"caption\":\"Talleres Foro\"},\"image\":{\"@id\":\"https:\\\/\\\/www.talleresforo.com\\\/#\\\/schema\\\/logo\\\/image\\\/\"}}]}<\/script>\n<!-- \/ Yoast SEO plugin. -->","yoast_head_json":{"title":"Machine pour l\u2019application de granille F-130 avec \u00e9l\u00e9vation mecanique - Talleres Foro","robots":{"index":"index","follow":"follow","max-snippet":"max-snippet:-1","max-image-preview":"max-image-preview:large","max-video-preview":"max-video-preview:-1"},"canonical":"https:\/\/www.talleresforo.com\/producto\/maquina-granilla-con-elevacion-mecanica-f-130\/","og_locale":"fr_FR","og_type":"article","og_title":"Machine pour l\u2019application de granille F-130 avec \u00e9l\u00e9vation mecanique - Talleres Foro","og_description":"Con\u00e7u pour appliquer la gla\u00e7ure granul\u00e9e de mani\u00e8re homog\u00e8ne (plein champ) sur des carreaux de grand format \u00e0 l'aide d'un rouleau.  R\u00e9gulation interne du grammage \u00e0 appliquer en variant l'ouverture et la vitesse du filet ou des tuiles.  Syst\u00e8me m\u00e9canique de levage et de r\u00e9cup\u00e9ration des granul\u00e9s exc\u00e9dentaires au moyen d'une tr\u00e9mie de collecte qui recueille le mat\u00e9riau de la tr\u00e9mie inf\u00e9rieure et le transporte vers la tr\u00e9mie d'application sup\u00e9rieure.","og_url":"https:\/\/www.talleresforo.com\/producto\/maquina-granilla-con-elevacion-mecanica-f-130\/","og_site_name":"Talleres Foro","article_modified_time":"2026-03-12T16:32:51+00:00","og_image":[{"width":500,"height":477,"url":"https:\/\/www.talleresforo.com\/wp-content\/uploads\/2024\/07\/GRANILLERA-1300-2-desat-20br.jpg","type":"image\/jpeg"}],"twitter_card":"summary_large_image","twitter_misc":{"Dur\u00e9e de lecture estim\u00e9e":"1 minute"},"schema":{"@context":"https:\/\/schema.org","@graph":[{"@type":"WebPage","@id":"https:\/\/www.talleresforo.com\/producto\/maquina-granilla-con-elevacion-mecanica-f-130\/","url":"https:\/\/www.talleresforo.com\/producto\/maquina-granilla-con-elevacion-mecanica-f-130\/","name":"Machine pour l\u2019application de granille F-130 avec \u00e9l\u00e9vation mecanique - Talleres Foro","isPartOf":{"@id":"https:\/\/www.talleresforo.com\/#website"},"primaryImageOfPage":{"@id":"https:\/\/www.talleresforo.com\/producto\/maquina-granilla-con-elevacion-mecanica-f-130\/#primaryimage"},"image":{"@id":"https:\/\/www.talleresforo.com\/producto\/maquina-granilla-con-elevacion-mecanica-f-130\/#primaryimage"},"thumbnailUrl":"https:\/\/www.talleresforo.com\/wp-content\/uploads\/2024\/07\/GRANILLERA-1300-2-desat-20br.jpg","datePublished":"2025-08-17T09:08:58+00:00","dateModified":"2026-03-12T16:32:51+00:00","breadcrumb":{"@id":"https:\/\/www.talleresforo.com\/producto\/maquina-granilla-con-elevacion-mecanica-f-130\/#breadcrumb"},"inLanguage":"fr-FR","potentialAction":[{"@type":"ReadAction","target":["https:\/\/www.talleresforo.com\/producto\/maquina-granilla-con-elevacion-mecanica-f-130\/"]}]},{"@type":"ImageObject","inLanguage":"fr-FR","@id":"https:\/\/www.talleresforo.com\/producto\/maquina-granilla-con-elevacion-mecanica-f-130\/#primaryimage","url":"https:\/\/www.talleresforo.com\/wp-content\/uploads\/2024\/07\/GRANILLERA-1300-2-desat-20br.jpg","contentUrl":"https:\/\/www.talleresforo.com\/wp-content\/uploads\/2024\/07\/GRANILLERA-1300-2-desat-20br.jpg","width":500,"height":477},{"@type":"BreadcrumbList","@id":"https:\/\/www.talleresforo.com\/producto\/maquina-granilla-con-elevacion-mecanica-f-130\/#breadcrumb","itemListElement":[{"@type":"ListItem","position":1,"name":"Portada","item":"https:\/\/www.talleresforo.com\/fr\/"},{"@type":"ListItem","position":2,"name":"Boutique","item":"https:\/\/www.talleresforo.com\/fr\/boutique\/"},{"@type":"ListItem","position":3,"name":"Machine pour l\u2019application de granille F-130 avec \u00e9l\u00e9vation mecanique"}]},{"@type":"WebSite","@id":"https:\/\/www.talleresforo.com\/#website","url":"https:\/\/www.talleresforo.com\/","name":"Talleres Foro","description":"Glazing lines for ceramics","publisher":{"@id":"https:\/\/www.talleresforo.com\/#organization"},"potentialAction":[{"@type":"SearchAction","target":{"@type":"EntryPoint","urlTemplate":"https:\/\/www.talleresforo.com\/?s={search_term_string}"},"query-input":{"@type":"PropertyValueSpecification","valueRequired":true,"valueName":"search_term_string"}}],"inLanguage":"fr-FR"},{"@type":"Organization","@id":"https:\/\/www.talleresforo.com\/#organization","name":"Talleres Foro","url":"https:\/\/www.talleresforo.com\/","logo":{"@type":"ImageObject","inLanguage":"fr-FR","@id":"https:\/\/www.talleresforo.com\/#\/schema\/logo\/image\/","url":"https:\/\/www.talleresforo.com\/wp-content\/uploads\/2025\/09\/logo-principal.png","contentUrl":"https:\/\/www.talleresforo.com\/wp-content\/uploads\/2025\/09\/logo-principal.png","width":1100,"height":510,"caption":"Talleres Foro"},"image":{"@id":"https:\/\/www.talleresforo.com\/#\/schema\/logo\/image\/"}}]}},"_links":{"self":[{"href":"https:\/\/www.talleresforo.com\/fr\/wp-json\/wp\/v2\/product\/1434","targetHints":{"allow":["GET"]}}],"collection":[{"href":"https:\/\/www.talleresforo.com\/fr\/wp-json\/wp\/v2\/product"}],"about":[{"href":"https:\/\/www.talleresforo.com\/fr\/wp-json\/wp\/v2\/types\/product"}],"wp:featuredmedia":[{"embeddable":true,"href":"https:\/\/www.talleresforo.com\/fr\/wp-json\/wp\/v2\/media\/2215"}],"wp:attachment":[{"href":"https:\/\/www.talleresforo.com\/fr\/wp-json\/wp\/v2\/media?parent=1434"}],"wp:term":[{"taxonomy":"product_brand","embeddable":true,"href":"https:\/\/www.talleresforo.com\/fr\/wp-json\/wp\/v2\/product_brand?post=1434"},{"taxonomy":"product_cat","embeddable":true,"href":"https:\/\/www.talleresforo.com\/fr\/wp-json\/wp\/v2\/product_cat?post=1434"},{"taxonomy":"product_tag","embeddable":true,"href":"https:\/\/www.talleresforo.com\/fr\/wp-json\/wp\/v2\/product_tag?post=1434"}],"curies":[{"name":"wp","href":"https:\/\/api.w.org\/{rel}","templated":true}]}}