{"id":1455,"date":"2025-08-07T11:08:57","date_gmt":"2025-08-07T09:08:57","guid":{"rendered":"https:\/\/foro.delfrom.com\/producto\/souffleur-central-15-hp-2-sorties-b-720-b-800-b-1000\/"},"modified":"2026-03-12T12:13:31","modified_gmt":"2026-03-12T11:13:31","slug":"souffleur-central-15-hp-2-sorties-b-720-b-800-b-1000","status":"publish","type":"product","link":"https:\/\/www.talleresforo.com\/fr\/producto\/souffleur-central-15-hp-2-sorties-b-720-b-800-b-1000\/","title":{"rendered":"Souffleur central 1,5 cv \u00e0 double bec B-720\/B-800\/B-1000"},"content":{"rendered":"<p>Ventilateur type turbine de haute pression pour le soufflage de la surface des carreaux au long de la ligne d\u2019\u00e9maillage afin d\u2019 \u00e9liminer des impuret\u00e9s.<br \/>\nIl est muni d\u2019un support ind\u00e9pendant de la ligne d\u2019\u00e9maillage, deux becs r\u00e9glables pour diffusion et tube flexible pour l\u2019installation.<br \/>\nApportation de d\u00e9bit et pression \u00e9l\u00e9v\u00e9s.<\/p>\n","protected":false},"excerpt":{"rendered":"<p>Ventilateur de type turbine pour le d\u00e9poussi\u00e9rage et l&rsquo;\u00e9limination des impuret\u00e9s de la surface des carreaux dans la ligne de vitrage, \u00e9quip\u00e9 d&rsquo;un support ind\u00e9pendant de la ligne, d&rsquo;une double sortie r\u00e9glable et d&rsquo;un tube flexible pour son installation, la sortie \u00e9tant dirig\u00e9e vers deux buses de soufflage.<\/p>\n<p>Puissance install\u00e9e : 1,1 kW<\/p>\n<p>Tableau \u00e9lectrique inclus.<\/p>\n","protected":false},"featured_media":1826,"template":"","meta":{"site-sidebar-layout":"default","site-content-layout":"default","ast-site-content-layout":"default","site-content-style":"default","site-sidebar-style":"default","ast-global-header-display":"","ast-banner-title-visibility":"","ast-main-header-display":"","ast-hfb-above-header-display":"","ast-hfb-below-header-display":"","ast-hfb-mobile-header-display":"","site-post-title":"","ast-breadcrumbs-content":"","ast-featured-img":"","footer-sml-layout":"","ast-disable-related-posts":"","theme-transparent-header-meta":"default","adv-header-id-meta":"","stick-header-meta":"default","header-above-stick-meta":"","header-main-stick-meta":"","header-below-stick-meta":"","astra-migrate-meta-layouts":"set","ast-page-background-enabled":"default","ast-page-background-meta":{"desktop":{"background-color":"var(--ast-global-color-4)","background-image":"","background-repeat":"repeat","background-position":"center center","background-size":"auto","background-attachment":"scroll","background-type":"","background-media":"","overlay-type":"","overlay-color":"","overlay-opacity":"","overlay-gradient":""},"tablet":{"background-color":"","background-image":"","background-repeat":"repeat","background-position":"center center","background-size":"auto","background-attachment":"scroll","background-type":"","background-media":"","overlay-type":"","overlay-color":"","overlay-opacity":"","overlay-gradient":""},"mobile":{"background-color":"","background-image":"","background-repeat":"repeat","background-position":"center center","background-size":"auto","background-attachment":"scroll","background-type":"","background-media":"","overlay-type":"","overlay-color":"","overlay-opacity":"","overlay-gradient":""}},"ast-content-background-meta":{"desktop":{"background-color":"var(--ast-global-color-5)","background-image":"","background-repeat":"repeat","background-position":"center center","background-size":"auto","background-attachment":"scroll","background-type":"","background-media":"","overlay-type":"","overlay-color":"","overlay-opacity":"","overlay-gradient":""},"tablet":{"background-color":"var(--ast-global-color-5)","background-image":"","background-repeat":"repeat","background-position":"center center","background-size":"auto","background-attachment":"scroll","background-type":"","background-media":"","overlay-type":"","overlay-color":"","overlay-opacity":"","overlay-gradient":""},"mobile":{"background-color":"var(--ast-global-color-5)","background-image":"","background-repeat":"repeat","background-position":"center center","background-size":"auto","background-attachment":"scroll","background-type":"","background-media":"","overlay-type":"","overlay-color":"","overlay-opacity":"","overlay-gradient":""}}},"product_brand":[],"product_cat":[41,105],"product_tag":[],"class_list":{"0":"post-1455","1":"product","2":"type-product","3":"status-publish","4":"has-post-thumbnail","6":"product_cat-lignes-de-vitrage-industrie-de-la-ceramique-fr","7":"product_cat-systemes-demaillage-et-elements-auxiliaires-fr","8":"desktop-align-left","9":"tablet-align-left","10":"mobile-align-left","12":"first","13":"instock","14":"shipping-taxable","15":"product-type-simple"},"yoast_head":"<!-- This site is optimized with the Yoast SEO plugin v27.5 - https:\/\/yoast.com\/product\/yoast-seo-wordpress\/ -->\n<title>Souffleur central 1,5 cv \u00e0 double bec B-720\/B-800\/B-1000 - Talleres Foro<\/title>\n<meta name=\"robots\" content=\"index, follow, max-snippet:-1, max-image-preview:large, max-video-preview:-1\" \/>\n<link rel=\"canonical\" href=\"https:\/\/www.talleresforo.com\/producto\/soplador-central-15-hp-2-salidas-b-720-b-800-b-1000\/\" \/>\n<meta property=\"og:locale\" content=\"fr_FR\" \/>\n<meta property=\"og:type\" content=\"article\" \/>\n<meta property=\"og:title\" content=\"Souffleur central 1,5 cv \u00e0 double bec B-720\/B-800\/B-1000 - Talleres Foro\" \/>\n<meta property=\"og:description\" content=\"Ventilateur de type turbine pour le d\u00e9poussi\u00e9rage et l&#039;\u00e9limination des impuret\u00e9s de la surface des carreaux dans la ligne de vitrage, \u00e9quip\u00e9 d&#039;un support ind\u00e9pendant de la ligne, d&#039;une double sortie r\u00e9glable et d&#039;un tube flexible pour son installation, la sortie \u00e9tant dirig\u00e9e vers deux buses de soufflage.  Puissance install\u00e9e : 1,1 kW  Tableau \u00e9lectrique inclus.\" \/>\n<meta property=\"og:url\" content=\"https:\/\/www.talleresforo.com\/producto\/soplador-central-15-hp-2-salidas-b-720-b-800-b-1000\/\" \/>\n<meta property=\"og:site_name\" content=\"Talleres Foro\" \/>\n<meta property=\"article:modified_time\" content=\"2026-03-12T11:13:31+00:00\" \/>\n<meta property=\"og:image\" content=\"https:\/\/www.talleresforo.com\/wp-content\/uploads\/2024\/07\/SOPLADOR-DOBLE-br.jpg\" \/>\n\t<meta property=\"og:image:width\" content=\"650\" \/>\n\t<meta property=\"og:image:height\" content=\"429\" \/>\n\t<meta property=\"og:image:type\" content=\"image\/jpeg\" \/>\n<meta name=\"twitter:card\" content=\"summary_large_image\" \/>\n<script type=\"application\/ld+json\" class=\"yoast-schema-graph\">{\"@context\":\"https:\\\/\\\/schema.org\",\"@graph\":[{\"@type\":\"WebPage\",\"@id\":\"https:\\\/\\\/www.talleresforo.com\\\/producto\\\/soplador-central-15-hp-2-salidas-b-720-b-800-b-1000\\\/\",\"url\":\"https:\\\/\\\/www.talleresforo.com\\\/producto\\\/soplador-central-15-hp-2-salidas-b-720-b-800-b-1000\\\/\",\"name\":\"Souffleur central 1,5 cv \u00e0 double bec B-720\\\/B-800\\\/B-1000 - Talleres Foro\",\"isPartOf\":{\"@id\":\"https:\\\/\\\/www.talleresforo.com\\\/#website\"},\"primaryImageOfPage\":{\"@id\":\"https:\\\/\\\/www.talleresforo.com\\\/producto\\\/soplador-central-15-hp-2-salidas-b-720-b-800-b-1000\\\/#primaryimage\"},\"image\":{\"@id\":\"https:\\\/\\\/www.talleresforo.com\\\/producto\\\/soplador-central-15-hp-2-salidas-b-720-b-800-b-1000\\\/#primaryimage\"},\"thumbnailUrl\":\"https:\\\/\\\/www.talleresforo.com\\\/wp-content\\\/uploads\\\/2024\\\/07\\\/SOPLADOR-DOBLE-br.jpg\",\"datePublished\":\"2025-08-07T09:08:57+00:00\",\"dateModified\":\"2026-03-12T11:13:31+00:00\",\"breadcrumb\":{\"@id\":\"https:\\\/\\\/www.talleresforo.com\\\/producto\\\/soplador-central-15-hp-2-salidas-b-720-b-800-b-1000\\\/#breadcrumb\"},\"inLanguage\":\"fr-FR\",\"potentialAction\":[{\"@type\":\"ReadAction\",\"target\":[\"https:\\\/\\\/www.talleresforo.com\\\/producto\\\/soplador-central-15-hp-2-salidas-b-720-b-800-b-1000\\\/\"]}]},{\"@type\":\"ImageObject\",\"inLanguage\":\"fr-FR\",\"@id\":\"https:\\\/\\\/www.talleresforo.com\\\/producto\\\/soplador-central-15-hp-2-salidas-b-720-b-800-b-1000\\\/#primaryimage\",\"url\":\"https:\\\/\\\/www.talleresforo.com\\\/wp-content\\\/uploads\\\/2024\\\/07\\\/SOPLADOR-DOBLE-br.jpg\",\"contentUrl\":\"https:\\\/\\\/www.talleresforo.com\\\/wp-content\\\/uploads\\\/2024\\\/07\\\/SOPLADOR-DOBLE-br.jpg\",\"width\":650,\"height\":429},{\"@type\":\"BreadcrumbList\",\"@id\":\"https:\\\/\\\/www.talleresforo.com\\\/producto\\\/soplador-central-15-hp-2-salidas-b-720-b-800-b-1000\\\/#breadcrumb\",\"itemListElement\":[{\"@type\":\"ListItem\",\"position\":1,\"name\":\"Portada\",\"item\":\"https:\\\/\\\/www.talleresforo.com\\\/fr\\\/\"},{\"@type\":\"ListItem\",\"position\":2,\"name\":\"Boutique\",\"item\":\"https:\\\/\\\/www.talleresforo.com\\\/fr\\\/boutique\\\/\"},{\"@type\":\"ListItem\",\"position\":3,\"name\":\"Souffleur central 1,5 cv \u00e0 double bec B-720\\\/B-800\\\/B-1000\"}]},{\"@type\":\"WebSite\",\"@id\":\"https:\\\/\\\/www.talleresforo.com\\\/#website\",\"url\":\"https:\\\/\\\/www.talleresforo.com\\\/\",\"name\":\"Talleres Foro\",\"description\":\"Glazing lines for ceramics\",\"publisher\":{\"@id\":\"https:\\\/\\\/www.talleresforo.com\\\/#organization\"},\"potentialAction\":[{\"@type\":\"SearchAction\",\"target\":{\"@type\":\"EntryPoint\",\"urlTemplate\":\"https:\\\/\\\/www.talleresforo.com\\\/?s={search_term_string}\"},\"query-input\":{\"@type\":\"PropertyValueSpecification\",\"valueRequired\":true,\"valueName\":\"search_term_string\"}}],\"inLanguage\":\"fr-FR\"},{\"@type\":\"Organization\",\"@id\":\"https:\\\/\\\/www.talleresforo.com\\\/#organization\",\"name\":\"Talleres Foro\",\"url\":\"https:\\\/\\\/www.talleresforo.com\\\/\",\"logo\":{\"@type\":\"ImageObject\",\"inLanguage\":\"fr-FR\",\"@id\":\"https:\\\/\\\/www.talleresforo.com\\\/#\\\/schema\\\/logo\\\/image\\\/\",\"url\":\"https:\\\/\\\/www.talleresforo.com\\\/wp-content\\\/uploads\\\/2025\\\/09\\\/logo-principal.png\",\"contentUrl\":\"https:\\\/\\\/www.talleresforo.com\\\/wp-content\\\/uploads\\\/2025\\\/09\\\/logo-principal.png\",\"width\":1100,\"height\":510,\"caption\":\"Talleres Foro\"},\"image\":{\"@id\":\"https:\\\/\\\/www.talleresforo.com\\\/#\\\/schema\\\/logo\\\/image\\\/\"}}]}<\/script>\n<!-- \/ Yoast SEO plugin. -->","yoast_head_json":{"title":"Souffleur central 1,5 cv \u00e0 double bec B-720\/B-800\/B-1000 - Talleres Foro","robots":{"index":"index","follow":"follow","max-snippet":"max-snippet:-1","max-image-preview":"max-image-preview:large","max-video-preview":"max-video-preview:-1"},"canonical":"https:\/\/www.talleresforo.com\/producto\/soplador-central-15-hp-2-salidas-b-720-b-800-b-1000\/","og_locale":"fr_FR","og_type":"article","og_title":"Souffleur central 1,5 cv \u00e0 double bec B-720\/B-800\/B-1000 - Talleres Foro","og_description":"Ventilateur de type turbine pour le d\u00e9poussi\u00e9rage et l'\u00e9limination des impuret\u00e9s de la surface des carreaux dans la ligne de vitrage, \u00e9quip\u00e9 d'un support ind\u00e9pendant de la ligne, d'une double sortie r\u00e9glable et d'un tube flexible pour son installation, la sortie \u00e9tant dirig\u00e9e vers deux buses de soufflage.  Puissance install\u00e9e : 1,1 kW  Tableau \u00e9lectrique inclus.","og_url":"https:\/\/www.talleresforo.com\/producto\/soplador-central-15-hp-2-salidas-b-720-b-800-b-1000\/","og_site_name":"Talleres Foro","article_modified_time":"2026-03-12T11:13:31+00:00","og_image":[{"width":650,"height":429,"url":"https:\/\/www.talleresforo.com\/wp-content\/uploads\/2024\/07\/SOPLADOR-DOBLE-br.jpg","type":"image\/jpeg"}],"twitter_card":"summary_large_image","schema":{"@context":"https:\/\/schema.org","@graph":[{"@type":"WebPage","@id":"https:\/\/www.talleresforo.com\/producto\/soplador-central-15-hp-2-salidas-b-720-b-800-b-1000\/","url":"https:\/\/www.talleresforo.com\/producto\/soplador-central-15-hp-2-salidas-b-720-b-800-b-1000\/","name":"Souffleur central 1,5 cv \u00e0 double bec B-720\/B-800\/B-1000 - Talleres Foro","isPartOf":{"@id":"https:\/\/www.talleresforo.com\/#website"},"primaryImageOfPage":{"@id":"https:\/\/www.talleresforo.com\/producto\/soplador-central-15-hp-2-salidas-b-720-b-800-b-1000\/#primaryimage"},"image":{"@id":"https:\/\/www.talleresforo.com\/producto\/soplador-central-15-hp-2-salidas-b-720-b-800-b-1000\/#primaryimage"},"thumbnailUrl":"https:\/\/www.talleresforo.com\/wp-content\/uploads\/2024\/07\/SOPLADOR-DOBLE-br.jpg","datePublished":"2025-08-07T09:08:57+00:00","dateModified":"2026-03-12T11:13:31+00:00","breadcrumb":{"@id":"https:\/\/www.talleresforo.com\/producto\/soplador-central-15-hp-2-salidas-b-720-b-800-b-1000\/#breadcrumb"},"inLanguage":"fr-FR","potentialAction":[{"@type":"ReadAction","target":["https:\/\/www.talleresforo.com\/producto\/soplador-central-15-hp-2-salidas-b-720-b-800-b-1000\/"]}]},{"@type":"ImageObject","inLanguage":"fr-FR","@id":"https:\/\/www.talleresforo.com\/producto\/soplador-central-15-hp-2-salidas-b-720-b-800-b-1000\/#primaryimage","url":"https:\/\/www.talleresforo.com\/wp-content\/uploads\/2024\/07\/SOPLADOR-DOBLE-br.jpg","contentUrl":"https:\/\/www.talleresforo.com\/wp-content\/uploads\/2024\/07\/SOPLADOR-DOBLE-br.jpg","width":650,"height":429},{"@type":"BreadcrumbList","@id":"https:\/\/www.talleresforo.com\/producto\/soplador-central-15-hp-2-salidas-b-720-b-800-b-1000\/#breadcrumb","itemListElement":[{"@type":"ListItem","position":1,"name":"Portada","item":"https:\/\/www.talleresforo.com\/fr\/"},{"@type":"ListItem","position":2,"name":"Boutique","item":"https:\/\/www.talleresforo.com\/fr\/boutique\/"},{"@type":"ListItem","position":3,"name":"Souffleur central 1,5 cv \u00e0 double bec B-720\/B-800\/B-1000"}]},{"@type":"WebSite","@id":"https:\/\/www.talleresforo.com\/#website","url":"https:\/\/www.talleresforo.com\/","name":"Talleres Foro","description":"Glazing lines for ceramics","publisher":{"@id":"https:\/\/www.talleresforo.com\/#organization"},"potentialAction":[{"@type":"SearchAction","target":{"@type":"EntryPoint","urlTemplate":"https:\/\/www.talleresforo.com\/?s={search_term_string}"},"query-input":{"@type":"PropertyValueSpecification","valueRequired":true,"valueName":"search_term_string"}}],"inLanguage":"fr-FR"},{"@type":"Organization","@id":"https:\/\/www.talleresforo.com\/#organization","name":"Talleres Foro","url":"https:\/\/www.talleresforo.com\/","logo":{"@type":"ImageObject","inLanguage":"fr-FR","@id":"https:\/\/www.talleresforo.com\/#\/schema\/logo\/image\/","url":"https:\/\/www.talleresforo.com\/wp-content\/uploads\/2025\/09\/logo-principal.png","contentUrl":"https:\/\/www.talleresforo.com\/wp-content\/uploads\/2025\/09\/logo-principal.png","width":1100,"height":510,"caption":"Talleres Foro"},"image":{"@id":"https:\/\/www.talleresforo.com\/#\/schema\/logo\/image\/"}}]}},"_links":{"self":[{"href":"https:\/\/www.talleresforo.com\/fr\/wp-json\/wp\/v2\/product\/1455","targetHints":{"allow":["GET"]}}],"collection":[{"href":"https:\/\/www.talleresforo.com\/fr\/wp-json\/wp\/v2\/product"}],"about":[{"href":"https:\/\/www.talleresforo.com\/fr\/wp-json\/wp\/v2\/types\/product"}],"wp:featuredmedia":[{"embeddable":true,"href":"https:\/\/www.talleresforo.com\/fr\/wp-json\/wp\/v2\/media\/1826"}],"wp:attachment":[{"href":"https:\/\/www.talleresforo.com\/fr\/wp-json\/wp\/v2\/media?parent=1455"}],"wp:term":[{"taxonomy":"product_brand","embeddable":true,"href":"https:\/\/www.talleresforo.com\/fr\/wp-json\/wp\/v2\/product_brand?post=1455"},{"taxonomy":"product_cat","embeddable":true,"href":"https:\/\/www.talleresforo.com\/fr\/wp-json\/wp\/v2\/product_cat?post=1455"},{"taxonomy":"product_tag","embeddable":true,"href":"https:\/\/www.talleresforo.com\/fr\/wp-json\/wp\/v2\/product_tag?post=1455"}],"curies":[{"name":"wp","href":"https:\/\/api.w.org\/{rel}","templated":true}]}}