{"id":1476,"date":"2025-08-13T04:08:56","date_gmt":"2025-08-13T02:08:56","guid":{"rendered":"https:\/\/foro.delfrom.com\/producto\/double-brosse-horizontale-f-110-f-130-inox\/"},"modified":"2025-08-22T16:41:10","modified_gmt":"2025-08-22T14:41:10","slug":"double-brosse-horizontale-f-110-f-130-inox","status":"publish","type":"product","link":"https:\/\/www.talleresforo.com\/fr\/producto\/double-brosse-horizontale-f-110-f-130-inox\/","title":{"rendered":"Groupe double brosse horizontale F-110\/F-130 inox"},"content":{"rendered":"<p>Su funci\u00f3n es el cepillado superior e inferior de las piezas cer\u00e1micas de gran formato mediante cepillos cil\u00edndricos. Bastidor, protector y piezas principales fabricadas en acero inoxidable AISI-304.<\/p>\n<p>El sistema de regulaci\u00f3n de la altura de los cepillos asegura una elevaci\u00f3n uniforme y \u00fanica de ambos extremos de los ejes, accionable desde lado operario .<\/p>\n<p>Ejes traccionados mediante un motorreductor sin elementos de transmisi\u00f3n a revisar o sustituir.<\/p>\n<p>Construction robuste pour minimiser les vibrations pendant le fonctionnement.<\/p>\n<p>La protection sup\u00e9rieure peut \u00eatre relev\u00e9e manuellement \u00e0 l&rsquo;aide de quatre ressorts \u00e0 gaz.<\/p>\n<p>&nbsp;<\/p>\n","protected":false},"excerpt":{"rendered":"<p>Su funci\u00f3n es el cepillado superior e inferior de las piezas cer\u00e1micas de granformato mediante cepillos cil\u00edndricos.Bastidor, protector y piezas principales fabricadas en acero inoxidable AISI-304.<\/p>\n<p>El sistema de regulaci\u00f3n de la altura de los cepillos asegura una elevaci\u00f3n uniformey \u00fanica de ambos extremos de los ejes, accionable desde lado operario .<\/p>\n<p>Ejes traccionados mediante un motoreductor sin elementos de transmisi\u00f3n a revisar o sustituir.<\/p>\n<p>Robusta construcci\u00f3n para minimizar las vibraciones producidas durante su funcionamiento.<\/p>\n<p>Protector superior elevable manualmente con la ayuda de cuatro resortes de gas.<\/p>\n<p>&nbsp;<\/p>\n","protected":false},"featured_media":1808,"template":"","meta":{"site-sidebar-layout":"default","site-content-layout":"default","ast-site-content-layout":"default","site-content-style":"default","site-sidebar-style":"default","ast-global-header-display":"","ast-banner-title-visibility":"","ast-main-header-display":"","ast-hfb-above-header-display":"","ast-hfb-below-header-display":"","ast-hfb-mobile-header-display":"","site-post-title":"","ast-breadcrumbs-content":"","ast-featured-img":"","footer-sml-layout":"","ast-disable-related-posts":"","theme-transparent-header-meta":"default","adv-header-id-meta":"","stick-header-meta":"default","header-above-stick-meta":"","header-main-stick-meta":"","header-below-stick-meta":"","astra-migrate-meta-layouts":"default","ast-page-background-enabled":"default","ast-page-background-meta":{"desktop":{"background-color":"var(--ast-global-color-4)","background-image":"","background-repeat":"repeat","background-position":"center center","background-size":"auto","background-attachment":"scroll","background-type":"","background-media":"","overlay-type":"","overlay-color":"","overlay-opacity":"","overlay-gradient":""},"tablet":{"background-color":"","background-image":"","background-repeat":"repeat","background-position":"center center","background-size":"auto","background-attachment":"scroll","background-type":"","background-media":"","overlay-type":"","overlay-color":"","overlay-opacity":"","overlay-gradient":""},"mobile":{"background-color":"","background-image":"","background-repeat":"repeat","background-position":"center center","background-size":"auto","background-attachment":"scroll","background-type":"","background-media":"","overlay-type":"","overlay-color":"","overlay-opacity":"","overlay-gradient":""}},"ast-content-background-meta":{"desktop":{"background-color":"var(--ast-global-color-5)","background-image":"","background-repeat":"repeat","background-position":"center center","background-size":"auto","background-attachment":"scroll","background-type":"","background-media":"","overlay-type":"","overlay-color":"","overlay-opacity":"","overlay-gradient":""},"tablet":{"background-color":"var(--ast-global-color-5)","background-image":"","background-repeat":"repeat","background-position":"center center","background-size":"auto","background-attachment":"scroll","background-type":"","background-media":"","overlay-type":"","overlay-color":"","overlay-opacity":"","overlay-gradient":""},"mobile":{"background-color":"var(--ast-global-color-5)","background-image":"","background-repeat":"repeat","background-position":"center center","background-size":"auto","background-attachment":"scroll","background-type":"","background-media":"","overlay-type":"","overlay-color":"","overlay-opacity":"","overlay-gradient":""}}},"product_brand":[],"product_cat":[41,103],"product_tag":[],"class_list":{"0":"post-1476","1":"product","2":"type-product","3":"status-publish","4":"has-post-thumbnail","6":"product_cat-lignes-de-vitrage-industrie-de-la-ceramique-fr","7":"product_cat-de-la-sortie-du-sechoir-a-la-section-demaillage","8":"desktop-align-left","9":"tablet-align-left","10":"mobile-align-left","12":"first","13":"instock","14":"shipping-taxable","15":"product-type-simple"},"yoast_head":"<!-- This site is optimized with the Yoast SEO plugin v27.5 - https:\/\/yoast.com\/product\/yoast-seo-wordpress\/ -->\n<title>Groupe double brosse horizontale F-110\/F-130 inox - Talleres Foro<\/title>\n<meta name=\"robots\" content=\"index, follow, max-snippet:-1, max-image-preview:large, max-video-preview:-1\" \/>\n<link rel=\"canonical\" href=\"https:\/\/www.talleresforo.com\/producto\/cepillo-doble-horizontal-f-110-f-130-inox\/\" \/>\n<meta property=\"og:locale\" content=\"fr_FR\" \/>\n<meta property=\"og:type\" content=\"article\" \/>\n<meta property=\"og:title\" content=\"Groupe double brosse horizontale F-110\/F-130 inox - Talleres Foro\" \/>\n<meta property=\"og:description\" content=\"Su funci\u00f3n es el cepillado superior e inferior de las piezas cer\u00e1micas de granformato mediante cepillos cil\u00edndricos.Bastidor, protector y piezas principales fabricadas en acero inoxidable AISI-304. El sistema de regulaci\u00f3n de la altura de los cepillos asegura una elevaci\u00f3n uniformey \u00fanica de ambos extremos de los ejes, accionable desde lado operario . Ejes traccionados mediante un motoreductor sin elementos de transmisi\u00f3n a revisar o sustituir. Robusta construcci\u00f3n para minimizar las vibraciones producidas durante su funcionamiento. Protector superior elevable manualmente con la ayuda de cuatro resortes de gas. &nbsp;\" \/>\n<meta property=\"og:url\" content=\"https:\/\/www.talleresforo.com\/producto\/cepillo-doble-horizontal-f-110-f-130-inox\/\" \/>\n<meta property=\"og:site_name\" content=\"Talleres Foro\" \/>\n<meta property=\"article:modified_time\" content=\"2025-08-22T14:41:10+00:00\" \/>\n<meta property=\"og:image\" content=\"https:\/\/www.talleresforo.com\/wp-content\/uploads\/2024\/07\/CEPILLO-1100.jpg\" \/>\n\t<meta property=\"og:image:width\" content=\"425\" \/>\n\t<meta property=\"og:image:height\" content=\"295\" \/>\n\t<meta property=\"og:image:type\" content=\"image\/jpeg\" \/>\n<meta name=\"twitter:card\" content=\"summary_large_image\" \/>\n<script type=\"application\/ld+json\" class=\"yoast-schema-graph\">{\"@context\":\"https:\\\/\\\/schema.org\",\"@graph\":[{\"@type\":\"WebPage\",\"@id\":\"https:\\\/\\\/www.talleresforo.com\\\/producto\\\/cepillo-doble-horizontal-f-110-f-130-inox\\\/\",\"url\":\"https:\\\/\\\/www.talleresforo.com\\\/producto\\\/cepillo-doble-horizontal-f-110-f-130-inox\\\/\",\"name\":\"Groupe double brosse horizontale F-110\\\/F-130 inox - Talleres Foro\",\"isPartOf\":{\"@id\":\"https:\\\/\\\/www.talleresforo.com\\\/#website\"},\"primaryImageOfPage\":{\"@id\":\"https:\\\/\\\/www.talleresforo.com\\\/producto\\\/cepillo-doble-horizontal-f-110-f-130-inox\\\/#primaryimage\"},\"image\":{\"@id\":\"https:\\\/\\\/www.talleresforo.com\\\/producto\\\/cepillo-doble-horizontal-f-110-f-130-inox\\\/#primaryimage\"},\"thumbnailUrl\":\"https:\\\/\\\/www.talleresforo.com\\\/wp-content\\\/uploads\\\/2024\\\/07\\\/CEPILLO-1100.jpg\",\"datePublished\":\"2025-08-13T02:08:56+00:00\",\"dateModified\":\"2025-08-22T14:41:10+00:00\",\"breadcrumb\":{\"@id\":\"https:\\\/\\\/www.talleresforo.com\\\/producto\\\/cepillo-doble-horizontal-f-110-f-130-inox\\\/#breadcrumb\"},\"inLanguage\":\"fr-FR\",\"potentialAction\":[{\"@type\":\"ReadAction\",\"target\":[\"https:\\\/\\\/www.talleresforo.com\\\/producto\\\/cepillo-doble-horizontal-f-110-f-130-inox\\\/\"]}]},{\"@type\":\"ImageObject\",\"inLanguage\":\"fr-FR\",\"@id\":\"https:\\\/\\\/www.talleresforo.com\\\/producto\\\/cepillo-doble-horizontal-f-110-f-130-inox\\\/#primaryimage\",\"url\":\"https:\\\/\\\/www.talleresforo.com\\\/wp-content\\\/uploads\\\/2024\\\/07\\\/CEPILLO-1100.jpg\",\"contentUrl\":\"https:\\\/\\\/www.talleresforo.com\\\/wp-content\\\/uploads\\\/2024\\\/07\\\/CEPILLO-1100.jpg\",\"width\":425,\"height\":295},{\"@type\":\"BreadcrumbList\",\"@id\":\"https:\\\/\\\/www.talleresforo.com\\\/producto\\\/cepillo-doble-horizontal-f-110-f-130-inox\\\/#breadcrumb\",\"itemListElement\":[{\"@type\":\"ListItem\",\"position\":1,\"name\":\"Portada\",\"item\":\"https:\\\/\\\/www.talleresforo.com\\\/fr\\\/\"},{\"@type\":\"ListItem\",\"position\":2,\"name\":\"Boutique\",\"item\":\"https:\\\/\\\/www.talleresforo.com\\\/fr\\\/boutique\\\/\"},{\"@type\":\"ListItem\",\"position\":3,\"name\":\"Groupe double brosse horizontale F-110\\\/F-130 inox\"}]},{\"@type\":\"WebSite\",\"@id\":\"https:\\\/\\\/www.talleresforo.com\\\/#website\",\"url\":\"https:\\\/\\\/www.talleresforo.com\\\/\",\"name\":\"Talleres Foro\",\"description\":\"Glazing lines for ceramics\",\"publisher\":{\"@id\":\"https:\\\/\\\/www.talleresforo.com\\\/#organization\"},\"potentialAction\":[{\"@type\":\"SearchAction\",\"target\":{\"@type\":\"EntryPoint\",\"urlTemplate\":\"https:\\\/\\\/www.talleresforo.com\\\/?s={search_term_string}\"},\"query-input\":{\"@type\":\"PropertyValueSpecification\",\"valueRequired\":true,\"valueName\":\"search_term_string\"}}],\"inLanguage\":\"fr-FR\"},{\"@type\":\"Organization\",\"@id\":\"https:\\\/\\\/www.talleresforo.com\\\/#organization\",\"name\":\"Talleres Foro\",\"url\":\"https:\\\/\\\/www.talleresforo.com\\\/\",\"logo\":{\"@type\":\"ImageObject\",\"inLanguage\":\"fr-FR\",\"@id\":\"https:\\\/\\\/www.talleresforo.com\\\/#\\\/schema\\\/logo\\\/image\\\/\",\"url\":\"https:\\\/\\\/www.talleresforo.com\\\/wp-content\\\/uploads\\\/2025\\\/09\\\/logo-principal.png\",\"contentUrl\":\"https:\\\/\\\/www.talleresforo.com\\\/wp-content\\\/uploads\\\/2025\\\/09\\\/logo-principal.png\",\"width\":1100,\"height\":510,\"caption\":\"Talleres Foro\"},\"image\":{\"@id\":\"https:\\\/\\\/www.talleresforo.com\\\/#\\\/schema\\\/logo\\\/image\\\/\"}}]}<\/script>\n<!-- \/ Yoast SEO plugin. -->","yoast_head_json":{"title":"Groupe double brosse horizontale F-110\/F-130 inox - Talleres Foro","robots":{"index":"index","follow":"follow","max-snippet":"max-snippet:-1","max-image-preview":"max-image-preview:large","max-video-preview":"max-video-preview:-1"},"canonical":"https:\/\/www.talleresforo.com\/producto\/cepillo-doble-horizontal-f-110-f-130-inox\/","og_locale":"fr_FR","og_type":"article","og_title":"Groupe double brosse horizontale F-110\/F-130 inox - Talleres Foro","og_description":"Su funci\u00f3n es el cepillado superior e inferior de las piezas cer\u00e1micas de granformato mediante cepillos cil\u00edndricos.Bastidor, protector y piezas principales fabricadas en acero inoxidable AISI-304. El sistema de regulaci\u00f3n de la altura de los cepillos asegura una elevaci\u00f3n uniformey \u00fanica de ambos extremos de los ejes, accionable desde lado operario . Ejes traccionados mediante un motoreductor sin elementos de transmisi\u00f3n a revisar o sustituir. Robusta construcci\u00f3n para minimizar las vibraciones producidas durante su funcionamiento. Protector superior elevable manualmente con la ayuda de cuatro resortes de gas. &nbsp;","og_url":"https:\/\/www.talleresforo.com\/producto\/cepillo-doble-horizontal-f-110-f-130-inox\/","og_site_name":"Talleres Foro","article_modified_time":"2025-08-22T14:41:10+00:00","og_image":[{"width":425,"height":295,"url":"https:\/\/www.talleresforo.com\/wp-content\/uploads\/2024\/07\/CEPILLO-1100.jpg","type":"image\/jpeg"}],"twitter_card":"summary_large_image","schema":{"@context":"https:\/\/schema.org","@graph":[{"@type":"WebPage","@id":"https:\/\/www.talleresforo.com\/producto\/cepillo-doble-horizontal-f-110-f-130-inox\/","url":"https:\/\/www.talleresforo.com\/producto\/cepillo-doble-horizontal-f-110-f-130-inox\/","name":"Groupe double brosse horizontale F-110\/F-130 inox - Talleres Foro","isPartOf":{"@id":"https:\/\/www.talleresforo.com\/#website"},"primaryImageOfPage":{"@id":"https:\/\/www.talleresforo.com\/producto\/cepillo-doble-horizontal-f-110-f-130-inox\/#primaryimage"},"image":{"@id":"https:\/\/www.talleresforo.com\/producto\/cepillo-doble-horizontal-f-110-f-130-inox\/#primaryimage"},"thumbnailUrl":"https:\/\/www.talleresforo.com\/wp-content\/uploads\/2024\/07\/CEPILLO-1100.jpg","datePublished":"2025-08-13T02:08:56+00:00","dateModified":"2025-08-22T14:41:10+00:00","breadcrumb":{"@id":"https:\/\/www.talleresforo.com\/producto\/cepillo-doble-horizontal-f-110-f-130-inox\/#breadcrumb"},"inLanguage":"fr-FR","potentialAction":[{"@type":"ReadAction","target":["https:\/\/www.talleresforo.com\/producto\/cepillo-doble-horizontal-f-110-f-130-inox\/"]}]},{"@type":"ImageObject","inLanguage":"fr-FR","@id":"https:\/\/www.talleresforo.com\/producto\/cepillo-doble-horizontal-f-110-f-130-inox\/#primaryimage","url":"https:\/\/www.talleresforo.com\/wp-content\/uploads\/2024\/07\/CEPILLO-1100.jpg","contentUrl":"https:\/\/www.talleresforo.com\/wp-content\/uploads\/2024\/07\/CEPILLO-1100.jpg","width":425,"height":295},{"@type":"BreadcrumbList","@id":"https:\/\/www.talleresforo.com\/producto\/cepillo-doble-horizontal-f-110-f-130-inox\/#breadcrumb","itemListElement":[{"@type":"ListItem","position":1,"name":"Portada","item":"https:\/\/www.talleresforo.com\/fr\/"},{"@type":"ListItem","position":2,"name":"Boutique","item":"https:\/\/www.talleresforo.com\/fr\/boutique\/"},{"@type":"ListItem","position":3,"name":"Groupe double brosse horizontale F-110\/F-130 inox"}]},{"@type":"WebSite","@id":"https:\/\/www.talleresforo.com\/#website","url":"https:\/\/www.talleresforo.com\/","name":"Talleres Foro","description":"Glazing lines for ceramics","publisher":{"@id":"https:\/\/www.talleresforo.com\/#organization"},"potentialAction":[{"@type":"SearchAction","target":{"@type":"EntryPoint","urlTemplate":"https:\/\/www.talleresforo.com\/?s={search_term_string}"},"query-input":{"@type":"PropertyValueSpecification","valueRequired":true,"valueName":"search_term_string"}}],"inLanguage":"fr-FR"},{"@type":"Organization","@id":"https:\/\/www.talleresforo.com\/#organization","name":"Talleres Foro","url":"https:\/\/www.talleresforo.com\/","logo":{"@type":"ImageObject","inLanguage":"fr-FR","@id":"https:\/\/www.talleresforo.com\/#\/schema\/logo\/image\/","url":"https:\/\/www.talleresforo.com\/wp-content\/uploads\/2025\/09\/logo-principal.png","contentUrl":"https:\/\/www.talleresforo.com\/wp-content\/uploads\/2025\/09\/logo-principal.png","width":1100,"height":510,"caption":"Talleres Foro"},"image":{"@id":"https:\/\/www.talleresforo.com\/#\/schema\/logo\/image\/"}}]}},"_links":{"self":[{"href":"https:\/\/www.talleresforo.com\/fr\/wp-json\/wp\/v2\/product\/1476","targetHints":{"allow":["GET"]}}],"collection":[{"href":"https:\/\/www.talleresforo.com\/fr\/wp-json\/wp\/v2\/product"}],"about":[{"href":"https:\/\/www.talleresforo.com\/fr\/wp-json\/wp\/v2\/types\/product"}],"wp:featuredmedia":[{"embeddable":true,"href":"https:\/\/www.talleresforo.com\/fr\/wp-json\/wp\/v2\/media\/1808"}],"wp:attachment":[{"href":"https:\/\/www.talleresforo.com\/fr\/wp-json\/wp\/v2\/media?parent=1476"}],"wp:term":[{"taxonomy":"product_brand","embeddable":true,"href":"https:\/\/www.talleresforo.com\/fr\/wp-json\/wp\/v2\/product_brand?post=1476"},{"taxonomy":"product_cat","embeddable":true,"href":"https:\/\/www.talleresforo.com\/fr\/wp-json\/wp\/v2\/product_cat?post=1476"},{"taxonomy":"product_tag","embeddable":true,"href":"https:\/\/www.talleresforo.com\/fr\/wp-json\/wp\/v2\/product_tag?post=1476"}],"curies":[{"name":"wp","href":"https:\/\/api.w.org\/{rel}","templated":true}]}}