{"id":1481,"date":"2025-08-17T11:08:56","date_gmt":"2025-08-17T09:08:56","guid":{"rendered":"https:\/\/foro.delfrom.com\/producto\/dispositif-de-controle-automatique-du-debit-fluxy\/"},"modified":"2026-03-12T11:22:38","modified_gmt":"2026-03-12T10:22:38","slug":"dispositif-de-controle-automatique-du-debit-fluxy","status":"publish","type":"product","link":"https:\/\/www.talleresforo.com\/fr\/producto\/dispositif-de-controle-automatique-du-debit-fluxy\/","title":{"rendered":"Dispositivo autom\u00e1tico para control de caudal FLUXY"},"content":{"rendered":"<p>Ce dispositif permet un contr\u00f4le constant de la quantit\u00e9 d\u2019\u00e9mail \u00e0 appliquer sur le carreau. Il est aussi dot\u00e9 d\u2019un dispositif de signalisation visuelle d\u2019\u00e9ventuelles anomalies de distribution de l\u2019\u00e9mail. En agissant sur les tours\/moteur, il r\u00e8gle la vitesse optimale pour garantir la quantit\u00e9 de produit requise, ce qui permet de r\u00e9duire les consommations de courant, l\u2019usure du rotor ainsi que l\u2019alt\u00e9ration des caract\u00e9ristiques physiques de l\u2019\u00e9mail.<br \/>\nCe dispositif peut s\u2019installer ensemble \u00e0 une fili\u00e8re ou \u00e0 une cloche et peut se fournir bien ind\u00e9pendant ou bien install\u00e9 sur un bac \u00d8 800 ou 900 mm.<\/p>\n<p>&nbsp;<\/p>\n<p>&nbsp;<\/p>\n","protected":false},"excerpt":{"rendered":"<p>Permet un contr\u00f4le constant de la quantit\u00e9 de gla\u00e7ure appliqu\u00e9e sur le carreau. \u00c9quip\u00e9 d&rsquo;un dispositif de signalisation (visuelle) des anomalies dans la distribution de l&rsquo;\u00e9mail. En r\u00e9gulant les tours du moteur, il assure la vitesse ad\u00e9quate pour garantir la quantit\u00e9 de produit n\u00e9cessaire, en r\u00e9duisant la consommation d&rsquo;\u00e9lectricit\u00e9, en limitant l&rsquo;usure du groupe rotor et en \u00e9vitant l&rsquo;alt\u00e9ration des caract\u00e9ristiques physiques de l&rsquo;\u00e9mail.<\/p>\n<p>Ce dispositif peut \u00eatre appliqu\u00e9 aussi bien \u00e0 un filtre \u00e0 pression qu&rsquo;\u00e0 une hotte et peut \u00eatre fourni s\u00e9par\u00e9ment ou avec un r\u00e9servoir de \u00d8 800 mm.<\/p>\n","protected":false},"featured_media":2064,"template":"","meta":{"site-sidebar-layout":"default","site-content-layout":"default","ast-site-content-layout":"default","site-content-style":"default","site-sidebar-style":"default","ast-global-header-display":"","ast-banner-title-visibility":"","ast-main-header-display":"","ast-hfb-above-header-display":"","ast-hfb-below-header-display":"","ast-hfb-mobile-header-display":"","site-post-title":"","ast-breadcrumbs-content":"","ast-featured-img":"","footer-sml-layout":"","ast-disable-related-posts":"","theme-transparent-header-meta":"default","adv-header-id-meta":"","stick-header-meta":"default","header-above-stick-meta":"","header-main-stick-meta":"","header-below-stick-meta":"","astra-migrate-meta-layouts":"set","ast-page-background-enabled":"default","ast-page-background-meta":{"desktop":{"background-color":"var(--ast-global-color-4)","background-image":"","background-repeat":"repeat","background-position":"center center","background-size":"auto","background-attachment":"scroll","background-type":"","background-media":"","overlay-type":"","overlay-color":"","overlay-opacity":"","overlay-gradient":""},"tablet":{"background-color":"","background-image":"","background-repeat":"repeat","background-position":"center center","background-size":"auto","background-attachment":"scroll","background-type":"","background-media":"","overlay-type":"","overlay-color":"","overlay-opacity":"","overlay-gradient":""},"mobile":{"background-color":"","background-image":"","background-repeat":"repeat","background-position":"center center","background-size":"auto","background-attachment":"scroll","background-type":"","background-media":"","overlay-type":"","overlay-color":"","overlay-opacity":"","overlay-gradient":""}},"ast-content-background-meta":{"desktop":{"background-color":"var(--ast-global-color-5)","background-image":"","background-repeat":"repeat","background-position":"center center","background-size":"auto","background-attachment":"scroll","background-type":"","background-media":"","overlay-type":"","overlay-color":"","overlay-opacity":"","overlay-gradient":""},"tablet":{"background-color":"var(--ast-global-color-5)","background-image":"","background-repeat":"repeat","background-position":"center center","background-size":"auto","background-attachment":"scroll","background-type":"","background-media":"","overlay-type":"","overlay-color":"","overlay-opacity":"","overlay-gradient":""},"mobile":{"background-color":"var(--ast-global-color-5)","background-image":"","background-repeat":"repeat","background-position":"center center","background-size":"auto","background-attachment":"scroll","background-type":"","background-media":"","overlay-type":"","overlay-color":"","overlay-opacity":"","overlay-gradient":""}}},"product_brand":[],"product_cat":[41,105],"product_tag":[],"class_list":{"0":"post-1481","1":"product","2":"type-product","3":"status-publish","4":"has-post-thumbnail","6":"product_cat-lignes-de-vitrage-industrie-de-la-ceramique-fr","7":"product_cat-systemes-demaillage-et-elements-auxiliaires-fr","8":"desktop-align-left","9":"tablet-align-left","10":"mobile-align-left","12":"first","13":"instock","14":"shipping-taxable","15":"product-type-simple"},"yoast_head":"<!-- This site is optimized with the Yoast SEO plugin v27.5 - https:\/\/yoast.com\/product\/yoast-seo-wordpress\/ -->\n<title>Dispositivo autom\u00e1tico para control de caudal FLUXY - Talleres Foro<\/title>\n<meta name=\"robots\" content=\"index, follow, max-snippet:-1, max-image-preview:large, max-video-preview:-1\" \/>\n<link rel=\"canonical\" href=\"https:\/\/www.talleresforo.com\/producto\/dispositivo-automatico-para-control-de-caudal-fluxy\/\" \/>\n<meta property=\"og:locale\" content=\"fr_FR\" \/>\n<meta property=\"og:type\" content=\"article\" \/>\n<meta property=\"og:title\" content=\"Dispositivo autom\u00e1tico para control de caudal FLUXY - Talleres Foro\" \/>\n<meta property=\"og:description\" content=\"Permet un contr\u00f4le constant de la quantit\u00e9 de gla\u00e7ure appliqu\u00e9e sur le carreau. \u00c9quip\u00e9 d&#039;un dispositif de signalisation (visuelle) des anomalies dans la distribution de l&#039;\u00e9mail. En r\u00e9gulant les tours du moteur, il assure la vitesse ad\u00e9quate pour garantir la quantit\u00e9 de produit n\u00e9cessaire, en r\u00e9duisant la consommation d&#039;\u00e9lectricit\u00e9, en limitant l&#039;usure du groupe rotor et en \u00e9vitant l&#039;alt\u00e9ration des caract\u00e9ristiques physiques de l&#039;\u00e9mail.  Ce dispositif peut \u00eatre appliqu\u00e9 aussi bien \u00e0 un filtre \u00e0 pression qu&#039;\u00e0 une hotte et peut \u00eatre fourni s\u00e9par\u00e9ment ou avec un r\u00e9servoir de \u00d8 800 mm.\" \/>\n<meta property=\"og:url\" content=\"https:\/\/www.talleresforo.com\/producto\/dispositivo-automatico-para-control-de-caudal-fluxy\/\" \/>\n<meta property=\"og:site_name\" content=\"Talleres Foro\" \/>\n<meta property=\"article:modified_time\" content=\"2026-03-12T10:22:38+00:00\" \/>\n<meta property=\"og:image\" content=\"https:\/\/www.talleresforo.com\/wp-content\/uploads\/2024\/07\/FLUXY1-1.jpg\" \/>\n\t<meta property=\"og:image:width\" content=\"425\" \/>\n\t<meta property=\"og:image:height\" content=\"556\" \/>\n\t<meta property=\"og:image:type\" content=\"image\/jpeg\" \/>\n<meta name=\"twitter:card\" content=\"summary_large_image\" \/>\n<meta name=\"twitter:label1\" content=\"Dur\u00e9e de lecture estim\u00e9e\" \/>\n\t<meta name=\"twitter:data1\" content=\"1 minute\" \/>\n<script type=\"application\/ld+json\" class=\"yoast-schema-graph\">{\"@context\":\"https:\\\/\\\/schema.org\",\"@graph\":[{\"@type\":\"WebPage\",\"@id\":\"https:\\\/\\\/www.talleresforo.com\\\/producto\\\/dispositivo-automatico-para-control-de-caudal-fluxy\\\/\",\"url\":\"https:\\\/\\\/www.talleresforo.com\\\/producto\\\/dispositivo-automatico-para-control-de-caudal-fluxy\\\/\",\"name\":\"Dispositivo autom\u00e1tico para control de caudal FLUXY - Talleres Foro\",\"isPartOf\":{\"@id\":\"https:\\\/\\\/www.talleresforo.com\\\/#website\"},\"primaryImageOfPage\":{\"@id\":\"https:\\\/\\\/www.talleresforo.com\\\/producto\\\/dispositivo-automatico-para-control-de-caudal-fluxy\\\/#primaryimage\"},\"image\":{\"@id\":\"https:\\\/\\\/www.talleresforo.com\\\/producto\\\/dispositivo-automatico-para-control-de-caudal-fluxy\\\/#primaryimage\"},\"thumbnailUrl\":\"https:\\\/\\\/www.talleresforo.com\\\/wp-content\\\/uploads\\\/2024\\\/07\\\/FLUXY1-1.jpg\",\"datePublished\":\"2025-08-17T09:08:56+00:00\",\"dateModified\":\"2026-03-12T10:22:38+00:00\",\"breadcrumb\":{\"@id\":\"https:\\\/\\\/www.talleresforo.com\\\/producto\\\/dispositivo-automatico-para-control-de-caudal-fluxy\\\/#breadcrumb\"},\"inLanguage\":\"fr-FR\",\"potentialAction\":[{\"@type\":\"ReadAction\",\"target\":[\"https:\\\/\\\/www.talleresforo.com\\\/producto\\\/dispositivo-automatico-para-control-de-caudal-fluxy\\\/\"]}]},{\"@type\":\"ImageObject\",\"inLanguage\":\"fr-FR\",\"@id\":\"https:\\\/\\\/www.talleresforo.com\\\/producto\\\/dispositivo-automatico-para-control-de-caudal-fluxy\\\/#primaryimage\",\"url\":\"https:\\\/\\\/www.talleresforo.com\\\/wp-content\\\/uploads\\\/2024\\\/07\\\/FLUXY1-1.jpg\",\"contentUrl\":\"https:\\\/\\\/www.talleresforo.com\\\/wp-content\\\/uploads\\\/2024\\\/07\\\/FLUXY1-1.jpg\",\"width\":425,\"height\":556},{\"@type\":\"BreadcrumbList\",\"@id\":\"https:\\\/\\\/www.talleresforo.com\\\/producto\\\/dispositivo-automatico-para-control-de-caudal-fluxy\\\/#breadcrumb\",\"itemListElement\":[{\"@type\":\"ListItem\",\"position\":1,\"name\":\"Portada\",\"item\":\"https:\\\/\\\/www.talleresforo.com\\\/fr\\\/\"},{\"@type\":\"ListItem\",\"position\":2,\"name\":\"Boutique\",\"item\":\"https:\\\/\\\/www.talleresforo.com\\\/fr\\\/boutique\\\/\"},{\"@type\":\"ListItem\",\"position\":3,\"name\":\"Dispositivo autom\u00e1tico para control de caudal FLUXY\"}]},{\"@type\":\"WebSite\",\"@id\":\"https:\\\/\\\/www.talleresforo.com\\\/#website\",\"url\":\"https:\\\/\\\/www.talleresforo.com\\\/\",\"name\":\"Talleres Foro\",\"description\":\"Glazing lines for ceramics\",\"publisher\":{\"@id\":\"https:\\\/\\\/www.talleresforo.com\\\/#organization\"},\"potentialAction\":[{\"@type\":\"SearchAction\",\"target\":{\"@type\":\"EntryPoint\",\"urlTemplate\":\"https:\\\/\\\/www.talleresforo.com\\\/?s={search_term_string}\"},\"query-input\":{\"@type\":\"PropertyValueSpecification\",\"valueRequired\":true,\"valueName\":\"search_term_string\"}}],\"inLanguage\":\"fr-FR\"},{\"@type\":\"Organization\",\"@id\":\"https:\\\/\\\/www.talleresforo.com\\\/#organization\",\"name\":\"Talleres Foro\",\"url\":\"https:\\\/\\\/www.talleresforo.com\\\/\",\"logo\":{\"@type\":\"ImageObject\",\"inLanguage\":\"fr-FR\",\"@id\":\"https:\\\/\\\/www.talleresforo.com\\\/#\\\/schema\\\/logo\\\/image\\\/\",\"url\":\"https:\\\/\\\/www.talleresforo.com\\\/wp-content\\\/uploads\\\/2025\\\/09\\\/logo-principal.png\",\"contentUrl\":\"https:\\\/\\\/www.talleresforo.com\\\/wp-content\\\/uploads\\\/2025\\\/09\\\/logo-principal.png\",\"width\":1100,\"height\":510,\"caption\":\"Talleres Foro\"},\"image\":{\"@id\":\"https:\\\/\\\/www.talleresforo.com\\\/#\\\/schema\\\/logo\\\/image\\\/\"}}]}<\/script>\n<!-- \/ Yoast SEO plugin. -->","yoast_head_json":{"title":"Dispositivo autom\u00e1tico para control de caudal FLUXY - Talleres Foro","robots":{"index":"index","follow":"follow","max-snippet":"max-snippet:-1","max-image-preview":"max-image-preview:large","max-video-preview":"max-video-preview:-1"},"canonical":"https:\/\/www.talleresforo.com\/producto\/dispositivo-automatico-para-control-de-caudal-fluxy\/","og_locale":"fr_FR","og_type":"article","og_title":"Dispositivo autom\u00e1tico para control de caudal FLUXY - Talleres Foro","og_description":"Permet un contr\u00f4le constant de la quantit\u00e9 de gla\u00e7ure appliqu\u00e9e sur le carreau. \u00c9quip\u00e9 d'un dispositif de signalisation (visuelle) des anomalies dans la distribution de l'\u00e9mail. En r\u00e9gulant les tours du moteur, il assure la vitesse ad\u00e9quate pour garantir la quantit\u00e9 de produit n\u00e9cessaire, en r\u00e9duisant la consommation d'\u00e9lectricit\u00e9, en limitant l'usure du groupe rotor et en \u00e9vitant l'alt\u00e9ration des caract\u00e9ristiques physiques de l'\u00e9mail.  Ce dispositif peut \u00eatre appliqu\u00e9 aussi bien \u00e0 un filtre \u00e0 pression qu'\u00e0 une hotte et peut \u00eatre fourni s\u00e9par\u00e9ment ou avec un r\u00e9servoir de \u00d8 800 mm.","og_url":"https:\/\/www.talleresforo.com\/producto\/dispositivo-automatico-para-control-de-caudal-fluxy\/","og_site_name":"Talleres Foro","article_modified_time":"2026-03-12T10:22:38+00:00","og_image":[{"width":425,"height":556,"url":"https:\/\/www.talleresforo.com\/wp-content\/uploads\/2024\/07\/FLUXY1-1.jpg","type":"image\/jpeg"}],"twitter_card":"summary_large_image","twitter_misc":{"Dur\u00e9e de lecture estim\u00e9e":"1 minute"},"schema":{"@context":"https:\/\/schema.org","@graph":[{"@type":"WebPage","@id":"https:\/\/www.talleresforo.com\/producto\/dispositivo-automatico-para-control-de-caudal-fluxy\/","url":"https:\/\/www.talleresforo.com\/producto\/dispositivo-automatico-para-control-de-caudal-fluxy\/","name":"Dispositivo autom\u00e1tico para control de caudal FLUXY - Talleres Foro","isPartOf":{"@id":"https:\/\/www.talleresforo.com\/#website"},"primaryImageOfPage":{"@id":"https:\/\/www.talleresforo.com\/producto\/dispositivo-automatico-para-control-de-caudal-fluxy\/#primaryimage"},"image":{"@id":"https:\/\/www.talleresforo.com\/producto\/dispositivo-automatico-para-control-de-caudal-fluxy\/#primaryimage"},"thumbnailUrl":"https:\/\/www.talleresforo.com\/wp-content\/uploads\/2024\/07\/FLUXY1-1.jpg","datePublished":"2025-08-17T09:08:56+00:00","dateModified":"2026-03-12T10:22:38+00:00","breadcrumb":{"@id":"https:\/\/www.talleresforo.com\/producto\/dispositivo-automatico-para-control-de-caudal-fluxy\/#breadcrumb"},"inLanguage":"fr-FR","potentialAction":[{"@type":"ReadAction","target":["https:\/\/www.talleresforo.com\/producto\/dispositivo-automatico-para-control-de-caudal-fluxy\/"]}]},{"@type":"ImageObject","inLanguage":"fr-FR","@id":"https:\/\/www.talleresforo.com\/producto\/dispositivo-automatico-para-control-de-caudal-fluxy\/#primaryimage","url":"https:\/\/www.talleresforo.com\/wp-content\/uploads\/2024\/07\/FLUXY1-1.jpg","contentUrl":"https:\/\/www.talleresforo.com\/wp-content\/uploads\/2024\/07\/FLUXY1-1.jpg","width":425,"height":556},{"@type":"BreadcrumbList","@id":"https:\/\/www.talleresforo.com\/producto\/dispositivo-automatico-para-control-de-caudal-fluxy\/#breadcrumb","itemListElement":[{"@type":"ListItem","position":1,"name":"Portada","item":"https:\/\/www.talleresforo.com\/fr\/"},{"@type":"ListItem","position":2,"name":"Boutique","item":"https:\/\/www.talleresforo.com\/fr\/boutique\/"},{"@type":"ListItem","position":3,"name":"Dispositivo autom\u00e1tico para control de caudal FLUXY"}]},{"@type":"WebSite","@id":"https:\/\/www.talleresforo.com\/#website","url":"https:\/\/www.talleresforo.com\/","name":"Talleres Foro","description":"Glazing lines for ceramics","publisher":{"@id":"https:\/\/www.talleresforo.com\/#organization"},"potentialAction":[{"@type":"SearchAction","target":{"@type":"EntryPoint","urlTemplate":"https:\/\/www.talleresforo.com\/?s={search_term_string}"},"query-input":{"@type":"PropertyValueSpecification","valueRequired":true,"valueName":"search_term_string"}}],"inLanguage":"fr-FR"},{"@type":"Organization","@id":"https:\/\/www.talleresforo.com\/#organization","name":"Talleres Foro","url":"https:\/\/www.talleresforo.com\/","logo":{"@type":"ImageObject","inLanguage":"fr-FR","@id":"https:\/\/www.talleresforo.com\/#\/schema\/logo\/image\/","url":"https:\/\/www.talleresforo.com\/wp-content\/uploads\/2025\/09\/logo-principal.png","contentUrl":"https:\/\/www.talleresforo.com\/wp-content\/uploads\/2025\/09\/logo-principal.png","width":1100,"height":510,"caption":"Talleres Foro"},"image":{"@id":"https:\/\/www.talleresforo.com\/#\/schema\/logo\/image\/"}}]}},"_links":{"self":[{"href":"https:\/\/www.talleresforo.com\/fr\/wp-json\/wp\/v2\/product\/1481","targetHints":{"allow":["GET"]}}],"collection":[{"href":"https:\/\/www.talleresforo.com\/fr\/wp-json\/wp\/v2\/product"}],"about":[{"href":"https:\/\/www.talleresforo.com\/fr\/wp-json\/wp\/v2\/types\/product"}],"wp:featuredmedia":[{"embeddable":true,"href":"https:\/\/www.talleresforo.com\/fr\/wp-json\/wp\/v2\/media\/2064"}],"wp:attachment":[{"href":"https:\/\/www.talleresforo.com\/fr\/wp-json\/wp\/v2\/media?parent=1481"}],"wp:term":[{"taxonomy":"product_brand","embeddable":true,"href":"https:\/\/www.talleresforo.com\/fr\/wp-json\/wp\/v2\/product_brand?post=1481"},{"taxonomy":"product_cat","embeddable":true,"href":"https:\/\/www.talleresforo.com\/fr\/wp-json\/wp\/v2\/product_cat?post=1481"},{"taxonomy":"product_tag","embeddable":true,"href":"https:\/\/www.talleresforo.com\/fr\/wp-json\/wp\/v2\/product_tag?post=1481"}],"curies":[{"name":"wp","href":"https:\/\/api.w.org\/{rel}","templated":true}]}}