{"id":1486,"date":"2025-08-17T11:08:56","date_gmt":"2025-08-17T09:08:56","guid":{"rendered":"https:\/\/foro.delfrom.com\/producto\/regleur-de-champ-avec-ajustement-automatique-f-60-f-100-f-130\/"},"modified":"2026-03-12T15:42:20","modified_gmt":"2026-03-12T14:42:20","slug":"regleur-de-champ-avec-ajustement-automatique-f-60-f-100-f-130","status":"publish","type":"product","link":"https:\/\/www.talleresforo.com\/fr\/producto\/regleur-de-champ-avec-ajustement-automatique-f-60-f-100-f-130\/","title":{"rendered":"Nettoyeur \u00e0 feutre avec reglage automatique F-60\/F100\/F130"},"content":{"rendered":"<p>Il \u00e9limine l\u2019\u00e9mail du bord du carreau, moyennant le frottage en s\u00e8che avec des disques en feutre. Il dispose de r\u00e9glage en vertical et horizontal et carcasse d\u2019aspiration avec connexion au syst\u00e8me d\u2019aspiration de la ligne et possibilit\u00e9 de support pivotant.<br \/>\nCe mod\u00e8le inclut un syst\u00e8me de reglage automatique en continu bas\u00e9 au nombre de pi\u00e8ces qui passent \u00e0 travers la machine.<br \/>\nIl est programm\u00e9 d\u2019un tableau \u00e9lectrique qui contient un PLC et un \u00e9cran tactile permettant le r\u00e9glage des param\u00e8tres en mode manuel ou automatique.<br \/>\nL\u2019\u00e9cran tactile informe aussi sur les alarmes d\u00e9clench\u00e9es et admet la programmation de recettes.<\/p>\n","protected":false},"excerpt":{"rendered":"<p>Enl\u00e8ve l&rsquo;\u00e9mail du bord du carreau en frottant \u00e0 sec avec des disques de feutre. R\u00e9glable verticalement et horizontalement. Avec bo\u00eetier d&rsquo;aspiration pour le raccordement au syst\u00e8me d&rsquo;aspiration de la ligne d&rsquo;\u00e9maillage et option de support pivotant. Il incorpore un syst\u00e8me d&rsquo;ajustement automatique continu bas\u00e9 sur le nombre de pi\u00e8ces lav\u00e9es. Ce syst\u00e8me comprend un tableau \u00e9lectrique avec PLC et \u00e9cran pour la r\u00e9gulation de l&rsquo;\u00e9quipement en mode manuel et automatique, l&rsquo;\u00e9cran informe sur les alarmes et admet les recettes.<\/p>\n","protected":false},"featured_media":2102,"template":"","meta":{"site-sidebar-layout":"default","site-content-layout":"default","ast-site-content-layout":"default","site-content-style":"default","site-sidebar-style":"default","ast-global-header-display":"","ast-banner-title-visibility":"","ast-main-header-display":"","ast-hfb-above-header-display":"","ast-hfb-below-header-display":"","ast-hfb-mobile-header-display":"","site-post-title":"","ast-breadcrumbs-content":"","ast-featured-img":"","footer-sml-layout":"","ast-disable-related-posts":"","theme-transparent-header-meta":"default","adv-header-id-meta":"","stick-header-meta":"default","header-above-stick-meta":"","header-main-stick-meta":"","header-below-stick-meta":"","astra-migrate-meta-layouts":"set","ast-page-background-enabled":"default","ast-page-background-meta":{"desktop":{"background-color":"var(--ast-global-color-4)","background-image":"","background-repeat":"repeat","background-position":"center center","background-size":"auto","background-attachment":"scroll","background-type":"","background-media":"","overlay-type":"","overlay-color":"","overlay-opacity":"","overlay-gradient":""},"tablet":{"background-color":"","background-image":"","background-repeat":"repeat","background-position":"center center","background-size":"auto","background-attachment":"scroll","background-type":"","background-media":"","overlay-type":"","overlay-color":"","overlay-opacity":"","overlay-gradient":""},"mobile":{"background-color":"","background-image":"","background-repeat":"repeat","background-position":"center center","background-size":"auto","background-attachment":"scroll","background-type":"","background-media":"","overlay-type":"","overlay-color":"","overlay-opacity":"","overlay-gradient":""}},"ast-content-background-meta":{"desktop":{"background-color":"var(--ast-global-color-5)","background-image":"","background-repeat":"repeat","background-position":"center center","background-size":"auto","background-attachment":"scroll","background-type":"","background-media":"","overlay-type":"","overlay-color":"","overlay-opacity":"","overlay-gradient":""},"tablet":{"background-color":"var(--ast-global-color-5)","background-image":"","background-repeat":"repeat","background-position":"center center","background-size":"auto","background-attachment":"scroll","background-type":"","background-media":"","overlay-type":"","overlay-color":"","overlay-opacity":"","overlay-gradient":""},"mobile":{"background-color":"var(--ast-global-color-5)","background-image":"","background-repeat":"repeat","background-position":"center center","background-size":"auto","background-attachment":"scroll","background-type":"","background-media":"","overlay-type":"","overlay-color":"","overlay-opacity":"","overlay-gradient":""}}},"product_brand":[],"product_cat":[41,112,115],"product_tag":[],"class_list":{"0":"post-1486","1":"product","2":"type-product","3":"status-publish","4":"has-post-thumbnail","6":"product_cat-lignes-de-vitrage-industrie-de-la-ceramique-fr","7":"product_cat-transport-et-manipulation-du-carreu-sur-ligne","8":"product_cat-nettoyeurs-lateraux","9":"desktop-align-left","10":"tablet-align-left","11":"mobile-align-left","13":"first","14":"instock","15":"shipping-taxable","16":"product-type-simple"},"yoast_head":"<!-- This site is optimized with the Yoast SEO plugin v27.5 - https:\/\/yoast.com\/product\/yoast-seo-wordpress\/ -->\n<title>Nettoyeur \u00e0 feutre avec reglage automatique F-60\/F100\/F130 - Talleres Foro<\/title>\n<meta name=\"robots\" content=\"index, follow, max-snippet:-1, max-image-preview:large, max-video-preview:-1\" \/>\n<link rel=\"canonical\" href=\"https:\/\/www.talleresforo.com\/producto\/fregador-de-fieltro-con-ajuste-automatico-f-60-f-100-f-130\/\" \/>\n<meta property=\"og:locale\" content=\"fr_FR\" \/>\n<meta property=\"og:type\" content=\"article\" \/>\n<meta property=\"og:title\" content=\"Nettoyeur \u00e0 feutre avec reglage automatique F-60\/F100\/F130 - Talleres Foro\" \/>\n<meta property=\"og:description\" content=\"Enl\u00e8ve l&#039;\u00e9mail du bord du carreau en frottant \u00e0 sec avec des disques de feutre. R\u00e9glable verticalement et horizontalement. Avec bo\u00eetier d&#039;aspiration pour le raccordement au syst\u00e8me d&#039;aspiration de la ligne d&#039;\u00e9maillage et option de support pivotant. Il incorpore un syst\u00e8me d&#039;ajustement automatique continu bas\u00e9 sur le nombre de pi\u00e8ces lav\u00e9es. Ce syst\u00e8me comprend un tableau \u00e9lectrique avec PLC et \u00e9cran pour la r\u00e9gulation de l&#039;\u00e9quipement en mode manuel et automatique, l&#039;\u00e9cran informe sur les alarmes et admet les recettes.\" \/>\n<meta property=\"og:url\" content=\"https:\/\/www.talleresforo.com\/producto\/fregador-de-fieltro-con-ajuste-automatico-f-60-f-100-f-130\/\" \/>\n<meta property=\"og:site_name\" content=\"Talleres Foro\" \/>\n<meta property=\"article:modified_time\" content=\"2026-03-12T14:42:20+00:00\" \/>\n<meta property=\"og:image\" content=\"https:\/\/www.talleresforo.com\/wp-content\/uploads\/2024\/07\/FREGADOR-AUTOMATICO01BR.jpg\" \/>\n\t<meta property=\"og:image:width\" content=\"567\" \/>\n\t<meta property=\"og:image:height\" content=\"425\" \/>\n\t<meta property=\"og:image:type\" content=\"image\/jpeg\" \/>\n<meta name=\"twitter:card\" content=\"summary_large_image\" \/>\n<meta name=\"twitter:label1\" content=\"Dur\u00e9e de lecture estim\u00e9e\" \/>\n\t<meta name=\"twitter:data1\" content=\"1 minute\" \/>\n<script type=\"application\/ld+json\" class=\"yoast-schema-graph\">{\"@context\":\"https:\\\/\\\/schema.org\",\"@graph\":[{\"@type\":\"WebPage\",\"@id\":\"https:\\\/\\\/www.talleresforo.com\\\/producto\\\/fregador-de-fieltro-con-ajuste-automatico-f-60-f-100-f-130\\\/\",\"url\":\"https:\\\/\\\/www.talleresforo.com\\\/producto\\\/fregador-de-fieltro-con-ajuste-automatico-f-60-f-100-f-130\\\/\",\"name\":\"Nettoyeur \u00e0 feutre avec reglage automatique F-60\\\/F100\\\/F130 - Talleres Foro\",\"isPartOf\":{\"@id\":\"https:\\\/\\\/www.talleresforo.com\\\/#website\"},\"primaryImageOfPage\":{\"@id\":\"https:\\\/\\\/www.talleresforo.com\\\/producto\\\/fregador-de-fieltro-con-ajuste-automatico-f-60-f-100-f-130\\\/#primaryimage\"},\"image\":{\"@id\":\"https:\\\/\\\/www.talleresforo.com\\\/producto\\\/fregador-de-fieltro-con-ajuste-automatico-f-60-f-100-f-130\\\/#primaryimage\"},\"thumbnailUrl\":\"https:\\\/\\\/www.talleresforo.com\\\/wp-content\\\/uploads\\\/2024\\\/07\\\/FREGADOR-AUTOMATICO01BR.jpg\",\"datePublished\":\"2025-08-17T09:08:56+00:00\",\"dateModified\":\"2026-03-12T14:42:20+00:00\",\"breadcrumb\":{\"@id\":\"https:\\\/\\\/www.talleresforo.com\\\/producto\\\/fregador-de-fieltro-con-ajuste-automatico-f-60-f-100-f-130\\\/#breadcrumb\"},\"inLanguage\":\"fr-FR\",\"potentialAction\":[{\"@type\":\"ReadAction\",\"target\":[\"https:\\\/\\\/www.talleresforo.com\\\/producto\\\/fregador-de-fieltro-con-ajuste-automatico-f-60-f-100-f-130\\\/\"]}]},{\"@type\":\"ImageObject\",\"inLanguage\":\"fr-FR\",\"@id\":\"https:\\\/\\\/www.talleresforo.com\\\/producto\\\/fregador-de-fieltro-con-ajuste-automatico-f-60-f-100-f-130\\\/#primaryimage\",\"url\":\"https:\\\/\\\/www.talleresforo.com\\\/wp-content\\\/uploads\\\/2024\\\/07\\\/FREGADOR-AUTOMATICO01BR.jpg\",\"contentUrl\":\"https:\\\/\\\/www.talleresforo.com\\\/wp-content\\\/uploads\\\/2024\\\/07\\\/FREGADOR-AUTOMATICO01BR.jpg\",\"width\":567,\"height\":425},{\"@type\":\"BreadcrumbList\",\"@id\":\"https:\\\/\\\/www.talleresforo.com\\\/producto\\\/fregador-de-fieltro-con-ajuste-automatico-f-60-f-100-f-130\\\/#breadcrumb\",\"itemListElement\":[{\"@type\":\"ListItem\",\"position\":1,\"name\":\"Portada\",\"item\":\"https:\\\/\\\/www.talleresforo.com\\\/fr\\\/\"},{\"@type\":\"ListItem\",\"position\":2,\"name\":\"Boutique\",\"item\":\"https:\\\/\\\/www.talleresforo.com\\\/fr\\\/boutique\\\/\"},{\"@type\":\"ListItem\",\"position\":3,\"name\":\"Nettoyeur \u00e0 feutre avec reglage automatique F-60\\\/F100\\\/F130\"}]},{\"@type\":\"WebSite\",\"@id\":\"https:\\\/\\\/www.talleresforo.com\\\/#website\",\"url\":\"https:\\\/\\\/www.talleresforo.com\\\/\",\"name\":\"Talleres Foro\",\"description\":\"Glazing lines for ceramics\",\"publisher\":{\"@id\":\"https:\\\/\\\/www.talleresforo.com\\\/#organization\"},\"potentialAction\":[{\"@type\":\"SearchAction\",\"target\":{\"@type\":\"EntryPoint\",\"urlTemplate\":\"https:\\\/\\\/www.talleresforo.com\\\/?s={search_term_string}\"},\"query-input\":{\"@type\":\"PropertyValueSpecification\",\"valueRequired\":true,\"valueName\":\"search_term_string\"}}],\"inLanguage\":\"fr-FR\"},{\"@type\":\"Organization\",\"@id\":\"https:\\\/\\\/www.talleresforo.com\\\/#organization\",\"name\":\"Talleres Foro\",\"url\":\"https:\\\/\\\/www.talleresforo.com\\\/\",\"logo\":{\"@type\":\"ImageObject\",\"inLanguage\":\"fr-FR\",\"@id\":\"https:\\\/\\\/www.talleresforo.com\\\/#\\\/schema\\\/logo\\\/image\\\/\",\"url\":\"https:\\\/\\\/www.talleresforo.com\\\/wp-content\\\/uploads\\\/2025\\\/09\\\/logo-principal.png\",\"contentUrl\":\"https:\\\/\\\/www.talleresforo.com\\\/wp-content\\\/uploads\\\/2025\\\/09\\\/logo-principal.png\",\"width\":1100,\"height\":510,\"caption\":\"Talleres Foro\"},\"image\":{\"@id\":\"https:\\\/\\\/www.talleresforo.com\\\/#\\\/schema\\\/logo\\\/image\\\/\"}}]}<\/script>\n<!-- \/ Yoast SEO plugin. -->","yoast_head_json":{"title":"Nettoyeur \u00e0 feutre avec reglage automatique F-60\/F100\/F130 - Talleres Foro","robots":{"index":"index","follow":"follow","max-snippet":"max-snippet:-1","max-image-preview":"max-image-preview:large","max-video-preview":"max-video-preview:-1"},"canonical":"https:\/\/www.talleresforo.com\/producto\/fregador-de-fieltro-con-ajuste-automatico-f-60-f-100-f-130\/","og_locale":"fr_FR","og_type":"article","og_title":"Nettoyeur \u00e0 feutre avec reglage automatique F-60\/F100\/F130 - Talleres Foro","og_description":"Enl\u00e8ve l'\u00e9mail du bord du carreau en frottant \u00e0 sec avec des disques de feutre. R\u00e9glable verticalement et horizontalement. Avec bo\u00eetier d'aspiration pour le raccordement au syst\u00e8me d'aspiration de la ligne d'\u00e9maillage et option de support pivotant. Il incorpore un syst\u00e8me d'ajustement automatique continu bas\u00e9 sur le nombre de pi\u00e8ces lav\u00e9es. Ce syst\u00e8me comprend un tableau \u00e9lectrique avec PLC et \u00e9cran pour la r\u00e9gulation de l'\u00e9quipement en mode manuel et automatique, l'\u00e9cran informe sur les alarmes et admet les recettes.","og_url":"https:\/\/www.talleresforo.com\/producto\/fregador-de-fieltro-con-ajuste-automatico-f-60-f-100-f-130\/","og_site_name":"Talleres Foro","article_modified_time":"2026-03-12T14:42:20+00:00","og_image":[{"width":567,"height":425,"url":"https:\/\/www.talleresforo.com\/wp-content\/uploads\/2024\/07\/FREGADOR-AUTOMATICO01BR.jpg","type":"image\/jpeg"}],"twitter_card":"summary_large_image","twitter_misc":{"Dur\u00e9e de lecture estim\u00e9e":"1 minute"},"schema":{"@context":"https:\/\/schema.org","@graph":[{"@type":"WebPage","@id":"https:\/\/www.talleresforo.com\/producto\/fregador-de-fieltro-con-ajuste-automatico-f-60-f-100-f-130\/","url":"https:\/\/www.talleresforo.com\/producto\/fregador-de-fieltro-con-ajuste-automatico-f-60-f-100-f-130\/","name":"Nettoyeur \u00e0 feutre avec reglage automatique F-60\/F100\/F130 - Talleres Foro","isPartOf":{"@id":"https:\/\/www.talleresforo.com\/#website"},"primaryImageOfPage":{"@id":"https:\/\/www.talleresforo.com\/producto\/fregador-de-fieltro-con-ajuste-automatico-f-60-f-100-f-130\/#primaryimage"},"image":{"@id":"https:\/\/www.talleresforo.com\/producto\/fregador-de-fieltro-con-ajuste-automatico-f-60-f-100-f-130\/#primaryimage"},"thumbnailUrl":"https:\/\/www.talleresforo.com\/wp-content\/uploads\/2024\/07\/FREGADOR-AUTOMATICO01BR.jpg","datePublished":"2025-08-17T09:08:56+00:00","dateModified":"2026-03-12T14:42:20+00:00","breadcrumb":{"@id":"https:\/\/www.talleresforo.com\/producto\/fregador-de-fieltro-con-ajuste-automatico-f-60-f-100-f-130\/#breadcrumb"},"inLanguage":"fr-FR","potentialAction":[{"@type":"ReadAction","target":["https:\/\/www.talleresforo.com\/producto\/fregador-de-fieltro-con-ajuste-automatico-f-60-f-100-f-130\/"]}]},{"@type":"ImageObject","inLanguage":"fr-FR","@id":"https:\/\/www.talleresforo.com\/producto\/fregador-de-fieltro-con-ajuste-automatico-f-60-f-100-f-130\/#primaryimage","url":"https:\/\/www.talleresforo.com\/wp-content\/uploads\/2024\/07\/FREGADOR-AUTOMATICO01BR.jpg","contentUrl":"https:\/\/www.talleresforo.com\/wp-content\/uploads\/2024\/07\/FREGADOR-AUTOMATICO01BR.jpg","width":567,"height":425},{"@type":"BreadcrumbList","@id":"https:\/\/www.talleresforo.com\/producto\/fregador-de-fieltro-con-ajuste-automatico-f-60-f-100-f-130\/#breadcrumb","itemListElement":[{"@type":"ListItem","position":1,"name":"Portada","item":"https:\/\/www.talleresforo.com\/fr\/"},{"@type":"ListItem","position":2,"name":"Boutique","item":"https:\/\/www.talleresforo.com\/fr\/boutique\/"},{"@type":"ListItem","position":3,"name":"Nettoyeur \u00e0 feutre avec reglage automatique F-60\/F100\/F130"}]},{"@type":"WebSite","@id":"https:\/\/www.talleresforo.com\/#website","url":"https:\/\/www.talleresforo.com\/","name":"Talleres Foro","description":"Glazing lines for ceramics","publisher":{"@id":"https:\/\/www.talleresforo.com\/#organization"},"potentialAction":[{"@type":"SearchAction","target":{"@type":"EntryPoint","urlTemplate":"https:\/\/www.talleresforo.com\/?s={search_term_string}"},"query-input":{"@type":"PropertyValueSpecification","valueRequired":true,"valueName":"search_term_string"}}],"inLanguage":"fr-FR"},{"@type":"Organization","@id":"https:\/\/www.talleresforo.com\/#organization","name":"Talleres Foro","url":"https:\/\/www.talleresforo.com\/","logo":{"@type":"ImageObject","inLanguage":"fr-FR","@id":"https:\/\/www.talleresforo.com\/#\/schema\/logo\/image\/","url":"https:\/\/www.talleresforo.com\/wp-content\/uploads\/2025\/09\/logo-principal.png","contentUrl":"https:\/\/www.talleresforo.com\/wp-content\/uploads\/2025\/09\/logo-principal.png","width":1100,"height":510,"caption":"Talleres Foro"},"image":{"@id":"https:\/\/www.talleresforo.com\/#\/schema\/logo\/image\/"}}]}},"_links":{"self":[{"href":"https:\/\/www.talleresforo.com\/fr\/wp-json\/wp\/v2\/product\/1486","targetHints":{"allow":["GET"]}}],"collection":[{"href":"https:\/\/www.talleresforo.com\/fr\/wp-json\/wp\/v2\/product"}],"about":[{"href":"https:\/\/www.talleresforo.com\/fr\/wp-json\/wp\/v2\/types\/product"}],"wp:featuredmedia":[{"embeddable":true,"href":"https:\/\/www.talleresforo.com\/fr\/wp-json\/wp\/v2\/media\/2102"}],"wp:attachment":[{"href":"https:\/\/www.talleresforo.com\/fr\/wp-json\/wp\/v2\/media?parent=1486"}],"wp:term":[{"taxonomy":"product_brand","embeddable":true,"href":"https:\/\/www.talleresforo.com\/fr\/wp-json\/wp\/v2\/product_brand?post=1486"},{"taxonomy":"product_cat","embeddable":true,"href":"https:\/\/www.talleresforo.com\/fr\/wp-json\/wp\/v2\/product_cat?post=1486"},{"taxonomy":"product_tag","embeddable":true,"href":"https:\/\/www.talleresforo.com\/fr\/wp-json\/wp\/v2\/product_tag?post=1486"}],"curies":[{"name":"wp","href":"https:\/\/api.w.org\/{rel}","templated":true}]}}