{"id":1554,"date":"2025-08-10T11:08:53","date_gmt":"2025-08-10T09:08:53","guid":{"rendered":"https:\/\/foro.delfrom.com\/producto\/disperseur-melangeur-dispermix-vf-4-7-11-n\/"},"modified":"2026-03-13T08:20:53","modified_gmt":"2026-03-13T07:20:53","slug":"disperseur-melangeur-dispermix-vf-4-7-11-n","status":"publish","type":"product","link":"https:\/\/www.talleresforo.com\/fr\/producto\/disperseur-melangeur-dispermix-vf-4-7-11-n\/","title":{"rendered":"Disperseur\/mixeur DISPERMIX VF 4\/7\/11 N"},"content":{"rendered":"<p>Disperseurs \/ mixeurs avec variation \u00e9lectronique de vitesse pour le travail avec d\u00e9p\u00f4ts portables .<br \/>\n&#8211; Possibilit\u00e9 de fixation au sol ou mur.<br \/>\n&#8211; Con\u00e7u pour la fabrication de lots de 45 jusqu\u2019\u00e0 850 l.<br \/>\n&#8211; Ajustement de vitesse en continu moyennant variateur<br \/>\nde fr\u00e9quence. Fonctionnement douce et silencieux.<br \/>\n&#8211; \u00c9l\u00e9vation de la t\u00eate par syst\u00e8me pneumatique<br \/>\n&#8211; El\u00e9ments de s\u00e9curit\u00e9:<br \/>\n&#8211; Pr\u00e9sence d\u00e9p\u00f4t: courroie de subjection avec du micro.<br \/>\n&#8211; S\u00e9curit\u00e9 en hauteur<br \/>\n&#8211; Protection de l\u2019arbre.<br \/>\nDisque de dispersion en inox de diam\u00e8tre en fonction du mod\u00e8le, \u00e0 dent de scie.<\/p>\n","protected":false},"excerpt":{"rendered":"<p>Disperseurs \/ m\u00e9langeurs avec variation \u00e9lectronique de la vitesse pour travailler avec des r\u00e9servoirs portables.<\/p>\n<p>&#8211; Machines \u00e0 poser au sol ou \u00e0 fixer au mur<\/p>\n<p>&#8211; Pour la production de lots de 45 \u00e0 850 l.<\/p>\n<p>&#8211; R\u00e9glage continu de la vitesse au moyen d&rsquo;un convertisseur de fr\u00e9quence. Fonctionnement souple et silencieux.<\/p>\n<p>&#8211; Levage pneumatique de la t\u00eate<\/p>\n<p>&#8211; \u00c9l\u00e9ments de s\u00e9curit\u00e9 :<\/p>\n<p>&#8211; Pr\u00e9sence dans le r\u00e9servoir : sangle avec microphone.<\/p>\n<p>&#8211; S\u00e9curit\u00e9 en hauteur.<\/p>\n<p>&#8211; Protection de l&rsquo;essieu.<\/p>\n<p>&#8211; Disque d&rsquo;\u00e9pandage de type \u00ab\u00a0dents de scie\u00a0\u00bb en acier inoxydable, diam\u00e8tre selon mod\u00e8le.<\/p>\n","protected":false},"featured_media":2575,"template":"","meta":{"site-sidebar-layout":"default","site-content-layout":"default","ast-site-content-layout":"default","site-content-style":"default","site-sidebar-style":"default","ast-global-header-display":"","ast-banner-title-visibility":"","ast-main-header-display":"","ast-hfb-above-header-display":"","ast-hfb-below-header-display":"","ast-hfb-mobile-header-display":"","site-post-title":"","ast-breadcrumbs-content":"","ast-featured-img":"","footer-sml-layout":"","ast-disable-related-posts":"","theme-transparent-header-meta":"default","adv-header-id-meta":"","stick-header-meta":"default","header-above-stick-meta":"","header-main-stick-meta":"","header-below-stick-meta":"","astra-migrate-meta-layouts":"set","ast-page-background-enabled":"default","ast-page-background-meta":{"desktop":{"background-color":"var(--ast-global-color-4)","background-image":"","background-repeat":"repeat","background-position":"center center","background-size":"auto","background-attachment":"scroll","background-type":"","background-media":"","overlay-type":"","overlay-color":"","overlay-opacity":"","overlay-gradient":""},"tablet":{"background-color":"","background-image":"","background-repeat":"repeat","background-position":"center center","background-size":"auto","background-attachment":"scroll","background-type":"","background-media":"","overlay-type":"","overlay-color":"","overlay-opacity":"","overlay-gradient":""},"mobile":{"background-color":"","background-image":"","background-repeat":"repeat","background-position":"center center","background-size":"auto","background-attachment":"scroll","background-type":"","background-media":"","overlay-type":"","overlay-color":"","overlay-opacity":"","overlay-gradient":""}},"ast-content-background-meta":{"desktop":{"background-color":"var(--ast-global-color-5)","background-image":"","background-repeat":"repeat","background-position":"center center","background-size":"auto","background-attachment":"scroll","background-type":"","background-media":"","overlay-type":"","overlay-color":"","overlay-opacity":"","overlay-gradient":""},"tablet":{"background-color":"var(--ast-global-color-5)","background-image":"","background-repeat":"repeat","background-position":"center center","background-size":"auto","background-attachment":"scroll","background-type":"","background-media":"","overlay-type":"","overlay-color":"","overlay-opacity":"","overlay-gradient":""},"mobile":{"background-color":"var(--ast-global-color-5)","background-image":"","background-repeat":"repeat","background-position":"center center","background-size":"auto","background-attachment":"scroll","background-type":"","background-media":"","overlay-type":"","overlay-color":"","overlay-opacity":"","overlay-gradient":""}}},"product_brand":[],"product_cat":[45],"product_tag":[],"class_list":{"0":"post-1554","1":"product","2":"type-product","3":"status-publish","4":"has-post-thumbnail","6":"product_cat-preparation-du-glacage","7":"desktop-align-left","8":"tablet-align-left","9":"mobile-align-left","11":"first","12":"instock","13":"shipping-taxable","14":"product-type-simple"},"yoast_head":"<!-- This site is optimized with the Yoast SEO plugin v27.5 - https:\/\/yoast.com\/product\/yoast-seo-wordpress\/ -->\n<title>Disperseur\/mixeur DISPERMIX VF 4\/7\/11 N - Talleres Foro<\/title>\n<meta name=\"robots\" content=\"index, follow, max-snippet:-1, max-image-preview:large, max-video-preview:-1\" \/>\n<link rel=\"canonical\" href=\"https:\/\/www.talleresforo.com\/producto\/dispersor-mezclador-dispermix-vf-4-7-11-n\/\" \/>\n<meta property=\"og:locale\" content=\"fr_FR\" \/>\n<meta property=\"og:type\" content=\"article\" \/>\n<meta property=\"og:title\" content=\"Disperseur\/mixeur DISPERMIX VF 4\/7\/11 N - Talleres Foro\" \/>\n<meta property=\"og:description\" content=\"Disperseurs \/ m\u00e9langeurs avec variation \u00e9lectronique de la vitesse pour travailler avec des r\u00e9servoirs portables.  - Machines \u00e0 poser au sol ou \u00e0 fixer au mur  - Pour la production de lots de 45 \u00e0 850 l.  - R\u00e9glage continu de la vitesse au moyen d&#039;un convertisseur de fr\u00e9quence. Fonctionnement souple et silencieux.  - Levage pneumatique de la t\u00eate  - \u00c9l\u00e9ments de s\u00e9curit\u00e9 :  - Pr\u00e9sence dans le r\u00e9servoir : sangle avec microphone.  - S\u00e9curit\u00e9 en hauteur.  - Protection de l&#039;essieu.  - Disque d&#039;\u00e9pandage de type &quot;dents de scie&quot; en acier inoxydable, diam\u00e8tre selon mod\u00e8le.\" \/>\n<meta property=\"og:url\" content=\"https:\/\/www.talleresforo.com\/producto\/dispersor-mezclador-dispermix-vf-4-7-11-n\/\" \/>\n<meta property=\"og:site_name\" content=\"Talleres Foro\" \/>\n<meta property=\"article:modified_time\" content=\"2026-03-13T07:20:53+00:00\" \/>\n<meta property=\"og:image\" content=\"https:\/\/www.talleresforo.com\/wp-content\/uploads\/2024\/07\/DISPERMIX-2024.jpg\" \/>\n\t<meta property=\"og:image:width\" content=\"473\" \/>\n\t<meta property=\"og:image:height\" content=\"709\" \/>\n\t<meta property=\"og:image:type\" content=\"image\/jpeg\" \/>\n<meta name=\"twitter:card\" content=\"summary_large_image\" \/>\n<meta name=\"twitter:label1\" content=\"Dur\u00e9e de lecture estim\u00e9e\" \/>\n\t<meta name=\"twitter:data1\" content=\"1 minute\" \/>\n<script type=\"application\/ld+json\" class=\"yoast-schema-graph\">{\"@context\":\"https:\\\/\\\/schema.org\",\"@graph\":[{\"@type\":\"WebPage\",\"@id\":\"https:\\\/\\\/www.talleresforo.com\\\/producto\\\/dispersor-mezclador-dispermix-vf-4-7-11-n\\\/\",\"url\":\"https:\\\/\\\/www.talleresforo.com\\\/producto\\\/dispersor-mezclador-dispermix-vf-4-7-11-n\\\/\",\"name\":\"Disperseur\\\/mixeur DISPERMIX VF 4\\\/7\\\/11 N - Talleres Foro\",\"isPartOf\":{\"@id\":\"https:\\\/\\\/www.talleresforo.com\\\/#website\"},\"primaryImageOfPage\":{\"@id\":\"https:\\\/\\\/www.talleresforo.com\\\/producto\\\/dispersor-mezclador-dispermix-vf-4-7-11-n\\\/#primaryimage\"},\"image\":{\"@id\":\"https:\\\/\\\/www.talleresforo.com\\\/producto\\\/dispersor-mezclador-dispermix-vf-4-7-11-n\\\/#primaryimage\"},\"thumbnailUrl\":\"https:\\\/\\\/www.talleresforo.com\\\/wp-content\\\/uploads\\\/2024\\\/07\\\/DISPERMIX-2024.jpg\",\"datePublished\":\"2025-08-10T09:08:53+00:00\",\"dateModified\":\"2026-03-13T07:20:53+00:00\",\"breadcrumb\":{\"@id\":\"https:\\\/\\\/www.talleresforo.com\\\/producto\\\/dispersor-mezclador-dispermix-vf-4-7-11-n\\\/#breadcrumb\"},\"inLanguage\":\"fr-FR\",\"potentialAction\":[{\"@type\":\"ReadAction\",\"target\":[\"https:\\\/\\\/www.talleresforo.com\\\/producto\\\/dispersor-mezclador-dispermix-vf-4-7-11-n\\\/\"]}]},{\"@type\":\"ImageObject\",\"inLanguage\":\"fr-FR\",\"@id\":\"https:\\\/\\\/www.talleresforo.com\\\/producto\\\/dispersor-mezclador-dispermix-vf-4-7-11-n\\\/#primaryimage\",\"url\":\"https:\\\/\\\/www.talleresforo.com\\\/wp-content\\\/uploads\\\/2024\\\/07\\\/DISPERMIX-2024.jpg\",\"contentUrl\":\"https:\\\/\\\/www.talleresforo.com\\\/wp-content\\\/uploads\\\/2024\\\/07\\\/DISPERMIX-2024.jpg\",\"width\":473,\"height\":709},{\"@type\":\"BreadcrumbList\",\"@id\":\"https:\\\/\\\/www.talleresforo.com\\\/producto\\\/dispersor-mezclador-dispermix-vf-4-7-11-n\\\/#breadcrumb\",\"itemListElement\":[{\"@type\":\"ListItem\",\"position\":1,\"name\":\"Portada\",\"item\":\"https:\\\/\\\/www.talleresforo.com\\\/fr\\\/\"},{\"@type\":\"ListItem\",\"position\":2,\"name\":\"Boutique\",\"item\":\"https:\\\/\\\/www.talleresforo.com\\\/fr\\\/boutique\\\/\"},{\"@type\":\"ListItem\",\"position\":3,\"name\":\"Disperseur\\\/mixeur DISPERMIX VF 4\\\/7\\\/11 N\"}]},{\"@type\":\"WebSite\",\"@id\":\"https:\\\/\\\/www.talleresforo.com\\\/#website\",\"url\":\"https:\\\/\\\/www.talleresforo.com\\\/\",\"name\":\"Talleres Foro\",\"description\":\"Glazing lines for ceramics\",\"publisher\":{\"@id\":\"https:\\\/\\\/www.talleresforo.com\\\/#organization\"},\"potentialAction\":[{\"@type\":\"SearchAction\",\"target\":{\"@type\":\"EntryPoint\",\"urlTemplate\":\"https:\\\/\\\/www.talleresforo.com\\\/?s={search_term_string}\"},\"query-input\":{\"@type\":\"PropertyValueSpecification\",\"valueRequired\":true,\"valueName\":\"search_term_string\"}}],\"inLanguage\":\"fr-FR\"},{\"@type\":\"Organization\",\"@id\":\"https:\\\/\\\/www.talleresforo.com\\\/#organization\",\"name\":\"Talleres Foro\",\"url\":\"https:\\\/\\\/www.talleresforo.com\\\/\",\"logo\":{\"@type\":\"ImageObject\",\"inLanguage\":\"fr-FR\",\"@id\":\"https:\\\/\\\/www.talleresforo.com\\\/#\\\/schema\\\/logo\\\/image\\\/\",\"url\":\"https:\\\/\\\/www.talleresforo.com\\\/wp-content\\\/uploads\\\/2025\\\/09\\\/logo-principal.png\",\"contentUrl\":\"https:\\\/\\\/www.talleresforo.com\\\/wp-content\\\/uploads\\\/2025\\\/09\\\/logo-principal.png\",\"width\":1100,\"height\":510,\"caption\":\"Talleres Foro\"},\"image\":{\"@id\":\"https:\\\/\\\/www.talleresforo.com\\\/#\\\/schema\\\/logo\\\/image\\\/\"}}]}<\/script>\n<!-- \/ Yoast SEO plugin. -->","yoast_head_json":{"title":"Disperseur\/mixeur DISPERMIX VF 4\/7\/11 N - Talleres Foro","robots":{"index":"index","follow":"follow","max-snippet":"max-snippet:-1","max-image-preview":"max-image-preview:large","max-video-preview":"max-video-preview:-1"},"canonical":"https:\/\/www.talleresforo.com\/producto\/dispersor-mezclador-dispermix-vf-4-7-11-n\/","og_locale":"fr_FR","og_type":"article","og_title":"Disperseur\/mixeur DISPERMIX VF 4\/7\/11 N - Talleres Foro","og_description":"Disperseurs \/ m\u00e9langeurs avec variation \u00e9lectronique de la vitesse pour travailler avec des r\u00e9servoirs portables.  - Machines \u00e0 poser au sol ou \u00e0 fixer au mur  - Pour la production de lots de 45 \u00e0 850 l.  - R\u00e9glage continu de la vitesse au moyen d'un convertisseur de fr\u00e9quence. Fonctionnement souple et silencieux.  - Levage pneumatique de la t\u00eate  - \u00c9l\u00e9ments de s\u00e9curit\u00e9 :  - Pr\u00e9sence dans le r\u00e9servoir : sangle avec microphone.  - S\u00e9curit\u00e9 en hauteur.  - Protection de l'essieu.  - Disque d'\u00e9pandage de type \"dents de scie\" en acier inoxydable, diam\u00e8tre selon mod\u00e8le.","og_url":"https:\/\/www.talleresforo.com\/producto\/dispersor-mezclador-dispermix-vf-4-7-11-n\/","og_site_name":"Talleres Foro","article_modified_time":"2026-03-13T07:20:53+00:00","og_image":[{"width":473,"height":709,"url":"https:\/\/www.talleresforo.com\/wp-content\/uploads\/2024\/07\/DISPERMIX-2024.jpg","type":"image\/jpeg"}],"twitter_card":"summary_large_image","twitter_misc":{"Dur\u00e9e de lecture estim\u00e9e":"1 minute"},"schema":{"@context":"https:\/\/schema.org","@graph":[{"@type":"WebPage","@id":"https:\/\/www.talleresforo.com\/producto\/dispersor-mezclador-dispermix-vf-4-7-11-n\/","url":"https:\/\/www.talleresforo.com\/producto\/dispersor-mezclador-dispermix-vf-4-7-11-n\/","name":"Disperseur\/mixeur DISPERMIX VF 4\/7\/11 N - Talleres Foro","isPartOf":{"@id":"https:\/\/www.talleresforo.com\/#website"},"primaryImageOfPage":{"@id":"https:\/\/www.talleresforo.com\/producto\/dispersor-mezclador-dispermix-vf-4-7-11-n\/#primaryimage"},"image":{"@id":"https:\/\/www.talleresforo.com\/producto\/dispersor-mezclador-dispermix-vf-4-7-11-n\/#primaryimage"},"thumbnailUrl":"https:\/\/www.talleresforo.com\/wp-content\/uploads\/2024\/07\/DISPERMIX-2024.jpg","datePublished":"2025-08-10T09:08:53+00:00","dateModified":"2026-03-13T07:20:53+00:00","breadcrumb":{"@id":"https:\/\/www.talleresforo.com\/producto\/dispersor-mezclador-dispermix-vf-4-7-11-n\/#breadcrumb"},"inLanguage":"fr-FR","potentialAction":[{"@type":"ReadAction","target":["https:\/\/www.talleresforo.com\/producto\/dispersor-mezclador-dispermix-vf-4-7-11-n\/"]}]},{"@type":"ImageObject","inLanguage":"fr-FR","@id":"https:\/\/www.talleresforo.com\/producto\/dispersor-mezclador-dispermix-vf-4-7-11-n\/#primaryimage","url":"https:\/\/www.talleresforo.com\/wp-content\/uploads\/2024\/07\/DISPERMIX-2024.jpg","contentUrl":"https:\/\/www.talleresforo.com\/wp-content\/uploads\/2024\/07\/DISPERMIX-2024.jpg","width":473,"height":709},{"@type":"BreadcrumbList","@id":"https:\/\/www.talleresforo.com\/producto\/dispersor-mezclador-dispermix-vf-4-7-11-n\/#breadcrumb","itemListElement":[{"@type":"ListItem","position":1,"name":"Portada","item":"https:\/\/www.talleresforo.com\/fr\/"},{"@type":"ListItem","position":2,"name":"Boutique","item":"https:\/\/www.talleresforo.com\/fr\/boutique\/"},{"@type":"ListItem","position":3,"name":"Disperseur\/mixeur DISPERMIX VF 4\/7\/11 N"}]},{"@type":"WebSite","@id":"https:\/\/www.talleresforo.com\/#website","url":"https:\/\/www.talleresforo.com\/","name":"Talleres Foro","description":"Glazing lines for ceramics","publisher":{"@id":"https:\/\/www.talleresforo.com\/#organization"},"potentialAction":[{"@type":"SearchAction","target":{"@type":"EntryPoint","urlTemplate":"https:\/\/www.talleresforo.com\/?s={search_term_string}"},"query-input":{"@type":"PropertyValueSpecification","valueRequired":true,"valueName":"search_term_string"}}],"inLanguage":"fr-FR"},{"@type":"Organization","@id":"https:\/\/www.talleresforo.com\/#organization","name":"Talleres Foro","url":"https:\/\/www.talleresforo.com\/","logo":{"@type":"ImageObject","inLanguage":"fr-FR","@id":"https:\/\/www.talleresforo.com\/#\/schema\/logo\/image\/","url":"https:\/\/www.talleresforo.com\/wp-content\/uploads\/2025\/09\/logo-principal.png","contentUrl":"https:\/\/www.talleresforo.com\/wp-content\/uploads\/2025\/09\/logo-principal.png","width":1100,"height":510,"caption":"Talleres Foro"},"image":{"@id":"https:\/\/www.talleresforo.com\/#\/schema\/logo\/image\/"}}]}},"_links":{"self":[{"href":"https:\/\/www.talleresforo.com\/fr\/wp-json\/wp\/v2\/product\/1554","targetHints":{"allow":["GET"]}}],"collection":[{"href":"https:\/\/www.talleresforo.com\/fr\/wp-json\/wp\/v2\/product"}],"about":[{"href":"https:\/\/www.talleresforo.com\/fr\/wp-json\/wp\/v2\/types\/product"}],"wp:featuredmedia":[{"embeddable":true,"href":"https:\/\/www.talleresforo.com\/fr\/wp-json\/wp\/v2\/media\/2575"}],"wp:attachment":[{"href":"https:\/\/www.talleresforo.com\/fr\/wp-json\/wp\/v2\/media?parent=1554"}],"wp:term":[{"taxonomy":"product_brand","embeddable":true,"href":"https:\/\/www.talleresforo.com\/fr\/wp-json\/wp\/v2\/product_brand?post=1554"},{"taxonomy":"product_cat","embeddable":true,"href":"https:\/\/www.talleresforo.com\/fr\/wp-json\/wp\/v2\/product_cat?post=1554"},{"taxonomy":"product_tag","embeddable":true,"href":"https:\/\/www.talleresforo.com\/fr\/wp-json\/wp\/v2\/product_tag?post=1554"}],"curies":[{"name":"wp","href":"https:\/\/api.w.org\/{rel}","templated":true}]}}