{"id":1573,"date":"2025-08-15T11:08:53","date_gmt":"2025-08-15T09:08:53","guid":{"rendered":"https:\/\/foro.delfrom.com\/producto\/compacteur-de-rangs-pour-lalimentation-du-four\/"},"modified":"2025-08-22T14:11:59","modified_gmt":"2025-08-22T12:11:59","slug":"compacteur-de-rangs-pour-lalimentation-du-four","status":"publish","type":"product","link":"https:\/\/www.talleresforo.com\/fr\/producto\/compacteur-de-rangs-pour-lalimentation-du-four\/","title":{"rendered":"Compacteur de rangs pour l\u2019entr\u00e9e au four"},"content":{"rendered":"<p>Dispositivo mecano-neum\u00e1tico para el centrado de las filas de piezas antes de su entrada al horno, con eliminaci\u00f3n de los espacios existentes entre las piezas de una misma fila. Este centrado se realiza sobre la rodillera de entrada a horno aprovechando que la fila ha sido parada por una de las tajaderas de alineaci\u00f3n existentes. <\/p>\n<p>R\u00e9glementations possibles :<\/p>\n<p>Seg\u00fan la longitud del formato (en sentido de marcha del horno) puede regularse la posici\u00f3n del centrador adelante-atr\u00e1s, de modo que las paletas centradoras siempre trabajen en el centro de la pieza. En fonction de la largeur de la rang\u00e9e (dans le sens de la marche du four), la dimension du centrage de la palette int\u00e9rieure peut \u00eatre ajust\u00e9e.<\/p>\n<p>L&rsquo;installation \u00e9lectrique et la commande doivent \u00eatre r\u00e9alis\u00e9es par le client dans le cadre de la genouill\u00e8re elle-m\u00eame.<\/p>\n<p>Il est possible, pour les genouill\u00e8res qui n&rsquo;ont pas de fentes d&rsquo;alignement, de fournir l&rsquo;ensemble centrage + alignement avec un panneau de commande \u00e9lectrique.<\/p>\n","protected":false},"excerpt":{"rendered":"<p>Dispositivo mecano-neum\u00e1tico para el centrado de las filas de piezas antes de su entrada al horno, con eliminaci\u00f3n de los espacios existentes entre las piezas de una misma fila. Este centrado se realiza sobre la rodillera de entrada a horno aprovechando que la fila ha sido parada por una de las tajaderas de alineaci\u00f3n existentes. <\/p>\n<p>R\u00e9glementations possibles :<\/p>\n<p>Seg\u00fan la longitud del formato (en sentido de marcha del horno) puede regularse la posici\u00f3n del centrador adelante-atr\u00e1s, de modo que las paletas centradoras siempre trabajen en el centro de la pieza. En fonction de la largeur de la rang\u00e9e (dans le sens de la marche du four), la dimension du centrage de la palette int\u00e9rieure peut \u00eatre ajust\u00e9e.<\/p>\n<p>L&rsquo;installation \u00e9lectrique et la commande doivent \u00eatre r\u00e9alis\u00e9es par le client dans le cadre de la genouill\u00e8re elle-m\u00eame.<\/p>\n<p>Il est possible, pour les genouill\u00e8res qui n&rsquo;ont pas de fentes d&rsquo;alignement, de fournir l&rsquo;ensemble centrage + alignement avec un panneau de commande \u00e9lectrique.<\/p>\n","protected":false},"featured_media":2254,"template":"","meta":{"site-sidebar-layout":"default","site-content-layout":"default","ast-site-content-layout":"default","site-content-style":"default","site-sidebar-style":"default","ast-global-header-display":"","ast-banner-title-visibility":"","ast-main-header-display":"","ast-hfb-above-header-display":"","ast-hfb-below-header-display":"","ast-hfb-mobile-header-display":"","site-post-title":"","ast-breadcrumbs-content":"","ast-featured-img":"","footer-sml-layout":"","ast-disable-related-posts":"","theme-transparent-header-meta":"default","adv-header-id-meta":"","stick-header-meta":"default","header-above-stick-meta":"","header-main-stick-meta":"","header-below-stick-meta":"","astra-migrate-meta-layouts":"default","ast-page-background-enabled":"default","ast-page-background-meta":{"desktop":{"background-color":"var(--ast-global-color-4)","background-image":"","background-repeat":"repeat","background-position":"center center","background-size":"auto","background-attachment":"scroll","background-type":"","background-media":"","overlay-type":"","overlay-color":"","overlay-opacity":"","overlay-gradient":""},"tablet":{"background-color":"","background-image":"","background-repeat":"repeat","background-position":"center center","background-size":"auto","background-attachment":"scroll","background-type":"","background-media":"","overlay-type":"","overlay-color":"","overlay-opacity":"","overlay-gradient":""},"mobile":{"background-color":"","background-image":"","background-repeat":"repeat","background-position":"center center","background-size":"auto","background-attachment":"scroll","background-type":"","background-media":"","overlay-type":"","overlay-color":"","overlay-opacity":"","overlay-gradient":""}},"ast-content-background-meta":{"desktop":{"background-color":"var(--ast-global-color-5)","background-image":"","background-repeat":"repeat","background-position":"center center","background-size":"auto","background-attachment":"scroll","background-type":"","background-media":"","overlay-type":"","overlay-color":"","overlay-opacity":"","overlay-gradient":""},"tablet":{"background-color":"var(--ast-global-color-5)","background-image":"","background-repeat":"repeat","background-position":"center center","background-size":"auto","background-attachment":"scroll","background-type":"","background-media":"","overlay-type":"","overlay-color":"","overlay-opacity":"","overlay-gradient":""},"mobile":{"background-color":"var(--ast-global-color-5)","background-image":"","background-repeat":"repeat","background-position":"center center","background-size":"auto","background-attachment":"scroll","background-type":"","background-media":"","overlay-type":"","overlay-color":"","overlay-opacity":"","overlay-gradient":""}}},"product_brand":[],"product_cat":[41,109],"product_tag":[],"class_list":{"0":"post-1573","1":"product","2":"type-product","3":"status-publish","4":"has-post-thumbnail","6":"product_cat-lignes-de-vitrage-industrie-de-la-ceramique-fr","7":"product_cat-final-de-ligne","8":"desktop-align-left","9":"tablet-align-left","10":"mobile-align-left","12":"first","13":"instock","14":"shipping-taxable","15":"product-type-simple"},"yoast_head":"<!-- This site is optimized with the Yoast SEO plugin v27.5 - https:\/\/yoast.com\/product\/yoast-seo-wordpress\/ -->\n<title>Compacteur de rangs pour l\u2019entr\u00e9e au four - Talleres Foro<\/title>\n<meta name=\"robots\" content=\"index, follow, max-snippet:-1, max-image-preview:large, max-video-preview:-1\" \/>\n<link rel=\"canonical\" href=\"https:\/\/www.talleresforo.com\/producto\/compactador-de-filas-para-entrada-a-horno\/\" \/>\n<meta property=\"og:locale\" content=\"fr_FR\" \/>\n<meta property=\"og:type\" content=\"article\" \/>\n<meta property=\"og:title\" content=\"Compacteur de rangs pour l\u2019entr\u00e9e au four - Talleres Foro\" \/>\n<meta property=\"og:description\" content=\"Dispositivo mecano-neum\u00e1tico para el centrado de las filas de piezas antes de su entrada al horno, con eliminaci\u00f3n de los espacios existentes entre las piezas de una misma fila. Este centrado se realiza sobre la rodillera de entrada a horno aprovechando que la fila ha sido parada por una de las tajaderas de alineaci\u00f3n existentes.  R\u00e9glementations possibles : Seg\u00fan la longitud del formato (en sentido de marcha del horno) puede regularse la posici\u00f3n del centrador adelante-atr\u00e1s, de modo que las paletas centradoras siempre trabajen en el centro de la pieza. En fonction de la largeur de la rang\u00e9e (dans le sens de la marche du four), la dimension du centrage de la palette int\u00e9rieure peut \u00eatre ajust\u00e9e. L&#039;installation \u00e9lectrique et la commande doivent \u00eatre r\u00e9alis\u00e9es par le client dans le cadre de la genouill\u00e8re elle-m\u00eame. Il est possible, pour les genouill\u00e8res qui n&#039;ont pas de fentes d&#039;alignement, de fournir l&#039;ensemble centrage + alignement avec un panneau de commande \u00e9lectrique.\" \/>\n<meta property=\"og:url\" content=\"https:\/\/www.talleresforo.com\/producto\/compactador-de-filas-para-entrada-a-horno\/\" \/>\n<meta property=\"og:site_name\" content=\"Talleres Foro\" \/>\n<meta property=\"article:modified_time\" content=\"2025-08-22T12:11:59+00:00\" \/>\n<meta property=\"og:image\" content=\"https:\/\/www.talleresforo.com\/wp-content\/uploads\/2024\/07\/COMPACTADOR-03.jpg\" \/>\n\t<meta property=\"og:image:width\" content=\"567\" \/>\n\t<meta property=\"og:image:height\" content=\"266\" \/>\n\t<meta property=\"og:image:type\" content=\"image\/jpeg\" \/>\n<meta name=\"twitter:card\" content=\"summary_large_image\" \/>\n<meta name=\"twitter:label1\" content=\"Dur\u00e9e de lecture estim\u00e9e\" \/>\n\t<meta name=\"twitter:data1\" content=\"1 minute\" \/>\n<script type=\"application\/ld+json\" class=\"yoast-schema-graph\">{\"@context\":\"https:\\\/\\\/schema.org\",\"@graph\":[{\"@type\":\"WebPage\",\"@id\":\"https:\\\/\\\/www.talleresforo.com\\\/producto\\\/compactador-de-filas-para-entrada-a-horno\\\/\",\"url\":\"https:\\\/\\\/www.talleresforo.com\\\/producto\\\/compactador-de-filas-para-entrada-a-horno\\\/\",\"name\":\"Compacteur de rangs pour l\u2019entr\u00e9e au four - Talleres Foro\",\"isPartOf\":{\"@id\":\"https:\\\/\\\/www.talleresforo.com\\\/#website\"},\"primaryImageOfPage\":{\"@id\":\"https:\\\/\\\/www.talleresforo.com\\\/producto\\\/compactador-de-filas-para-entrada-a-horno\\\/#primaryimage\"},\"image\":{\"@id\":\"https:\\\/\\\/www.talleresforo.com\\\/producto\\\/compactador-de-filas-para-entrada-a-horno\\\/#primaryimage\"},\"thumbnailUrl\":\"https:\\\/\\\/www.talleresforo.com\\\/wp-content\\\/uploads\\\/2024\\\/07\\\/COMPACTADOR-03.jpg\",\"datePublished\":\"2025-08-15T09:08:53+00:00\",\"dateModified\":\"2025-08-22T12:11:59+00:00\",\"breadcrumb\":{\"@id\":\"https:\\\/\\\/www.talleresforo.com\\\/producto\\\/compactador-de-filas-para-entrada-a-horno\\\/#breadcrumb\"},\"inLanguage\":\"fr-FR\",\"potentialAction\":[{\"@type\":\"ReadAction\",\"target\":[\"https:\\\/\\\/www.talleresforo.com\\\/producto\\\/compactador-de-filas-para-entrada-a-horno\\\/\"]}]},{\"@type\":\"ImageObject\",\"inLanguage\":\"fr-FR\",\"@id\":\"https:\\\/\\\/www.talleresforo.com\\\/producto\\\/compactador-de-filas-para-entrada-a-horno\\\/#primaryimage\",\"url\":\"https:\\\/\\\/www.talleresforo.com\\\/wp-content\\\/uploads\\\/2024\\\/07\\\/COMPACTADOR-03.jpg\",\"contentUrl\":\"https:\\\/\\\/www.talleresforo.com\\\/wp-content\\\/uploads\\\/2024\\\/07\\\/COMPACTADOR-03.jpg\",\"width\":567,\"height\":266},{\"@type\":\"BreadcrumbList\",\"@id\":\"https:\\\/\\\/www.talleresforo.com\\\/producto\\\/compactador-de-filas-para-entrada-a-horno\\\/#breadcrumb\",\"itemListElement\":[{\"@type\":\"ListItem\",\"position\":1,\"name\":\"Portada\",\"item\":\"https:\\\/\\\/www.talleresforo.com\\\/fr\\\/\"},{\"@type\":\"ListItem\",\"position\":2,\"name\":\"Boutique\",\"item\":\"https:\\\/\\\/www.talleresforo.com\\\/fr\\\/boutique\\\/\"},{\"@type\":\"ListItem\",\"position\":3,\"name\":\"Compacteur de rangs pour l\u2019entr\u00e9e au four\"}]},{\"@type\":\"WebSite\",\"@id\":\"https:\\\/\\\/www.talleresforo.com\\\/#website\",\"url\":\"https:\\\/\\\/www.talleresforo.com\\\/\",\"name\":\"Talleres Foro\",\"description\":\"Glazing lines for ceramics\",\"publisher\":{\"@id\":\"https:\\\/\\\/www.talleresforo.com\\\/#organization\"},\"potentialAction\":[{\"@type\":\"SearchAction\",\"target\":{\"@type\":\"EntryPoint\",\"urlTemplate\":\"https:\\\/\\\/www.talleresforo.com\\\/?s={search_term_string}\"},\"query-input\":{\"@type\":\"PropertyValueSpecification\",\"valueRequired\":true,\"valueName\":\"search_term_string\"}}],\"inLanguage\":\"fr-FR\"},{\"@type\":\"Organization\",\"@id\":\"https:\\\/\\\/www.talleresforo.com\\\/#organization\",\"name\":\"Talleres Foro\",\"url\":\"https:\\\/\\\/www.talleresforo.com\\\/\",\"logo\":{\"@type\":\"ImageObject\",\"inLanguage\":\"fr-FR\",\"@id\":\"https:\\\/\\\/www.talleresforo.com\\\/#\\\/schema\\\/logo\\\/image\\\/\",\"url\":\"https:\\\/\\\/www.talleresforo.com\\\/wp-content\\\/uploads\\\/2025\\\/09\\\/logo-principal.png\",\"contentUrl\":\"https:\\\/\\\/www.talleresforo.com\\\/wp-content\\\/uploads\\\/2025\\\/09\\\/logo-principal.png\",\"width\":1100,\"height\":510,\"caption\":\"Talleres Foro\"},\"image\":{\"@id\":\"https:\\\/\\\/www.talleresforo.com\\\/#\\\/schema\\\/logo\\\/image\\\/\"}}]}<\/script>\n<!-- \/ Yoast SEO plugin. -->","yoast_head_json":{"title":"Compacteur de rangs pour l\u2019entr\u00e9e au four - Talleres Foro","robots":{"index":"index","follow":"follow","max-snippet":"max-snippet:-1","max-image-preview":"max-image-preview:large","max-video-preview":"max-video-preview:-1"},"canonical":"https:\/\/www.talleresforo.com\/producto\/compactador-de-filas-para-entrada-a-horno\/","og_locale":"fr_FR","og_type":"article","og_title":"Compacteur de rangs pour l\u2019entr\u00e9e au four - Talleres Foro","og_description":"Dispositivo mecano-neum\u00e1tico para el centrado de las filas de piezas antes de su entrada al horno, con eliminaci\u00f3n de los espacios existentes entre las piezas de una misma fila. Este centrado se realiza sobre la rodillera de entrada a horno aprovechando que la fila ha sido parada por una de las tajaderas de alineaci\u00f3n existentes.  R\u00e9glementations possibles : Seg\u00fan la longitud del formato (en sentido de marcha del horno) puede regularse la posici\u00f3n del centrador adelante-atr\u00e1s, de modo que las paletas centradoras siempre trabajen en el centro de la pieza. En fonction de la largeur de la rang\u00e9e (dans le sens de la marche du four), la dimension du centrage de la palette int\u00e9rieure peut \u00eatre ajust\u00e9e. L'installation \u00e9lectrique et la commande doivent \u00eatre r\u00e9alis\u00e9es par le client dans le cadre de la genouill\u00e8re elle-m\u00eame. Il est possible, pour les genouill\u00e8res qui n'ont pas de fentes d'alignement, de fournir l'ensemble centrage + alignement avec un panneau de commande \u00e9lectrique.","og_url":"https:\/\/www.talleresforo.com\/producto\/compactador-de-filas-para-entrada-a-horno\/","og_site_name":"Talleres Foro","article_modified_time":"2025-08-22T12:11:59+00:00","og_image":[{"width":567,"height":266,"url":"https:\/\/www.talleresforo.com\/wp-content\/uploads\/2024\/07\/COMPACTADOR-03.jpg","type":"image\/jpeg"}],"twitter_card":"summary_large_image","twitter_misc":{"Dur\u00e9e de lecture estim\u00e9e":"1 minute"},"schema":{"@context":"https:\/\/schema.org","@graph":[{"@type":"WebPage","@id":"https:\/\/www.talleresforo.com\/producto\/compactador-de-filas-para-entrada-a-horno\/","url":"https:\/\/www.talleresforo.com\/producto\/compactador-de-filas-para-entrada-a-horno\/","name":"Compacteur de rangs pour l\u2019entr\u00e9e au four - Talleres Foro","isPartOf":{"@id":"https:\/\/www.talleresforo.com\/#website"},"primaryImageOfPage":{"@id":"https:\/\/www.talleresforo.com\/producto\/compactador-de-filas-para-entrada-a-horno\/#primaryimage"},"image":{"@id":"https:\/\/www.talleresforo.com\/producto\/compactador-de-filas-para-entrada-a-horno\/#primaryimage"},"thumbnailUrl":"https:\/\/www.talleresforo.com\/wp-content\/uploads\/2024\/07\/COMPACTADOR-03.jpg","datePublished":"2025-08-15T09:08:53+00:00","dateModified":"2025-08-22T12:11:59+00:00","breadcrumb":{"@id":"https:\/\/www.talleresforo.com\/producto\/compactador-de-filas-para-entrada-a-horno\/#breadcrumb"},"inLanguage":"fr-FR","potentialAction":[{"@type":"ReadAction","target":["https:\/\/www.talleresforo.com\/producto\/compactador-de-filas-para-entrada-a-horno\/"]}]},{"@type":"ImageObject","inLanguage":"fr-FR","@id":"https:\/\/www.talleresforo.com\/producto\/compactador-de-filas-para-entrada-a-horno\/#primaryimage","url":"https:\/\/www.talleresforo.com\/wp-content\/uploads\/2024\/07\/COMPACTADOR-03.jpg","contentUrl":"https:\/\/www.talleresforo.com\/wp-content\/uploads\/2024\/07\/COMPACTADOR-03.jpg","width":567,"height":266},{"@type":"BreadcrumbList","@id":"https:\/\/www.talleresforo.com\/producto\/compactador-de-filas-para-entrada-a-horno\/#breadcrumb","itemListElement":[{"@type":"ListItem","position":1,"name":"Portada","item":"https:\/\/www.talleresforo.com\/fr\/"},{"@type":"ListItem","position":2,"name":"Boutique","item":"https:\/\/www.talleresforo.com\/fr\/boutique\/"},{"@type":"ListItem","position":3,"name":"Compacteur de rangs pour l\u2019entr\u00e9e au four"}]},{"@type":"WebSite","@id":"https:\/\/www.talleresforo.com\/#website","url":"https:\/\/www.talleresforo.com\/","name":"Talleres Foro","description":"Glazing lines for ceramics","publisher":{"@id":"https:\/\/www.talleresforo.com\/#organization"},"potentialAction":[{"@type":"SearchAction","target":{"@type":"EntryPoint","urlTemplate":"https:\/\/www.talleresforo.com\/?s={search_term_string}"},"query-input":{"@type":"PropertyValueSpecification","valueRequired":true,"valueName":"search_term_string"}}],"inLanguage":"fr-FR"},{"@type":"Organization","@id":"https:\/\/www.talleresforo.com\/#organization","name":"Talleres Foro","url":"https:\/\/www.talleresforo.com\/","logo":{"@type":"ImageObject","inLanguage":"fr-FR","@id":"https:\/\/www.talleresforo.com\/#\/schema\/logo\/image\/","url":"https:\/\/www.talleresforo.com\/wp-content\/uploads\/2025\/09\/logo-principal.png","contentUrl":"https:\/\/www.talleresforo.com\/wp-content\/uploads\/2025\/09\/logo-principal.png","width":1100,"height":510,"caption":"Talleres Foro"},"image":{"@id":"https:\/\/www.talleresforo.com\/#\/schema\/logo\/image\/"}}]}},"_links":{"self":[{"href":"https:\/\/www.talleresforo.com\/fr\/wp-json\/wp\/v2\/product\/1573","targetHints":{"allow":["GET"]}}],"collection":[{"href":"https:\/\/www.talleresforo.com\/fr\/wp-json\/wp\/v2\/product"}],"about":[{"href":"https:\/\/www.talleresforo.com\/fr\/wp-json\/wp\/v2\/types\/product"}],"wp:featuredmedia":[{"embeddable":true,"href":"https:\/\/www.talleresforo.com\/fr\/wp-json\/wp\/v2\/media\/2254"}],"wp:attachment":[{"href":"https:\/\/www.talleresforo.com\/fr\/wp-json\/wp\/v2\/media?parent=1573"}],"wp:term":[{"taxonomy":"product_brand","embeddable":true,"href":"https:\/\/www.talleresforo.com\/fr\/wp-json\/wp\/v2\/product_brand?post=1573"},{"taxonomy":"product_cat","embeddable":true,"href":"https:\/\/www.talleresforo.com\/fr\/wp-json\/wp\/v2\/product_cat?post=1573"},{"taxonomy":"product_tag","embeddable":true,"href":"https:\/\/www.talleresforo.com\/fr\/wp-json\/wp\/v2\/product_tag?post=1573"}],"curies":[{"name":"wp","href":"https:\/\/api.w.org\/{rel}","templated":true}]}}