{"id":1602,"date":"2025-08-14T11:08:52","date_gmt":"2025-08-14T09:08:52","guid":{"rendered":"https:\/\/foro.delfrom.com\/producto\/compensateur-de-parrilla-f-80x130-y-f-100x130-para-24-piezas\/"},"modified":"2026-03-12T17:02:03","modified_gmt":"2026-03-12T16:02:03","slug":"compensateur-de-parrilla-f-80x130-y-f-100x130-para-24-piezas","status":"publish","type":"product","link":"https:\/\/www.talleresforo.com\/fr\/producto\/compensateur-de-parrilla-f-80x130-y-f-100x130-para-24-piezas\/","title":{"rendered":"Compensateur \u00e0 grilles F-80&#215;130 pour 24 pi\u00e8ces"},"content":{"rendered":"<p>Machine con\u00e7ue comme poumon de r\u00e9gulation des pi\u00e8ces en lignes d\u2019\u00e9maillage et transport.<br \/>\nCapacit\u00e9 pour 24 pi\u00e8ces. Utilisable pour tous les formats entre 25&#215;25 et 80&#215;130.<br \/>\nPas utile entre tiges de 29 mm. L\u2019enroule des cha\u00eenes est con\u00e7u pour \u00e9viter des accrocs.<\/p>\n","protected":false},"excerpt":{"rendered":"<p>Machine con\u00e7ue comme un tampon pour r\u00e9guler les pi\u00e8ces dans les lignes d&rsquo;\u00e9maillage et de transport.<\/p>\n<p>Capacit\u00e9 de 24 pi\u00e8ces. Tous les formats de 25&#215;25 \u00e0 80&#215;130. Acc\u00e8s facile pour changer les rouleaux, les courroies et les tiges. Espacement des tiges utilisables 29 mm.<\/p>\n<p>L&rsquo;enroulement de la cha\u00eene au bas du compensateur est con\u00e7u pour \u00e9viter que la cha\u00eene ne s&rsquo;accroche.<\/p>\n","protected":false},"featured_media":2144,"template":"","meta":{"site-sidebar-layout":"default","site-content-layout":"default","ast-site-content-layout":"default","site-content-style":"default","site-sidebar-style":"default","ast-global-header-display":"","ast-banner-title-visibility":"","ast-main-header-display":"","ast-hfb-above-header-display":"","ast-hfb-below-header-display":"","ast-hfb-mobile-header-display":"","site-post-title":"","ast-breadcrumbs-content":"","ast-featured-img":"","footer-sml-layout":"","ast-disable-related-posts":"","theme-transparent-header-meta":"default","adv-header-id-meta":"","stick-header-meta":"default","header-above-stick-meta":"","header-main-stick-meta":"","header-below-stick-meta":"","astra-migrate-meta-layouts":"set","ast-page-background-enabled":"default","ast-page-background-meta":{"desktop":{"background-color":"var(--ast-global-color-4)","background-image":"","background-repeat":"repeat","background-position":"center center","background-size":"auto","background-attachment":"scroll","background-type":"","background-media":"","overlay-type":"","overlay-color":"","overlay-opacity":"","overlay-gradient":""},"tablet":{"background-color":"","background-image":"","background-repeat":"repeat","background-position":"center center","background-size":"auto","background-attachment":"scroll","background-type":"","background-media":"","overlay-type":"","overlay-color":"","overlay-opacity":"","overlay-gradient":""},"mobile":{"background-color":"","background-image":"","background-repeat":"repeat","background-position":"center center","background-size":"auto","background-attachment":"scroll","background-type":"","background-media":"","overlay-type":"","overlay-color":"","overlay-opacity":"","overlay-gradient":""}},"ast-content-background-meta":{"desktop":{"background-color":"var(--ast-global-color-5)","background-image":"","background-repeat":"repeat","background-position":"center center","background-size":"auto","background-attachment":"scroll","background-type":"","background-media":"","overlay-type":"","overlay-color":"","overlay-opacity":"","overlay-gradient":""},"tablet":{"background-color":"var(--ast-global-color-5)","background-image":"","background-repeat":"repeat","background-position":"center center","background-size":"auto","background-attachment":"scroll","background-type":"","background-media":"","overlay-type":"","overlay-color":"","overlay-opacity":"","overlay-gradient":""},"mobile":{"background-color":"var(--ast-global-color-5)","background-image":"","background-repeat":"repeat","background-position":"center center","background-size":"auto","background-attachment":"scroll","background-type":"","background-media":"","overlay-type":"","overlay-color":"","overlay-opacity":"","overlay-gradient":""}}},"product_brand":[],"product_cat":[41,112,119],"product_tag":[],"class_list":{"0":"post-1602","1":"product","2":"type-product","3":"status-publish","4":"has-post-thumbnail","6":"product_cat-lignes-de-vitrage-industrie-de-la-ceramique-fr","7":"product_cat-transport-et-manipulation-du-carreu-sur-ligne","8":"product_cat-compensateurs","9":"desktop-align-left","10":"tablet-align-left","11":"mobile-align-left","13":"first","14":"instock","15":"shipping-taxable","16":"product-type-simple"},"yoast_head":"<!-- This site is optimized with the Yoast SEO plugin v27.5 - https:\/\/yoast.com\/product\/yoast-seo-wordpress\/ -->\n<title>Compensateur \u00e0 grilles F-80x130 pour 24 pi\u00e8ces - Talleres Foro<\/title>\n<meta name=\"robots\" content=\"index, follow, max-snippet:-1, max-image-preview:large, max-video-preview:-1\" \/>\n<link rel=\"canonical\" href=\"https:\/\/www.talleresforo.com\/producto\/compenser-de-parrilla-f-80x130-y-f-100x130-para-24-piezas\/\" \/>\n<meta property=\"og:locale\" content=\"fr_FR\" \/>\n<meta property=\"og:type\" content=\"article\" \/>\n<meta property=\"og:title\" content=\"Compensateur \u00e0 grilles F-80x130 pour 24 pi\u00e8ces - Talleres Foro\" \/>\n<meta property=\"og:description\" content=\"Machine con\u00e7ue comme un tampon pour r\u00e9guler les pi\u00e8ces dans les lignes d&#039;\u00e9maillage et de transport.  Capacit\u00e9 de 24 pi\u00e8ces. Tous les formats de 25x25 \u00e0 80x130. Acc\u00e8s facile pour changer les rouleaux, les courroies et les tiges. Espacement des tiges utilisables 29 mm.  L&#039;enroulement de la cha\u00eene au bas du compensateur est con\u00e7u pour \u00e9viter que la cha\u00eene ne s&#039;accroche.\" \/>\n<meta property=\"og:url\" content=\"https:\/\/www.talleresforo.com\/producto\/compenser-de-parrilla-f-80x130-y-f-100x130-para-24-piezas\/\" \/>\n<meta property=\"og:site_name\" content=\"Talleres Foro\" \/>\n<meta property=\"article:modified_time\" content=\"2026-03-12T16:02:03+00:00\" \/>\n<meta property=\"og:image\" content=\"https:\/\/www.talleresforo.com\/wp-content\/uploads\/2024\/07\/COMPENSER-28P-2022.jpg\" \/>\n\t<meta property=\"og:image:width\" content=\"567\" \/>\n\t<meta property=\"og:image:height\" content=\"884\" \/>\n\t<meta property=\"og:image:type\" content=\"image\/jpeg\" \/>\n<meta name=\"twitter:card\" content=\"summary_large_image\" \/>\n<script type=\"application\/ld+json\" class=\"yoast-schema-graph\">{\"@context\":\"https:\\\/\\\/schema.org\",\"@graph\":[{\"@type\":\"WebPage\",\"@id\":\"https:\\\/\\\/www.talleresforo.com\\\/producto\\\/compenser-de-parrilla-f-80x130-y-f-100x130-para-24-piezas\\\/\",\"url\":\"https:\\\/\\\/www.talleresforo.com\\\/producto\\\/compenser-de-parrilla-f-80x130-y-f-100x130-para-24-piezas\\\/\",\"name\":\"Compensateur \u00e0 grilles F-80x130 pour 24 pi\u00e8ces - Talleres Foro\",\"isPartOf\":{\"@id\":\"https:\\\/\\\/www.talleresforo.com\\\/#website\"},\"primaryImageOfPage\":{\"@id\":\"https:\\\/\\\/www.talleresforo.com\\\/producto\\\/compenser-de-parrilla-f-80x130-y-f-100x130-para-24-piezas\\\/#primaryimage\"},\"image\":{\"@id\":\"https:\\\/\\\/www.talleresforo.com\\\/producto\\\/compenser-de-parrilla-f-80x130-y-f-100x130-para-24-piezas\\\/#primaryimage\"},\"thumbnailUrl\":\"https:\\\/\\\/www.talleresforo.com\\\/wp-content\\\/uploads\\\/2024\\\/07\\\/COMPENSER-28P-2022.jpg\",\"datePublished\":\"2025-08-14T09:08:52+00:00\",\"dateModified\":\"2026-03-12T16:02:03+00:00\",\"breadcrumb\":{\"@id\":\"https:\\\/\\\/www.talleresforo.com\\\/producto\\\/compenser-de-parrilla-f-80x130-y-f-100x130-para-24-piezas\\\/#breadcrumb\"},\"inLanguage\":\"fr-FR\",\"potentialAction\":[{\"@type\":\"ReadAction\",\"target\":[\"https:\\\/\\\/www.talleresforo.com\\\/producto\\\/compenser-de-parrilla-f-80x130-y-f-100x130-para-24-piezas\\\/\"]}]},{\"@type\":\"ImageObject\",\"inLanguage\":\"fr-FR\",\"@id\":\"https:\\\/\\\/www.talleresforo.com\\\/producto\\\/compenser-de-parrilla-f-80x130-y-f-100x130-para-24-piezas\\\/#primaryimage\",\"url\":\"https:\\\/\\\/www.talleresforo.com\\\/wp-content\\\/uploads\\\/2024\\\/07\\\/COMPENSER-28P-2022.jpg\",\"contentUrl\":\"https:\\\/\\\/www.talleresforo.com\\\/wp-content\\\/uploads\\\/2024\\\/07\\\/COMPENSER-28P-2022.jpg\",\"width\":567,\"height\":884},{\"@type\":\"BreadcrumbList\",\"@id\":\"https:\\\/\\\/www.talleresforo.com\\\/producto\\\/compenser-de-parrilla-f-80x130-y-f-100x130-para-24-piezas\\\/#breadcrumb\",\"itemListElement\":[{\"@type\":\"ListItem\",\"position\":1,\"name\":\"Portada\",\"item\":\"https:\\\/\\\/www.talleresforo.com\\\/fr\\\/\"},{\"@type\":\"ListItem\",\"position\":2,\"name\":\"Boutique\",\"item\":\"https:\\\/\\\/www.talleresforo.com\\\/fr\\\/boutique\\\/\"},{\"@type\":\"ListItem\",\"position\":3,\"name\":\"Compensateur \u00e0 grilles F-80&#215;130 pour 24 pi\u00e8ces\"}]},{\"@type\":\"WebSite\",\"@id\":\"https:\\\/\\\/www.talleresforo.com\\\/#website\",\"url\":\"https:\\\/\\\/www.talleresforo.com\\\/\",\"name\":\"Talleres Foro\",\"description\":\"Glazing lines for ceramics\",\"publisher\":{\"@id\":\"https:\\\/\\\/www.talleresforo.com\\\/#organization\"},\"potentialAction\":[{\"@type\":\"SearchAction\",\"target\":{\"@type\":\"EntryPoint\",\"urlTemplate\":\"https:\\\/\\\/www.talleresforo.com\\\/?s={search_term_string}\"},\"query-input\":{\"@type\":\"PropertyValueSpecification\",\"valueRequired\":true,\"valueName\":\"search_term_string\"}}],\"inLanguage\":\"fr-FR\"},{\"@type\":\"Organization\",\"@id\":\"https:\\\/\\\/www.talleresforo.com\\\/#organization\",\"name\":\"Talleres Foro\",\"url\":\"https:\\\/\\\/www.talleresforo.com\\\/\",\"logo\":{\"@type\":\"ImageObject\",\"inLanguage\":\"fr-FR\",\"@id\":\"https:\\\/\\\/www.talleresforo.com\\\/#\\\/schema\\\/logo\\\/image\\\/\",\"url\":\"https:\\\/\\\/www.talleresforo.com\\\/wp-content\\\/uploads\\\/2025\\\/09\\\/logo-principal.png\",\"contentUrl\":\"https:\\\/\\\/www.talleresforo.com\\\/wp-content\\\/uploads\\\/2025\\\/09\\\/logo-principal.png\",\"width\":1100,\"height\":510,\"caption\":\"Talleres Foro\"},\"image\":{\"@id\":\"https:\\\/\\\/www.talleresforo.com\\\/#\\\/schema\\\/logo\\\/image\\\/\"}}]}<\/script>\n<!-- \/ Yoast SEO plugin. -->","yoast_head_json":{"title":"Compensateur \u00e0 grilles F-80x130 pour 24 pi\u00e8ces - Talleres Foro","robots":{"index":"index","follow":"follow","max-snippet":"max-snippet:-1","max-image-preview":"max-image-preview:large","max-video-preview":"max-video-preview:-1"},"canonical":"https:\/\/www.talleresforo.com\/producto\/compenser-de-parrilla-f-80x130-y-f-100x130-para-24-piezas\/","og_locale":"fr_FR","og_type":"article","og_title":"Compensateur \u00e0 grilles F-80x130 pour 24 pi\u00e8ces - Talleres Foro","og_description":"Machine con\u00e7ue comme un tampon pour r\u00e9guler les pi\u00e8ces dans les lignes d'\u00e9maillage et de transport.  Capacit\u00e9 de 24 pi\u00e8ces. Tous les formats de 25x25 \u00e0 80x130. Acc\u00e8s facile pour changer les rouleaux, les courroies et les tiges. Espacement des tiges utilisables 29 mm.  L'enroulement de la cha\u00eene au bas du compensateur est con\u00e7u pour \u00e9viter que la cha\u00eene ne s'accroche.","og_url":"https:\/\/www.talleresforo.com\/producto\/compenser-de-parrilla-f-80x130-y-f-100x130-para-24-piezas\/","og_site_name":"Talleres Foro","article_modified_time":"2026-03-12T16:02:03+00:00","og_image":[{"width":567,"height":884,"url":"https:\/\/www.talleresforo.com\/wp-content\/uploads\/2024\/07\/COMPENSER-28P-2022.jpg","type":"image\/jpeg"}],"twitter_card":"summary_large_image","schema":{"@context":"https:\/\/schema.org","@graph":[{"@type":"WebPage","@id":"https:\/\/www.talleresforo.com\/producto\/compenser-de-parrilla-f-80x130-y-f-100x130-para-24-piezas\/","url":"https:\/\/www.talleresforo.com\/producto\/compenser-de-parrilla-f-80x130-y-f-100x130-para-24-piezas\/","name":"Compensateur \u00e0 grilles F-80x130 pour 24 pi\u00e8ces - Talleres Foro","isPartOf":{"@id":"https:\/\/www.talleresforo.com\/#website"},"primaryImageOfPage":{"@id":"https:\/\/www.talleresforo.com\/producto\/compenser-de-parrilla-f-80x130-y-f-100x130-para-24-piezas\/#primaryimage"},"image":{"@id":"https:\/\/www.talleresforo.com\/producto\/compenser-de-parrilla-f-80x130-y-f-100x130-para-24-piezas\/#primaryimage"},"thumbnailUrl":"https:\/\/www.talleresforo.com\/wp-content\/uploads\/2024\/07\/COMPENSER-28P-2022.jpg","datePublished":"2025-08-14T09:08:52+00:00","dateModified":"2026-03-12T16:02:03+00:00","breadcrumb":{"@id":"https:\/\/www.talleresforo.com\/producto\/compenser-de-parrilla-f-80x130-y-f-100x130-para-24-piezas\/#breadcrumb"},"inLanguage":"fr-FR","potentialAction":[{"@type":"ReadAction","target":["https:\/\/www.talleresforo.com\/producto\/compenser-de-parrilla-f-80x130-y-f-100x130-para-24-piezas\/"]}]},{"@type":"ImageObject","inLanguage":"fr-FR","@id":"https:\/\/www.talleresforo.com\/producto\/compenser-de-parrilla-f-80x130-y-f-100x130-para-24-piezas\/#primaryimage","url":"https:\/\/www.talleresforo.com\/wp-content\/uploads\/2024\/07\/COMPENSER-28P-2022.jpg","contentUrl":"https:\/\/www.talleresforo.com\/wp-content\/uploads\/2024\/07\/COMPENSER-28P-2022.jpg","width":567,"height":884},{"@type":"BreadcrumbList","@id":"https:\/\/www.talleresforo.com\/producto\/compenser-de-parrilla-f-80x130-y-f-100x130-para-24-piezas\/#breadcrumb","itemListElement":[{"@type":"ListItem","position":1,"name":"Portada","item":"https:\/\/www.talleresforo.com\/fr\/"},{"@type":"ListItem","position":2,"name":"Boutique","item":"https:\/\/www.talleresforo.com\/fr\/boutique\/"},{"@type":"ListItem","position":3,"name":"Compensateur \u00e0 grilles F-80&#215;130 pour 24 pi\u00e8ces"}]},{"@type":"WebSite","@id":"https:\/\/www.talleresforo.com\/#website","url":"https:\/\/www.talleresforo.com\/","name":"Talleres Foro","description":"Glazing lines for ceramics","publisher":{"@id":"https:\/\/www.talleresforo.com\/#organization"},"potentialAction":[{"@type":"SearchAction","target":{"@type":"EntryPoint","urlTemplate":"https:\/\/www.talleresforo.com\/?s={search_term_string}"},"query-input":{"@type":"PropertyValueSpecification","valueRequired":true,"valueName":"search_term_string"}}],"inLanguage":"fr-FR"},{"@type":"Organization","@id":"https:\/\/www.talleresforo.com\/#organization","name":"Talleres Foro","url":"https:\/\/www.talleresforo.com\/","logo":{"@type":"ImageObject","inLanguage":"fr-FR","@id":"https:\/\/www.talleresforo.com\/#\/schema\/logo\/image\/","url":"https:\/\/www.talleresforo.com\/wp-content\/uploads\/2025\/09\/logo-principal.png","contentUrl":"https:\/\/www.talleresforo.com\/wp-content\/uploads\/2025\/09\/logo-principal.png","width":1100,"height":510,"caption":"Talleres Foro"},"image":{"@id":"https:\/\/www.talleresforo.com\/#\/schema\/logo\/image\/"}}]}},"_links":{"self":[{"href":"https:\/\/www.talleresforo.com\/fr\/wp-json\/wp\/v2\/product\/1602","targetHints":{"allow":["GET"]}}],"collection":[{"href":"https:\/\/www.talleresforo.com\/fr\/wp-json\/wp\/v2\/product"}],"about":[{"href":"https:\/\/www.talleresforo.com\/fr\/wp-json\/wp\/v2\/types\/product"}],"wp:featuredmedia":[{"embeddable":true,"href":"https:\/\/www.talleresforo.com\/fr\/wp-json\/wp\/v2\/media\/2144"}],"wp:attachment":[{"href":"https:\/\/www.talleresforo.com\/fr\/wp-json\/wp\/v2\/media?parent=1602"}],"wp:term":[{"taxonomy":"product_brand","embeddable":true,"href":"https:\/\/www.talleresforo.com\/fr\/wp-json\/wp\/v2\/product_brand?post=1602"},{"taxonomy":"product_cat","embeddable":true,"href":"https:\/\/www.talleresforo.com\/fr\/wp-json\/wp\/v2\/product_cat?post=1602"},{"taxonomy":"product_tag","embeddable":true,"href":"https:\/\/www.talleresforo.com\/fr\/wp-json\/wp\/v2\/product_tag?post=1602"}],"curies":[{"name":"wp","href":"https:\/\/api.w.org\/{rel}","templated":true}]}}