{"id":1605,"date":"2025-08-17T11:08:52","date_gmt":"2025-08-17T09:08:52","guid":{"rendered":"https:\/\/foro.delfrom.com\/producto\/grilles-de-compensation-f-60-avec-inverseur-et-communications-pour-28-pieces\/"},"modified":"2026-03-12T16:31:15","modified_gmt":"2026-03-12T15:31:15","slug":"grilles-de-compensation-f-60-avec-inverseur-et-communications-pour-28-pieces","status":"publish","type":"product","link":"https:\/\/www.talleresforo.com\/fr\/producto\/grilles-de-compensation-f-60-avec-inverseur-et-communications-pour-28-pieces\/","title":{"rendered":"Compensateur \u00e0 grilles F-60 avec inverter et communications pour 28 pi\u00e8ces"},"content":{"rendered":"<p>Machine con\u00e7ue comme poumon de r\u00e9gulation des pi\u00e8ces en lignes d\u2019\u00e9maillage et transport. Elle permet d\u2019absorber et retenir la production de tron\u00e7ons courts de la ligne long des arr\u00eats brefs de la m\u00eame.<\/p>\n","protected":false},"excerpt":{"rendered":"<p>Machine con\u00e7ue comme un tampon r\u00e9gulateur de pi\u00e8ces afin de permettre le nettoyage des \u00e9crans des machines de s\u00e9rigraphie et d&rsquo;\u00e9viter les pertes de production.<\/p>\n","protected":false},"featured_media":2133,"template":"","meta":{"site-sidebar-layout":"default","site-content-layout":"default","ast-site-content-layout":"default","site-content-style":"default","site-sidebar-style":"default","ast-global-header-display":"","ast-banner-title-visibility":"","ast-main-header-display":"","ast-hfb-above-header-display":"","ast-hfb-below-header-display":"","ast-hfb-mobile-header-display":"","site-post-title":"","ast-breadcrumbs-content":"","ast-featured-img":"","footer-sml-layout":"","ast-disable-related-posts":"","theme-transparent-header-meta":"default","adv-header-id-meta":"","stick-header-meta":"default","header-above-stick-meta":"","header-main-stick-meta":"","header-below-stick-meta":"","astra-migrate-meta-layouts":"set","ast-page-background-enabled":"default","ast-page-background-meta":{"desktop":{"background-color":"var(--ast-global-color-4)","background-image":"","background-repeat":"repeat","background-position":"center center","background-size":"auto","background-attachment":"scroll","background-type":"","background-media":"","overlay-type":"","overlay-color":"","overlay-opacity":"","overlay-gradient":""},"tablet":{"background-color":"","background-image":"","background-repeat":"repeat","background-position":"center center","background-size":"auto","background-attachment":"scroll","background-type":"","background-media":"","overlay-type":"","overlay-color":"","overlay-opacity":"","overlay-gradient":""},"mobile":{"background-color":"","background-image":"","background-repeat":"repeat","background-position":"center center","background-size":"auto","background-attachment":"scroll","background-type":"","background-media":"","overlay-type":"","overlay-color":"","overlay-opacity":"","overlay-gradient":""}},"ast-content-background-meta":{"desktop":{"background-color":"var(--ast-global-color-5)","background-image":"","background-repeat":"repeat","background-position":"center center","background-size":"auto","background-attachment":"scroll","background-type":"","background-media":"","overlay-type":"","overlay-color":"","overlay-opacity":"","overlay-gradient":""},"tablet":{"background-color":"var(--ast-global-color-5)","background-image":"","background-repeat":"repeat","background-position":"center center","background-size":"auto","background-attachment":"scroll","background-type":"","background-media":"","overlay-type":"","overlay-color":"","overlay-opacity":"","overlay-gradient":""},"mobile":{"background-color":"var(--ast-global-color-5)","background-image":"","background-repeat":"repeat","background-position":"center center","background-size":"auto","background-attachment":"scroll","background-type":"","background-media":"","overlay-type":"","overlay-color":"","overlay-opacity":"","overlay-gradient":""}}},"product_brand":[],"product_cat":[41,112,119],"product_tag":[],"class_list":{"0":"post-1605","1":"product","2":"type-product","3":"status-publish","4":"has-post-thumbnail","6":"product_cat-lignes-de-vitrage-industrie-de-la-ceramique-fr","7":"product_cat-transport-et-manipulation-du-carreu-sur-ligne","8":"product_cat-compensateurs","9":"desktop-align-left","10":"tablet-align-left","11":"mobile-align-left","13":"first","14":"instock","15":"shipping-taxable","16":"product-type-simple"},"yoast_head":"<!-- This site is optimized with the Yoast SEO plugin v27.5 - https:\/\/yoast.com\/product\/yoast-seo-wordpress\/ -->\n<title>Compensateur \u00e0 grilles F-60 avec inverter et communications pour 28 pi\u00e8ces - Talleres Foro<\/title>\n<meta name=\"robots\" content=\"index, follow, max-snippet:-1, max-image-preview:large, max-video-preview:-1\" \/>\n<link rel=\"canonical\" href=\"https:\/\/www.talleresforo.com\/producto\/compenser-parrillas-f-60-c-inverter-y-comunicaciones-para-28-piezas\/\" \/>\n<meta property=\"og:locale\" content=\"fr_FR\" \/>\n<meta property=\"og:type\" content=\"article\" \/>\n<meta property=\"og:title\" content=\"Compensateur \u00e0 grilles F-60 avec inverter et communications pour 28 pi\u00e8ces - Talleres Foro\" \/>\n<meta property=\"og:description\" content=\"Machine con\u00e7ue comme un tampon r\u00e9gulateur de pi\u00e8ces afin de permettre le nettoyage des \u00e9crans des machines de s\u00e9rigraphie et d&#039;\u00e9viter les pertes de production.\" \/>\n<meta property=\"og:url\" content=\"https:\/\/www.talleresforo.com\/producto\/compenser-parrillas-f-60-c-inverter-y-comunicaciones-para-28-piezas\/\" \/>\n<meta property=\"og:site_name\" content=\"Talleres Foro\" \/>\n<meta property=\"article:modified_time\" content=\"2026-03-12T15:31:15+00:00\" \/>\n<meta property=\"og:image\" content=\"https:\/\/www.talleresforo.com\/wp-content\/uploads\/2024\/07\/24LE.jpg\" \/>\n\t<meta property=\"og:image:width\" content=\"406\" \/>\n\t<meta property=\"og:image:height\" content=\"510\" \/>\n\t<meta property=\"og:image:type\" content=\"image\/jpeg\" \/>\n<meta name=\"twitter:card\" content=\"summary_large_image\" \/>\n<script type=\"application\/ld+json\" class=\"yoast-schema-graph\">{\"@context\":\"https:\\\/\\\/schema.org\",\"@graph\":[{\"@type\":\"WebPage\",\"@id\":\"https:\\\/\\\/www.talleresforo.com\\\/producto\\\/compenser-parrillas-f-60-c-inverter-y-comunicaciones-para-28-piezas\\\/\",\"url\":\"https:\\\/\\\/www.talleresforo.com\\\/producto\\\/compenser-parrillas-f-60-c-inverter-y-comunicaciones-para-28-piezas\\\/\",\"name\":\"Compensateur \u00e0 grilles F-60 avec inverter et communications pour 28 pi\u00e8ces - Talleres Foro\",\"isPartOf\":{\"@id\":\"https:\\\/\\\/www.talleresforo.com\\\/#website\"},\"primaryImageOfPage\":{\"@id\":\"https:\\\/\\\/www.talleresforo.com\\\/producto\\\/compenser-parrillas-f-60-c-inverter-y-comunicaciones-para-28-piezas\\\/#primaryimage\"},\"image\":{\"@id\":\"https:\\\/\\\/www.talleresforo.com\\\/producto\\\/compenser-parrillas-f-60-c-inverter-y-comunicaciones-para-28-piezas\\\/#primaryimage\"},\"thumbnailUrl\":\"https:\\\/\\\/www.talleresforo.com\\\/wp-content\\\/uploads\\\/2024\\\/07\\\/24LE.jpg\",\"datePublished\":\"2025-08-17T09:08:52+00:00\",\"dateModified\":\"2026-03-12T15:31:15+00:00\",\"breadcrumb\":{\"@id\":\"https:\\\/\\\/www.talleresforo.com\\\/producto\\\/compenser-parrillas-f-60-c-inverter-y-comunicaciones-para-28-piezas\\\/#breadcrumb\"},\"inLanguage\":\"fr-FR\",\"potentialAction\":[{\"@type\":\"ReadAction\",\"target\":[\"https:\\\/\\\/www.talleresforo.com\\\/producto\\\/compenser-parrillas-f-60-c-inverter-y-comunicaciones-para-28-piezas\\\/\"]}]},{\"@type\":\"ImageObject\",\"inLanguage\":\"fr-FR\",\"@id\":\"https:\\\/\\\/www.talleresforo.com\\\/producto\\\/compenser-parrillas-f-60-c-inverter-y-comunicaciones-para-28-piezas\\\/#primaryimage\",\"url\":\"https:\\\/\\\/www.talleresforo.com\\\/wp-content\\\/uploads\\\/2024\\\/07\\\/24LE.jpg\",\"contentUrl\":\"https:\\\/\\\/www.talleresforo.com\\\/wp-content\\\/uploads\\\/2024\\\/07\\\/24LE.jpg\",\"width\":406,\"height\":510,\"caption\":\"E-8.0\"},{\"@type\":\"BreadcrumbList\",\"@id\":\"https:\\\/\\\/www.talleresforo.com\\\/producto\\\/compenser-parrillas-f-60-c-inverter-y-comunicaciones-para-28-piezas\\\/#breadcrumb\",\"itemListElement\":[{\"@type\":\"ListItem\",\"position\":1,\"name\":\"Portada\",\"item\":\"https:\\\/\\\/www.talleresforo.com\\\/fr\\\/\"},{\"@type\":\"ListItem\",\"position\":2,\"name\":\"Boutique\",\"item\":\"https:\\\/\\\/www.talleresforo.com\\\/fr\\\/boutique\\\/\"},{\"@type\":\"ListItem\",\"position\":3,\"name\":\"Compensateur \u00e0 grilles F-60 avec inverter et communications pour 28 pi\u00e8ces\"}]},{\"@type\":\"WebSite\",\"@id\":\"https:\\\/\\\/www.talleresforo.com\\\/#website\",\"url\":\"https:\\\/\\\/www.talleresforo.com\\\/\",\"name\":\"Talleres Foro\",\"description\":\"Glazing lines for ceramics\",\"publisher\":{\"@id\":\"https:\\\/\\\/www.talleresforo.com\\\/#organization\"},\"potentialAction\":[{\"@type\":\"SearchAction\",\"target\":{\"@type\":\"EntryPoint\",\"urlTemplate\":\"https:\\\/\\\/www.talleresforo.com\\\/?s={search_term_string}\"},\"query-input\":{\"@type\":\"PropertyValueSpecification\",\"valueRequired\":true,\"valueName\":\"search_term_string\"}}],\"inLanguage\":\"fr-FR\"},{\"@type\":\"Organization\",\"@id\":\"https:\\\/\\\/www.talleresforo.com\\\/#organization\",\"name\":\"Talleres Foro\",\"url\":\"https:\\\/\\\/www.talleresforo.com\\\/\",\"logo\":{\"@type\":\"ImageObject\",\"inLanguage\":\"fr-FR\",\"@id\":\"https:\\\/\\\/www.talleresforo.com\\\/#\\\/schema\\\/logo\\\/image\\\/\",\"url\":\"https:\\\/\\\/www.talleresforo.com\\\/wp-content\\\/uploads\\\/2025\\\/09\\\/logo-principal.png\",\"contentUrl\":\"https:\\\/\\\/www.talleresforo.com\\\/wp-content\\\/uploads\\\/2025\\\/09\\\/logo-principal.png\",\"width\":1100,\"height\":510,\"caption\":\"Talleres Foro\"},\"image\":{\"@id\":\"https:\\\/\\\/www.talleresforo.com\\\/#\\\/schema\\\/logo\\\/image\\\/\"}}]}<\/script>\n<!-- \/ Yoast SEO plugin. -->","yoast_head_json":{"title":"Compensateur \u00e0 grilles F-60 avec inverter et communications pour 28 pi\u00e8ces - Talleres Foro","robots":{"index":"index","follow":"follow","max-snippet":"max-snippet:-1","max-image-preview":"max-image-preview:large","max-video-preview":"max-video-preview:-1"},"canonical":"https:\/\/www.talleresforo.com\/producto\/compenser-parrillas-f-60-c-inverter-y-comunicaciones-para-28-piezas\/","og_locale":"fr_FR","og_type":"article","og_title":"Compensateur \u00e0 grilles F-60 avec inverter et communications pour 28 pi\u00e8ces - Talleres Foro","og_description":"Machine con\u00e7ue comme un tampon r\u00e9gulateur de pi\u00e8ces afin de permettre le nettoyage des \u00e9crans des machines de s\u00e9rigraphie et d'\u00e9viter les pertes de production.","og_url":"https:\/\/www.talleresforo.com\/producto\/compenser-parrillas-f-60-c-inverter-y-comunicaciones-para-28-piezas\/","og_site_name":"Talleres Foro","article_modified_time":"2026-03-12T15:31:15+00:00","og_image":[{"width":406,"height":510,"url":"https:\/\/www.talleresforo.com\/wp-content\/uploads\/2024\/07\/24LE.jpg","type":"image\/jpeg"}],"twitter_card":"summary_large_image","schema":{"@context":"https:\/\/schema.org","@graph":[{"@type":"WebPage","@id":"https:\/\/www.talleresforo.com\/producto\/compenser-parrillas-f-60-c-inverter-y-comunicaciones-para-28-piezas\/","url":"https:\/\/www.talleresforo.com\/producto\/compenser-parrillas-f-60-c-inverter-y-comunicaciones-para-28-piezas\/","name":"Compensateur \u00e0 grilles F-60 avec inverter et communications pour 28 pi\u00e8ces - Talleres Foro","isPartOf":{"@id":"https:\/\/www.talleresforo.com\/#website"},"primaryImageOfPage":{"@id":"https:\/\/www.talleresforo.com\/producto\/compenser-parrillas-f-60-c-inverter-y-comunicaciones-para-28-piezas\/#primaryimage"},"image":{"@id":"https:\/\/www.talleresforo.com\/producto\/compenser-parrillas-f-60-c-inverter-y-comunicaciones-para-28-piezas\/#primaryimage"},"thumbnailUrl":"https:\/\/www.talleresforo.com\/wp-content\/uploads\/2024\/07\/24LE.jpg","datePublished":"2025-08-17T09:08:52+00:00","dateModified":"2026-03-12T15:31:15+00:00","breadcrumb":{"@id":"https:\/\/www.talleresforo.com\/producto\/compenser-parrillas-f-60-c-inverter-y-comunicaciones-para-28-piezas\/#breadcrumb"},"inLanguage":"fr-FR","potentialAction":[{"@type":"ReadAction","target":["https:\/\/www.talleresforo.com\/producto\/compenser-parrillas-f-60-c-inverter-y-comunicaciones-para-28-piezas\/"]}]},{"@type":"ImageObject","inLanguage":"fr-FR","@id":"https:\/\/www.talleresforo.com\/producto\/compenser-parrillas-f-60-c-inverter-y-comunicaciones-para-28-piezas\/#primaryimage","url":"https:\/\/www.talleresforo.com\/wp-content\/uploads\/2024\/07\/24LE.jpg","contentUrl":"https:\/\/www.talleresforo.com\/wp-content\/uploads\/2024\/07\/24LE.jpg","width":406,"height":510,"caption":"E-8.0"},{"@type":"BreadcrumbList","@id":"https:\/\/www.talleresforo.com\/producto\/compenser-parrillas-f-60-c-inverter-y-comunicaciones-para-28-piezas\/#breadcrumb","itemListElement":[{"@type":"ListItem","position":1,"name":"Portada","item":"https:\/\/www.talleresforo.com\/fr\/"},{"@type":"ListItem","position":2,"name":"Boutique","item":"https:\/\/www.talleresforo.com\/fr\/boutique\/"},{"@type":"ListItem","position":3,"name":"Compensateur \u00e0 grilles F-60 avec inverter et communications pour 28 pi\u00e8ces"}]},{"@type":"WebSite","@id":"https:\/\/www.talleresforo.com\/#website","url":"https:\/\/www.talleresforo.com\/","name":"Talleres Foro","description":"Glazing lines for ceramics","publisher":{"@id":"https:\/\/www.talleresforo.com\/#organization"},"potentialAction":[{"@type":"SearchAction","target":{"@type":"EntryPoint","urlTemplate":"https:\/\/www.talleresforo.com\/?s={search_term_string}"},"query-input":{"@type":"PropertyValueSpecification","valueRequired":true,"valueName":"search_term_string"}}],"inLanguage":"fr-FR"},{"@type":"Organization","@id":"https:\/\/www.talleresforo.com\/#organization","name":"Talleres Foro","url":"https:\/\/www.talleresforo.com\/","logo":{"@type":"ImageObject","inLanguage":"fr-FR","@id":"https:\/\/www.talleresforo.com\/#\/schema\/logo\/image\/","url":"https:\/\/www.talleresforo.com\/wp-content\/uploads\/2025\/09\/logo-principal.png","contentUrl":"https:\/\/www.talleresforo.com\/wp-content\/uploads\/2025\/09\/logo-principal.png","width":1100,"height":510,"caption":"Talleres Foro"},"image":{"@id":"https:\/\/www.talleresforo.com\/#\/schema\/logo\/image\/"}}]}},"_links":{"self":[{"href":"https:\/\/www.talleresforo.com\/fr\/wp-json\/wp\/v2\/product\/1605","targetHints":{"allow":["GET"]}}],"collection":[{"href":"https:\/\/www.talleresforo.com\/fr\/wp-json\/wp\/v2\/product"}],"about":[{"href":"https:\/\/www.talleresforo.com\/fr\/wp-json\/wp\/v2\/types\/product"}],"wp:featuredmedia":[{"embeddable":true,"href":"https:\/\/www.talleresforo.com\/fr\/wp-json\/wp\/v2\/media\/2133"}],"wp:attachment":[{"href":"https:\/\/www.talleresforo.com\/fr\/wp-json\/wp\/v2\/media?parent=1605"}],"wp:term":[{"taxonomy":"product_brand","embeddable":true,"href":"https:\/\/www.talleresforo.com\/fr\/wp-json\/wp\/v2\/product_brand?post=1605"},{"taxonomy":"product_cat","embeddable":true,"href":"https:\/\/www.talleresforo.com\/fr\/wp-json\/wp\/v2\/product_cat?post=1605"},{"taxonomy":"product_tag","embeddable":true,"href":"https:\/\/www.talleresforo.com\/fr\/wp-json\/wp\/v2\/product_tag?post=1605"}],"curies":[{"name":"wp","href":"https:\/\/api.w.org\/{rel}","templated":true}]}}