{"id":1618,"date":"2025-08-22T11:08:50","date_gmt":"2025-08-22T09:08:50","guid":{"rendered":"https:\/\/foro.delfrom.com\/producto\/pompe-pour-lapplication-de-lengobe-neu-foro-avec-hydrosphere\/"},"modified":"2026-03-12T10:13:54","modified_gmt":"2026-03-12T09:13:54","slug":"pompe-pour-lapplication-de-lengobe-neu-foro-avec-hydrosphere","status":"publish","type":"product","link":"https:\/\/www.talleresforo.com\/fr\/producto\/pompe-pour-lapplication-de-lengobe-neu-foro-avec-hydrosphere\/","title":{"rendered":"Pompe pour l\u2019application d\u2019egobe NEU-FORO avec hydrosphere"},"content":{"rendered":"<p>Utilis\u00e9e pour la pulv\u00e9risation de l\u2019\u00e9mail liquide ou engobe \u00e0 baisse densit\u00e9.<br \/>\nLes applications de pulv\u00e9risation permettent l\u2019utilisation des cabines sans risque de contamination.<br \/>\nL\u2019hydrosph\u00e8re \u00e9vite des piques de pression provoqu\u00e9s par le syst\u00e8me de travail.<\/p>\n","protected":false},"excerpt":{"rendered":"<p>Il est utilis\u00e9 pour la pulv\u00e9risation de tout type d&rsquo;\u00e9mail liquide \u00e0 faible densit\u00e9. Les applications de pulv\u00e9risation permettent l&rsquo;utilisation de cabines sans risque de contamination. La fonction de l&rsquo;hydrosph\u00e8re est de pr\u00e9venir les pics de pression caus\u00e9s par le syst\u00e8me de travail lui-m\u00eame.<\/p>\n","protected":false},"featured_media":1981,"template":"","meta":{"site-sidebar-layout":"default","site-content-layout":"default","ast-site-content-layout":"default","site-content-style":"default","site-sidebar-style":"default","ast-global-header-display":"","ast-banner-title-visibility":"","ast-main-header-display":"","ast-hfb-above-header-display":"","ast-hfb-below-header-display":"","ast-hfb-mobile-header-display":"","site-post-title":"","ast-breadcrumbs-content":"","ast-featured-img":"","footer-sml-layout":"","ast-disable-related-posts":"","theme-transparent-header-meta":"default","adv-header-id-meta":"","stick-header-meta":"default","header-above-stick-meta":"","header-main-stick-meta":"","header-below-stick-meta":"","astra-migrate-meta-layouts":"set","ast-page-background-enabled":"default","ast-page-background-meta":{"desktop":{"background-color":"var(--ast-global-color-4)","background-image":"","background-repeat":"repeat","background-position":"center center","background-size":"auto","background-attachment":"scroll","background-type":"","background-media":"","overlay-type":"","overlay-color":"","overlay-opacity":"","overlay-gradient":""},"tablet":{"background-color":"","background-image":"","background-repeat":"repeat","background-position":"center center","background-size":"auto","background-attachment":"scroll","background-type":"","background-media":"","overlay-type":"","overlay-color":"","overlay-opacity":"","overlay-gradient":""},"mobile":{"background-color":"","background-image":"","background-repeat":"repeat","background-position":"center center","background-size":"auto","background-attachment":"scroll","background-type":"","background-media":"","overlay-type":"","overlay-color":"","overlay-opacity":"","overlay-gradient":""}},"ast-content-background-meta":{"desktop":{"background-color":"var(--ast-global-color-5)","background-image":"","background-repeat":"repeat","background-position":"center center","background-size":"auto","background-attachment":"scroll","background-type":"","background-media":"","overlay-type":"","overlay-color":"","overlay-opacity":"","overlay-gradient":""},"tablet":{"background-color":"var(--ast-global-color-5)","background-image":"","background-repeat":"repeat","background-position":"center center","background-size":"auto","background-attachment":"scroll","background-type":"","background-media":"","overlay-type":"","overlay-color":"","overlay-opacity":"","overlay-gradient":""},"mobile":{"background-color":"var(--ast-global-color-5)","background-image":"","background-repeat":"repeat","background-position":"center center","background-size":"auto","background-attachment":"scroll","background-type":"","background-media":"","overlay-type":"","overlay-color":"","overlay-opacity":"","overlay-gradient":""}}},"product_brand":[],"product_cat":[41,105],"product_tag":[],"class_list":{"0":"post-1618","1":"product","2":"type-product","3":"status-publish","4":"has-post-thumbnail","6":"product_cat-lignes-de-vitrage-industrie-de-la-ceramique-fr","7":"product_cat-systemes-demaillage-et-elements-auxiliaires-fr","8":"desktop-align-left","9":"tablet-align-left","10":"mobile-align-left","12":"first","13":"instock","14":"shipping-taxable","15":"product-type-simple"},"yoast_head":"<!-- This site is optimized with the Yoast SEO plugin v27.5 - https:\/\/yoast.com\/product\/yoast-seo-wordpress\/ -->\n<title>Pompe pour l\u2019application d\u2019egobe NEU-FORO avec hydrosphere - Talleres Foro<\/title>\n<meta name=\"robots\" content=\"index, follow, max-snippet:-1, max-image-preview:large, max-video-preview:-1\" \/>\n<link rel=\"canonical\" href=\"https:\/\/www.talleresforo.com\/producto\/bomba-para-la-aplicacion-de-engobe-neu-foro-con-hidroesfera\/\" \/>\n<meta property=\"og:locale\" content=\"fr_FR\" \/>\n<meta property=\"og:type\" content=\"article\" \/>\n<meta property=\"og:title\" content=\"Pompe pour l\u2019application d\u2019egobe NEU-FORO avec hydrosphere - Talleres Foro\" \/>\n<meta property=\"og:description\" content=\"Il est utilis\u00e9 pour la pulv\u00e9risation de tout type d&#039;\u00e9mail liquide \u00e0 faible densit\u00e9. Les applications de pulv\u00e9risation permettent l&#039;utilisation de cabines sans risque de contamination. La fonction de l&#039;hydrosph\u00e8re est de pr\u00e9venir les pics de pression caus\u00e9s par le syst\u00e8me de travail lui-m\u00eame.\" \/>\n<meta property=\"og:url\" content=\"https:\/\/www.talleresforo.com\/producto\/bomba-para-la-aplicacion-de-engobe-neu-foro-con-hidroesfera\/\" \/>\n<meta property=\"og:site_name\" content=\"Talleres Foro\" \/>\n<meta property=\"article:modified_time\" content=\"2026-03-12T09:13:54+00:00\" \/>\n<meta property=\"og:image\" content=\"https:\/\/www.talleresforo.com\/wp-content\/uploads\/2024\/07\/13LE.jpg\" \/>\n\t<meta property=\"og:image:width\" content=\"406\" \/>\n\t<meta property=\"og:image:height\" content=\"510\" \/>\n\t<meta property=\"og:image:type\" content=\"image\/jpeg\" \/>\n<meta name=\"twitter:card\" content=\"summary_large_image\" \/>\n<script type=\"application\/ld+json\" class=\"yoast-schema-graph\">{\"@context\":\"https:\\\/\\\/schema.org\",\"@graph\":[{\"@type\":\"WebPage\",\"@id\":\"https:\\\/\\\/www.talleresforo.com\\\/producto\\\/bomba-para-la-aplicacion-de-engobe-neu-foro-con-hidroesfera\\\/\",\"url\":\"https:\\\/\\\/www.talleresforo.com\\\/producto\\\/bomba-para-la-aplicacion-de-engobe-neu-foro-con-hidroesfera\\\/\",\"name\":\"Pompe pour l\u2019application d\u2019egobe NEU-FORO avec hydrosphere - Talleres Foro\",\"isPartOf\":{\"@id\":\"https:\\\/\\\/www.talleresforo.com\\\/#website\"},\"primaryImageOfPage\":{\"@id\":\"https:\\\/\\\/www.talleresforo.com\\\/producto\\\/bomba-para-la-aplicacion-de-engobe-neu-foro-con-hidroesfera\\\/#primaryimage\"},\"image\":{\"@id\":\"https:\\\/\\\/www.talleresforo.com\\\/producto\\\/bomba-para-la-aplicacion-de-engobe-neu-foro-con-hidroesfera\\\/#primaryimage\"},\"thumbnailUrl\":\"https:\\\/\\\/www.talleresforo.com\\\/wp-content\\\/uploads\\\/2024\\\/07\\\/13LE.jpg\",\"datePublished\":\"2025-08-22T09:08:50+00:00\",\"dateModified\":\"2026-03-12T09:13:54+00:00\",\"breadcrumb\":{\"@id\":\"https:\\\/\\\/www.talleresforo.com\\\/producto\\\/bomba-para-la-aplicacion-de-engobe-neu-foro-con-hidroesfera\\\/#breadcrumb\"},\"inLanguage\":\"fr-FR\",\"potentialAction\":[{\"@type\":\"ReadAction\",\"target\":[\"https:\\\/\\\/www.talleresforo.com\\\/producto\\\/bomba-para-la-aplicacion-de-engobe-neu-foro-con-hidroesfera\\\/\"]}]},{\"@type\":\"ImageObject\",\"inLanguage\":\"fr-FR\",\"@id\":\"https:\\\/\\\/www.talleresforo.com\\\/producto\\\/bomba-para-la-aplicacion-de-engobe-neu-foro-con-hidroesfera\\\/#primaryimage\",\"url\":\"https:\\\/\\\/www.talleresforo.com\\\/wp-content\\\/uploads\\\/2024\\\/07\\\/13LE.jpg\",\"contentUrl\":\"https:\\\/\\\/www.talleresforo.com\\\/wp-content\\\/uploads\\\/2024\\\/07\\\/13LE.jpg\",\"width\":406,\"height\":510,\"caption\":\"\u008b\u008e\"},{\"@type\":\"BreadcrumbList\",\"@id\":\"https:\\\/\\\/www.talleresforo.com\\\/producto\\\/bomba-para-la-aplicacion-de-engobe-neu-foro-con-hidroesfera\\\/#breadcrumb\",\"itemListElement\":[{\"@type\":\"ListItem\",\"position\":1,\"name\":\"Portada\",\"item\":\"https:\\\/\\\/www.talleresforo.com\\\/fr\\\/\"},{\"@type\":\"ListItem\",\"position\":2,\"name\":\"Boutique\",\"item\":\"https:\\\/\\\/www.talleresforo.com\\\/fr\\\/boutique\\\/\"},{\"@type\":\"ListItem\",\"position\":3,\"name\":\"Pompe pour l\u2019application d\u2019egobe NEU-FORO avec hydrosphere\"}]},{\"@type\":\"WebSite\",\"@id\":\"https:\\\/\\\/www.talleresforo.com\\\/#website\",\"url\":\"https:\\\/\\\/www.talleresforo.com\\\/\",\"name\":\"Talleres Foro\",\"description\":\"Glazing lines for ceramics\",\"publisher\":{\"@id\":\"https:\\\/\\\/www.talleresforo.com\\\/#organization\"},\"potentialAction\":[{\"@type\":\"SearchAction\",\"target\":{\"@type\":\"EntryPoint\",\"urlTemplate\":\"https:\\\/\\\/www.talleresforo.com\\\/?s={search_term_string}\"},\"query-input\":{\"@type\":\"PropertyValueSpecification\",\"valueRequired\":true,\"valueName\":\"search_term_string\"}}],\"inLanguage\":\"fr-FR\"},{\"@type\":\"Organization\",\"@id\":\"https:\\\/\\\/www.talleresforo.com\\\/#organization\",\"name\":\"Talleres Foro\",\"url\":\"https:\\\/\\\/www.talleresforo.com\\\/\",\"logo\":{\"@type\":\"ImageObject\",\"inLanguage\":\"fr-FR\",\"@id\":\"https:\\\/\\\/www.talleresforo.com\\\/#\\\/schema\\\/logo\\\/image\\\/\",\"url\":\"https:\\\/\\\/www.talleresforo.com\\\/wp-content\\\/uploads\\\/2025\\\/09\\\/logo-principal.png\",\"contentUrl\":\"https:\\\/\\\/www.talleresforo.com\\\/wp-content\\\/uploads\\\/2025\\\/09\\\/logo-principal.png\",\"width\":1100,\"height\":510,\"caption\":\"Talleres Foro\"},\"image\":{\"@id\":\"https:\\\/\\\/www.talleresforo.com\\\/#\\\/schema\\\/logo\\\/image\\\/\"}}]}<\/script>\n<!-- \/ Yoast SEO plugin. -->","yoast_head_json":{"title":"Pompe pour l\u2019application d\u2019egobe NEU-FORO avec hydrosphere - Talleres Foro","robots":{"index":"index","follow":"follow","max-snippet":"max-snippet:-1","max-image-preview":"max-image-preview:large","max-video-preview":"max-video-preview:-1"},"canonical":"https:\/\/www.talleresforo.com\/producto\/bomba-para-la-aplicacion-de-engobe-neu-foro-con-hidroesfera\/","og_locale":"fr_FR","og_type":"article","og_title":"Pompe pour l\u2019application d\u2019egobe NEU-FORO avec hydrosphere - Talleres Foro","og_description":"Il est utilis\u00e9 pour la pulv\u00e9risation de tout type d'\u00e9mail liquide \u00e0 faible densit\u00e9. Les applications de pulv\u00e9risation permettent l'utilisation de cabines sans risque de contamination. La fonction de l'hydrosph\u00e8re est de pr\u00e9venir les pics de pression caus\u00e9s par le syst\u00e8me de travail lui-m\u00eame.","og_url":"https:\/\/www.talleresforo.com\/producto\/bomba-para-la-aplicacion-de-engobe-neu-foro-con-hidroesfera\/","og_site_name":"Talleres Foro","article_modified_time":"2026-03-12T09:13:54+00:00","og_image":[{"width":406,"height":510,"url":"https:\/\/www.talleresforo.com\/wp-content\/uploads\/2024\/07\/13LE.jpg","type":"image\/jpeg"}],"twitter_card":"summary_large_image","schema":{"@context":"https:\/\/schema.org","@graph":[{"@type":"WebPage","@id":"https:\/\/www.talleresforo.com\/producto\/bomba-para-la-aplicacion-de-engobe-neu-foro-con-hidroesfera\/","url":"https:\/\/www.talleresforo.com\/producto\/bomba-para-la-aplicacion-de-engobe-neu-foro-con-hidroesfera\/","name":"Pompe pour l\u2019application d\u2019egobe NEU-FORO avec hydrosphere - Talleres Foro","isPartOf":{"@id":"https:\/\/www.talleresforo.com\/#website"},"primaryImageOfPage":{"@id":"https:\/\/www.talleresforo.com\/producto\/bomba-para-la-aplicacion-de-engobe-neu-foro-con-hidroesfera\/#primaryimage"},"image":{"@id":"https:\/\/www.talleresforo.com\/producto\/bomba-para-la-aplicacion-de-engobe-neu-foro-con-hidroesfera\/#primaryimage"},"thumbnailUrl":"https:\/\/www.talleresforo.com\/wp-content\/uploads\/2024\/07\/13LE.jpg","datePublished":"2025-08-22T09:08:50+00:00","dateModified":"2026-03-12T09:13:54+00:00","breadcrumb":{"@id":"https:\/\/www.talleresforo.com\/producto\/bomba-para-la-aplicacion-de-engobe-neu-foro-con-hidroesfera\/#breadcrumb"},"inLanguage":"fr-FR","potentialAction":[{"@type":"ReadAction","target":["https:\/\/www.talleresforo.com\/producto\/bomba-para-la-aplicacion-de-engobe-neu-foro-con-hidroesfera\/"]}]},{"@type":"ImageObject","inLanguage":"fr-FR","@id":"https:\/\/www.talleresforo.com\/producto\/bomba-para-la-aplicacion-de-engobe-neu-foro-con-hidroesfera\/#primaryimage","url":"https:\/\/www.talleresforo.com\/wp-content\/uploads\/2024\/07\/13LE.jpg","contentUrl":"https:\/\/www.talleresforo.com\/wp-content\/uploads\/2024\/07\/13LE.jpg","width":406,"height":510,"caption":"\u008b\u008e"},{"@type":"BreadcrumbList","@id":"https:\/\/www.talleresforo.com\/producto\/bomba-para-la-aplicacion-de-engobe-neu-foro-con-hidroesfera\/#breadcrumb","itemListElement":[{"@type":"ListItem","position":1,"name":"Portada","item":"https:\/\/www.talleresforo.com\/fr\/"},{"@type":"ListItem","position":2,"name":"Boutique","item":"https:\/\/www.talleresforo.com\/fr\/boutique\/"},{"@type":"ListItem","position":3,"name":"Pompe pour l\u2019application d\u2019egobe NEU-FORO avec hydrosphere"}]},{"@type":"WebSite","@id":"https:\/\/www.talleresforo.com\/#website","url":"https:\/\/www.talleresforo.com\/","name":"Talleres Foro","description":"Glazing lines for ceramics","publisher":{"@id":"https:\/\/www.talleresforo.com\/#organization"},"potentialAction":[{"@type":"SearchAction","target":{"@type":"EntryPoint","urlTemplate":"https:\/\/www.talleresforo.com\/?s={search_term_string}"},"query-input":{"@type":"PropertyValueSpecification","valueRequired":true,"valueName":"search_term_string"}}],"inLanguage":"fr-FR"},{"@type":"Organization","@id":"https:\/\/www.talleresforo.com\/#organization","name":"Talleres Foro","url":"https:\/\/www.talleresforo.com\/","logo":{"@type":"ImageObject","inLanguage":"fr-FR","@id":"https:\/\/www.talleresforo.com\/#\/schema\/logo\/image\/","url":"https:\/\/www.talleresforo.com\/wp-content\/uploads\/2025\/09\/logo-principal.png","contentUrl":"https:\/\/www.talleresforo.com\/wp-content\/uploads\/2025\/09\/logo-principal.png","width":1100,"height":510,"caption":"Talleres Foro"},"image":{"@id":"https:\/\/www.talleresforo.com\/#\/schema\/logo\/image\/"}}]}},"_links":{"self":[{"href":"https:\/\/www.talleresforo.com\/fr\/wp-json\/wp\/v2\/product\/1618","targetHints":{"allow":["GET"]}}],"collection":[{"href":"https:\/\/www.talleresforo.com\/fr\/wp-json\/wp\/v2\/product"}],"about":[{"href":"https:\/\/www.talleresforo.com\/fr\/wp-json\/wp\/v2\/types\/product"}],"wp:featuredmedia":[{"embeddable":true,"href":"https:\/\/www.talleresforo.com\/fr\/wp-json\/wp\/v2\/media\/1981"}],"wp:attachment":[{"href":"https:\/\/www.talleresforo.com\/fr\/wp-json\/wp\/v2\/media?parent=1618"}],"wp:term":[{"taxonomy":"product_brand","embeddable":true,"href":"https:\/\/www.talleresforo.com\/fr\/wp-json\/wp\/v2\/product_brand?post=1618"},{"taxonomy":"product_cat","embeddable":true,"href":"https:\/\/www.talleresforo.com\/fr\/wp-json\/wp\/v2\/product_cat?post=1618"},{"taxonomy":"product_tag","embeddable":true,"href":"https:\/\/www.talleresforo.com\/fr\/wp-json\/wp\/v2\/product_tag?post=1618"}],"curies":[{"name":"wp","href":"https:\/\/api.w.org\/{rel}","templated":true}]}}