{"id":1623,"date":"2025-08-14T11:08:50","date_gmt":"2025-08-14T09:08:50","guid":{"rendered":"https:\/\/foro.delfrom.com\/producto\/cabine-inox-airless-l-2000-x-h1200-avec-rideau-dair\/"},"modified":"2026-03-12T11:38:50","modified_gmt":"2026-03-12T10:38:50","slug":"cabine-inox-airless-l-2000-x-h1200-avec-rideau-dair","status":"publish","type":"product","link":"https:\/\/www.talleresforo.com\/fr\/producto\/cabine-inox-airless-l-2000-x-h1200-avec-rideau-dair\/","title":{"rendered":"Cabine ferm\u00e9e inox L=2000 x H1200 pour applications airless avec rideau d\u2019air"},"content":{"rendered":"<p>D\u00e9ssin\u00e9e pour l\u2019application de l\u2019eau, de l\u2019email ou de l\u2019engobe avec bec ou pistolet.<br \/>\nDe nettoyage facile, elle est \u00e9quip\u00e9e avec une toile en inox pour att\u00e9nuer des \u00e9claboussements des liquides, fen\u00eatre lat\u00e9ral rabattable , goutti\u00e8re frontale, et supports pour la fixation et r\u00e9glages desbecs d\u2019application.<\/p>\n<p>Le rideau d\u2019air est compos\u00e9 d\u2019un ventilateur ind\u00e9pendant de \u00bdCV , ainsi que de deux becs de soufflage \u00e0 rideau d\u2019air.<\/p>\n","protected":false},"excerpt":{"rendered":"<p>Con\u00e7u pour l&rsquo;application d&rsquo;eau et d&rsquo;engobe \u00e0 l&rsquo;aide d&rsquo;une buse ou d&rsquo;un pistolet. Facile \u00e0 nettoyer, il est \u00e9quip\u00e9 d&rsquo;une toile en acier inoxydable pour amortir le rebond des liquides, d&rsquo;une ouverture lat\u00e9rale rabattable, d&rsquo;une goutti\u00e8re frontale et de supports pour la fixation et le r\u00e9glage des buses. Le kit de soufflage se compose d&rsquo;un ventilateur de \u00bd HP et de buses de soufflage, emp\u00eachant les vapeurs de s&rsquo;\u00e9chapper.<\/p>\n<p>Ce type de cabine peut \u00eatre fabriqu\u00e9 dans diff\u00e9rents formats et longueurs, avec ou sans rideau d&rsquo;air ou avec diff\u00e9rents types d&rsquo;ouverture d&rsquo;inspection ou pour la pulv\u00e9risation lat\u00e9rale.<\/p>\n","protected":false},"featured_media":1954,"template":"","meta":{"site-sidebar-layout":"default","site-content-layout":"default","ast-site-content-layout":"default","site-content-style":"default","site-sidebar-style":"default","ast-global-header-display":"","ast-banner-title-visibility":"","ast-main-header-display":"","ast-hfb-above-header-display":"","ast-hfb-below-header-display":"","ast-hfb-mobile-header-display":"","site-post-title":"","ast-breadcrumbs-content":"","ast-featured-img":"","footer-sml-layout":"","ast-disable-related-posts":"","theme-transparent-header-meta":"default","adv-header-id-meta":"","stick-header-meta":"default","header-above-stick-meta":"","header-main-stick-meta":"","header-below-stick-meta":"","astra-migrate-meta-layouts":"set","ast-page-background-enabled":"default","ast-page-background-meta":{"desktop":{"background-color":"var(--ast-global-color-4)","background-image":"","background-repeat":"repeat","background-position":"center center","background-size":"auto","background-attachment":"scroll","background-type":"","background-media":"","overlay-type":"","overlay-color":"","overlay-opacity":"","overlay-gradient":""},"tablet":{"background-color":"","background-image":"","background-repeat":"repeat","background-position":"center center","background-size":"auto","background-attachment":"scroll","background-type":"","background-media":"","overlay-type":"","overlay-color":"","overlay-opacity":"","overlay-gradient":""},"mobile":{"background-color":"","background-image":"","background-repeat":"repeat","background-position":"center center","background-size":"auto","background-attachment":"scroll","background-type":"","background-media":"","overlay-type":"","overlay-color":"","overlay-opacity":"","overlay-gradient":""}},"ast-content-background-meta":{"desktop":{"background-color":"var(--ast-global-color-5)","background-image":"","background-repeat":"repeat","background-position":"center center","background-size":"auto","background-attachment":"scroll","background-type":"","background-media":"","overlay-type":"","overlay-color":"","overlay-opacity":"","overlay-gradient":""},"tablet":{"background-color":"var(--ast-global-color-5)","background-image":"","background-repeat":"repeat","background-position":"center center","background-size":"auto","background-attachment":"scroll","background-type":"","background-media":"","overlay-type":"","overlay-color":"","overlay-opacity":"","overlay-gradient":""},"mobile":{"background-color":"var(--ast-global-color-5)","background-image":"","background-repeat":"repeat","background-position":"center center","background-size":"auto","background-attachment":"scroll","background-type":"","background-media":"","overlay-type":"","overlay-color":"","overlay-opacity":"","overlay-gradient":""}}},"product_brand":[],"product_cat":[41,105],"product_tag":[],"class_list":{"0":"post-1623","1":"product","2":"type-product","3":"status-publish","4":"has-post-thumbnail","6":"product_cat-lignes-de-vitrage-industrie-de-la-ceramique-fr","7":"product_cat-systemes-demaillage-et-elements-auxiliaires-fr","8":"desktop-align-left","9":"tablet-align-left","10":"mobile-align-left","12":"first","13":"instock","14":"shipping-taxable","15":"product-type-simple"},"yoast_head":"<!-- This site is optimized with the Yoast SEO plugin v27.5 - https:\/\/yoast.com\/product\/yoast-seo-wordpress\/ -->\n<title>Cabine ferm\u00e9e inox L=2000 x H1200 pour applications airless avec rideau d\u2019air - Talleres Foro<\/title>\n<meta name=\"robots\" content=\"index, follow, max-snippet:-1, max-image-preview:large, max-video-preview:-1\" \/>\n<link rel=\"canonical\" href=\"https:\/\/www.talleresforo.com\/producto\/cabina-inox-para-aplicacion-airless-l-2000-x-h1200-con-cortina-de-aire\/\" \/>\n<meta property=\"og:locale\" content=\"fr_FR\" \/>\n<meta property=\"og:type\" content=\"article\" \/>\n<meta property=\"og:title\" content=\"Cabine ferm\u00e9e inox L=2000 x H1200 pour applications airless avec rideau d\u2019air - Talleres Foro\" \/>\n<meta property=\"og:description\" content=\"Con\u00e7u pour l&#039;application d&#039;eau et d&#039;engobe \u00e0 l&#039;aide d&#039;une buse ou d&#039;un pistolet. Facile \u00e0 nettoyer, il est \u00e9quip\u00e9 d&#039;une toile en acier inoxydable pour amortir le rebond des liquides, d&#039;une ouverture lat\u00e9rale rabattable, d&#039;une goutti\u00e8re frontale et de supports pour la fixation et le r\u00e9glage des buses. Le kit de soufflage se compose d&#039;un ventilateur de \u00bd HP et de buses de soufflage, emp\u00eachant les vapeurs de s&#039;\u00e9chapper.  Ce type de cabine peut \u00eatre fabriqu\u00e9 dans diff\u00e9rents formats et longueurs, avec ou sans rideau d&#039;air ou avec diff\u00e9rents types d&#039;ouverture d&#039;inspection ou pour la pulv\u00e9risation lat\u00e9rale.\" \/>\n<meta property=\"og:url\" content=\"https:\/\/www.talleresforo.com\/producto\/cabina-inox-para-aplicacion-airless-l-2000-x-h1200-con-cortina-de-aire\/\" \/>\n<meta property=\"og:site_name\" content=\"Talleres Foro\" \/>\n<meta property=\"article:modified_time\" content=\"2026-03-12T10:38:50+00:00\" \/>\n<meta property=\"og:image\" content=\"https:\/\/www.talleresforo.com\/wp-content\/uploads\/2024\/07\/CAB-AIRLESS-2000-pq.jpg\" \/>\n\t<meta property=\"og:image:width\" content=\"709\" \/>\n\t<meta property=\"og:image:height\" content=\"399\" \/>\n\t<meta property=\"og:image:type\" content=\"image\/jpeg\" \/>\n<meta name=\"twitter:card\" content=\"summary_large_image\" \/>\n<script type=\"application\/ld+json\" class=\"yoast-schema-graph\">{\"@context\":\"https:\\\/\\\/schema.org\",\"@graph\":[{\"@type\":\"WebPage\",\"@id\":\"https:\\\/\\\/www.talleresforo.com\\\/producto\\\/cabina-inox-para-aplicacion-airless-l-2000-x-h1200-con-cortina-de-aire\\\/\",\"url\":\"https:\\\/\\\/www.talleresforo.com\\\/producto\\\/cabina-inox-para-aplicacion-airless-l-2000-x-h1200-con-cortina-de-aire\\\/\",\"name\":\"Cabine ferm\u00e9e inox L=2000 x H1200 pour applications airless avec rideau d\u2019air - Talleres Foro\",\"isPartOf\":{\"@id\":\"https:\\\/\\\/www.talleresforo.com\\\/#website\"},\"primaryImageOfPage\":{\"@id\":\"https:\\\/\\\/www.talleresforo.com\\\/producto\\\/cabina-inox-para-aplicacion-airless-l-2000-x-h1200-con-cortina-de-aire\\\/#primaryimage\"},\"image\":{\"@id\":\"https:\\\/\\\/www.talleresforo.com\\\/producto\\\/cabina-inox-para-aplicacion-airless-l-2000-x-h1200-con-cortina-de-aire\\\/#primaryimage\"},\"thumbnailUrl\":\"https:\\\/\\\/www.talleresforo.com\\\/wp-content\\\/uploads\\\/2024\\\/07\\\/CAB-AIRLESS-2000-pq.jpg\",\"datePublished\":\"2025-08-14T09:08:50+00:00\",\"dateModified\":\"2026-03-12T10:38:50+00:00\",\"breadcrumb\":{\"@id\":\"https:\\\/\\\/www.talleresforo.com\\\/producto\\\/cabina-inox-para-aplicacion-airless-l-2000-x-h1200-con-cortina-de-aire\\\/#breadcrumb\"},\"inLanguage\":\"fr-FR\",\"potentialAction\":[{\"@type\":\"ReadAction\",\"target\":[\"https:\\\/\\\/www.talleresforo.com\\\/producto\\\/cabina-inox-para-aplicacion-airless-l-2000-x-h1200-con-cortina-de-aire\\\/\"]}]},{\"@type\":\"ImageObject\",\"inLanguage\":\"fr-FR\",\"@id\":\"https:\\\/\\\/www.talleresforo.com\\\/producto\\\/cabina-inox-para-aplicacion-airless-l-2000-x-h1200-con-cortina-de-aire\\\/#primaryimage\",\"url\":\"https:\\\/\\\/www.talleresforo.com\\\/wp-content\\\/uploads\\\/2024\\\/07\\\/CAB-AIRLESS-2000-pq.jpg\",\"contentUrl\":\"https:\\\/\\\/www.talleresforo.com\\\/wp-content\\\/uploads\\\/2024\\\/07\\\/CAB-AIRLESS-2000-pq.jpg\",\"width\":709,\"height\":399},{\"@type\":\"BreadcrumbList\",\"@id\":\"https:\\\/\\\/www.talleresforo.com\\\/producto\\\/cabina-inox-para-aplicacion-airless-l-2000-x-h1200-con-cortina-de-aire\\\/#breadcrumb\",\"itemListElement\":[{\"@type\":\"ListItem\",\"position\":1,\"name\":\"Portada\",\"item\":\"https:\\\/\\\/www.talleresforo.com\\\/fr\\\/\"},{\"@type\":\"ListItem\",\"position\":2,\"name\":\"Boutique\",\"item\":\"https:\\\/\\\/www.talleresforo.com\\\/fr\\\/boutique\\\/\"},{\"@type\":\"ListItem\",\"position\":3,\"name\":\"Cabine ferm\u00e9e inox L=2000 x H1200 pour applications airless avec rideau d\u2019air\"}]},{\"@type\":\"WebSite\",\"@id\":\"https:\\\/\\\/www.talleresforo.com\\\/#website\",\"url\":\"https:\\\/\\\/www.talleresforo.com\\\/\",\"name\":\"Talleres Foro\",\"description\":\"Glazing lines for ceramics\",\"publisher\":{\"@id\":\"https:\\\/\\\/www.talleresforo.com\\\/#organization\"},\"potentialAction\":[{\"@type\":\"SearchAction\",\"target\":{\"@type\":\"EntryPoint\",\"urlTemplate\":\"https:\\\/\\\/www.talleresforo.com\\\/?s={search_term_string}\"},\"query-input\":{\"@type\":\"PropertyValueSpecification\",\"valueRequired\":true,\"valueName\":\"search_term_string\"}}],\"inLanguage\":\"fr-FR\"},{\"@type\":\"Organization\",\"@id\":\"https:\\\/\\\/www.talleresforo.com\\\/#organization\",\"name\":\"Talleres Foro\",\"url\":\"https:\\\/\\\/www.talleresforo.com\\\/\",\"logo\":{\"@type\":\"ImageObject\",\"inLanguage\":\"fr-FR\",\"@id\":\"https:\\\/\\\/www.talleresforo.com\\\/#\\\/schema\\\/logo\\\/image\\\/\",\"url\":\"https:\\\/\\\/www.talleresforo.com\\\/wp-content\\\/uploads\\\/2025\\\/09\\\/logo-principal.png\",\"contentUrl\":\"https:\\\/\\\/www.talleresforo.com\\\/wp-content\\\/uploads\\\/2025\\\/09\\\/logo-principal.png\",\"width\":1100,\"height\":510,\"caption\":\"Talleres Foro\"},\"image\":{\"@id\":\"https:\\\/\\\/www.talleresforo.com\\\/#\\\/schema\\\/logo\\\/image\\\/\"}}]}<\/script>\n<!-- \/ Yoast SEO plugin. -->","yoast_head_json":{"title":"Cabine ferm\u00e9e inox L=2000 x H1200 pour applications airless avec rideau d\u2019air - Talleres Foro","robots":{"index":"index","follow":"follow","max-snippet":"max-snippet:-1","max-image-preview":"max-image-preview:large","max-video-preview":"max-video-preview:-1"},"canonical":"https:\/\/www.talleresforo.com\/producto\/cabina-inox-para-aplicacion-airless-l-2000-x-h1200-con-cortina-de-aire\/","og_locale":"fr_FR","og_type":"article","og_title":"Cabine ferm\u00e9e inox L=2000 x H1200 pour applications airless avec rideau d\u2019air - Talleres Foro","og_description":"Con\u00e7u pour l'application d'eau et d'engobe \u00e0 l'aide d'une buse ou d'un pistolet. Facile \u00e0 nettoyer, il est \u00e9quip\u00e9 d'une toile en acier inoxydable pour amortir le rebond des liquides, d'une ouverture lat\u00e9rale rabattable, d'une goutti\u00e8re frontale et de supports pour la fixation et le r\u00e9glage des buses. Le kit de soufflage se compose d'un ventilateur de \u00bd HP et de buses de soufflage, emp\u00eachant les vapeurs de s'\u00e9chapper.  Ce type de cabine peut \u00eatre fabriqu\u00e9 dans diff\u00e9rents formats et longueurs, avec ou sans rideau d'air ou avec diff\u00e9rents types d'ouverture d'inspection ou pour la pulv\u00e9risation lat\u00e9rale.","og_url":"https:\/\/www.talleresforo.com\/producto\/cabina-inox-para-aplicacion-airless-l-2000-x-h1200-con-cortina-de-aire\/","og_site_name":"Talleres Foro","article_modified_time":"2026-03-12T10:38:50+00:00","og_image":[{"width":709,"height":399,"url":"https:\/\/www.talleresforo.com\/wp-content\/uploads\/2024\/07\/CAB-AIRLESS-2000-pq.jpg","type":"image\/jpeg"}],"twitter_card":"summary_large_image","schema":{"@context":"https:\/\/schema.org","@graph":[{"@type":"WebPage","@id":"https:\/\/www.talleresforo.com\/producto\/cabina-inox-para-aplicacion-airless-l-2000-x-h1200-con-cortina-de-aire\/","url":"https:\/\/www.talleresforo.com\/producto\/cabina-inox-para-aplicacion-airless-l-2000-x-h1200-con-cortina-de-aire\/","name":"Cabine ferm\u00e9e inox L=2000 x H1200 pour applications airless avec rideau d\u2019air - Talleres Foro","isPartOf":{"@id":"https:\/\/www.talleresforo.com\/#website"},"primaryImageOfPage":{"@id":"https:\/\/www.talleresforo.com\/producto\/cabina-inox-para-aplicacion-airless-l-2000-x-h1200-con-cortina-de-aire\/#primaryimage"},"image":{"@id":"https:\/\/www.talleresforo.com\/producto\/cabina-inox-para-aplicacion-airless-l-2000-x-h1200-con-cortina-de-aire\/#primaryimage"},"thumbnailUrl":"https:\/\/www.talleresforo.com\/wp-content\/uploads\/2024\/07\/CAB-AIRLESS-2000-pq.jpg","datePublished":"2025-08-14T09:08:50+00:00","dateModified":"2026-03-12T10:38:50+00:00","breadcrumb":{"@id":"https:\/\/www.talleresforo.com\/producto\/cabina-inox-para-aplicacion-airless-l-2000-x-h1200-con-cortina-de-aire\/#breadcrumb"},"inLanguage":"fr-FR","potentialAction":[{"@type":"ReadAction","target":["https:\/\/www.talleresforo.com\/producto\/cabina-inox-para-aplicacion-airless-l-2000-x-h1200-con-cortina-de-aire\/"]}]},{"@type":"ImageObject","inLanguage":"fr-FR","@id":"https:\/\/www.talleresforo.com\/producto\/cabina-inox-para-aplicacion-airless-l-2000-x-h1200-con-cortina-de-aire\/#primaryimage","url":"https:\/\/www.talleresforo.com\/wp-content\/uploads\/2024\/07\/CAB-AIRLESS-2000-pq.jpg","contentUrl":"https:\/\/www.talleresforo.com\/wp-content\/uploads\/2024\/07\/CAB-AIRLESS-2000-pq.jpg","width":709,"height":399},{"@type":"BreadcrumbList","@id":"https:\/\/www.talleresforo.com\/producto\/cabina-inox-para-aplicacion-airless-l-2000-x-h1200-con-cortina-de-aire\/#breadcrumb","itemListElement":[{"@type":"ListItem","position":1,"name":"Portada","item":"https:\/\/www.talleresforo.com\/fr\/"},{"@type":"ListItem","position":2,"name":"Boutique","item":"https:\/\/www.talleresforo.com\/fr\/boutique\/"},{"@type":"ListItem","position":3,"name":"Cabine ferm\u00e9e inox L=2000 x H1200 pour applications airless avec rideau d\u2019air"}]},{"@type":"WebSite","@id":"https:\/\/www.talleresforo.com\/#website","url":"https:\/\/www.talleresforo.com\/","name":"Talleres Foro","description":"Glazing lines for ceramics","publisher":{"@id":"https:\/\/www.talleresforo.com\/#organization"},"potentialAction":[{"@type":"SearchAction","target":{"@type":"EntryPoint","urlTemplate":"https:\/\/www.talleresforo.com\/?s={search_term_string}"},"query-input":{"@type":"PropertyValueSpecification","valueRequired":true,"valueName":"search_term_string"}}],"inLanguage":"fr-FR"},{"@type":"Organization","@id":"https:\/\/www.talleresforo.com\/#organization","name":"Talleres Foro","url":"https:\/\/www.talleresforo.com\/","logo":{"@type":"ImageObject","inLanguage":"fr-FR","@id":"https:\/\/www.talleresforo.com\/#\/schema\/logo\/image\/","url":"https:\/\/www.talleresforo.com\/wp-content\/uploads\/2025\/09\/logo-principal.png","contentUrl":"https:\/\/www.talleresforo.com\/wp-content\/uploads\/2025\/09\/logo-principal.png","width":1100,"height":510,"caption":"Talleres Foro"},"image":{"@id":"https:\/\/www.talleresforo.com\/#\/schema\/logo\/image\/"}}]}},"_links":{"self":[{"href":"https:\/\/www.talleresforo.com\/fr\/wp-json\/wp\/v2\/product\/1623","targetHints":{"allow":["GET"]}}],"collection":[{"href":"https:\/\/www.talleresforo.com\/fr\/wp-json\/wp\/v2\/product"}],"about":[{"href":"https:\/\/www.talleresforo.com\/fr\/wp-json\/wp\/v2\/types\/product"}],"wp:featuredmedia":[{"embeddable":true,"href":"https:\/\/www.talleresforo.com\/fr\/wp-json\/wp\/v2\/media\/1954"}],"wp:attachment":[{"href":"https:\/\/www.talleresforo.com\/fr\/wp-json\/wp\/v2\/media?parent=1623"}],"wp:term":[{"taxonomy":"product_brand","embeddable":true,"href":"https:\/\/www.talleresforo.com\/fr\/wp-json\/wp\/v2\/product_brand?post=1623"},{"taxonomy":"product_cat","embeddable":true,"href":"https:\/\/www.talleresforo.com\/fr\/wp-json\/wp\/v2\/product_cat?post=1623"},{"taxonomy":"product_tag","embeddable":true,"href":"https:\/\/www.talleresforo.com\/fr\/wp-json\/wp\/v2\/product_tag?post=1623"}],"curies":[{"name":"wp","href":"https:\/\/api.w.org\/{rel}","templated":true}]}}