{"id":1639,"date":"2025-08-13T06:08:49","date_gmt":"2025-08-13T04:08:49","guid":{"rendered":"https:\/\/foro.delfrom.com\/producto\/machines-debavurage-electrique-a-grande-vitesse\/"},"modified":"2025-08-22T16:35:31","modified_gmt":"2025-08-22T14:35:31","slug":"machines-debavurage-electrique-a-grande-vitesse","status":"publish","type":"product","link":"https:\/\/www.talleresforo.com\/fr\/producto\/machines-debavurage-electrique-a-grande-vitesse\/","title":{"rendered":"\u00c9barbeurs \u00e9lectriques \u00e0 haute vitesse"},"content":{"rendered":"<p>Con regulaci\u00f3n por cola de milano, motores de alta velocidad y cuadro el\u00e9ctrico con variador de frecuencia; dispone de selectores que permiten el control individual de cada motor del fregador\/desbarbador. Las 12000 r.p.m. son suficientes para limpiar los 4 bordes inferiores de los azulejos con pulcritud y sin marcas o para el desbarbado lateral de los azulejos. Los desbarbadores el\u00e9ctricos FORO se pueden utilizar en cualquier parte de la m\u00e1quina siempre que el producto est\u00e9 seco. Con cuadro el\u00e9ctrico de control y potencia.   <\/p>\n","protected":false},"excerpt":{"rendered":"<p>Avec une commande en queue d&rsquo;aronde, des moteurs \u00e0 grande vitesse et un tableau \u00e9lectrique avec convertisseur de fr\u00e9quence, elle est \u00e9quip\u00e9e de s\u00e9lecteurs qui permettent de contr\u00f4ler individuellement chaque moteur de l&rsquo;autolaveuse\/\u00e9bavureuse. Les 12000 tours\/minute sont suffisants pour nettoyer les 4 bords inf\u00e9rieurs des carreaux proprement et sans traces. Les autolaveuses \u00e9lectriques FORO peuvent \u00eatre utilis\u00e9es n&rsquo;importe o\u00f9 sur la machine tant que le produit est sec. Avec panneau de commande et d&rsquo;alimentation \u00e9lectrique.<\/p>\n","protected":false},"featured_media":1784,"template":"","meta":{"site-sidebar-layout":"default","site-content-layout":"default","ast-site-content-layout":"default","site-content-style":"default","site-sidebar-style":"default","ast-global-header-display":"","ast-banner-title-visibility":"","ast-main-header-display":"","ast-hfb-above-header-display":"","ast-hfb-below-header-display":"","ast-hfb-mobile-header-display":"","site-post-title":"","ast-breadcrumbs-content":"","ast-featured-img":"","footer-sml-layout":"","ast-disable-related-posts":"","theme-transparent-header-meta":"default","adv-header-id-meta":"","stick-header-meta":"default","header-above-stick-meta":"","header-main-stick-meta":"","header-below-stick-meta":"","astra-migrate-meta-layouts":"default","ast-page-background-enabled":"default","ast-page-background-meta":{"desktop":{"background-color":"var(--ast-global-color-4)","background-image":"","background-repeat":"repeat","background-position":"center center","background-size":"auto","background-attachment":"scroll","background-type":"","background-media":"","overlay-type":"","overlay-color":"","overlay-opacity":"","overlay-gradient":""},"tablet":{"background-color":"","background-image":"","background-repeat":"repeat","background-position":"center center","background-size":"auto","background-attachment":"scroll","background-type":"","background-media":"","overlay-type":"","overlay-color":"","overlay-opacity":"","overlay-gradient":""},"mobile":{"background-color":"","background-image":"","background-repeat":"repeat","background-position":"center center","background-size":"auto","background-attachment":"scroll","background-type":"","background-media":"","overlay-type":"","overlay-color":"","overlay-opacity":"","overlay-gradient":""}},"ast-content-background-meta":{"desktop":{"background-color":"var(--ast-global-color-5)","background-image":"","background-repeat":"repeat","background-position":"center center","background-size":"auto","background-attachment":"scroll","background-type":"","background-media":"","overlay-type":"","overlay-color":"","overlay-opacity":"","overlay-gradient":""},"tablet":{"background-color":"var(--ast-global-color-5)","background-image":"","background-repeat":"repeat","background-position":"center center","background-size":"auto","background-attachment":"scroll","background-type":"","background-media":"","overlay-type":"","overlay-color":"","overlay-opacity":"","overlay-gradient":""},"mobile":{"background-color":"var(--ast-global-color-5)","background-image":"","background-repeat":"repeat","background-position":"center center","background-size":"auto","background-attachment":"scroll","background-type":"","background-media":"","overlay-type":"","overlay-color":"","overlay-opacity":"","overlay-gradient":""}}},"product_brand":[],"product_cat":[41,103],"product_tag":[],"class_list":{"0":"post-1639","1":"product","2":"type-product","3":"status-publish","4":"has-post-thumbnail","6":"product_cat-lignes-de-vitrage-industrie-de-la-ceramique-fr","7":"product_cat-de-la-sortie-du-sechoir-a-la-section-demaillage","8":"desktop-align-left","9":"tablet-align-left","10":"mobile-align-left","12":"first","13":"instock","14":"shipping-taxable","15":"product-type-simple"},"yoast_head":"<!-- This site is optimized with the Yoast SEO plugin v27.5 - https:\/\/yoast.com\/product\/yoast-seo-wordpress\/ -->\n<title>\u00c9barbeurs \u00e9lectriques \u00e0 haute vitesse - Talleres Foro<\/title>\n<meta name=\"robots\" content=\"index, follow, max-snippet:-1, max-image-preview:large, max-video-preview:-1\" \/>\n<link rel=\"canonical\" href=\"https:\/\/www.talleresforo.com\/producto\/desbarbadores-electricos-de-alta-velocidad\/\" \/>\n<meta property=\"og:locale\" content=\"fr_FR\" \/>\n<meta property=\"og:type\" content=\"article\" \/>\n<meta property=\"og:title\" content=\"\u00c9barbeurs \u00e9lectriques \u00e0 haute vitesse - Talleres Foro\" \/>\n<meta property=\"og:description\" content=\"Avec une commande en queue d&#039;aronde, des moteurs \u00e0 grande vitesse et un tableau \u00e9lectrique avec convertisseur de fr\u00e9quence, elle est \u00e9quip\u00e9e de s\u00e9lecteurs qui permettent de contr\u00f4ler individuellement chaque moteur de l&#039;autolaveuse\/\u00e9bavureuse. Les 12000 tours\/minute sont suffisants pour nettoyer les 4 bords inf\u00e9rieurs des carreaux proprement et sans traces. Les autolaveuses \u00e9lectriques FORO peuvent \u00eatre utilis\u00e9es n&#039;importe o\u00f9 sur la machine tant que le produit est sec. Avec panneau de commande et d&#039;alimentation \u00e9lectrique.\" \/>\n<meta property=\"og:url\" content=\"https:\/\/www.talleresforo.com\/producto\/desbarbadores-electricos-de-alta-velocidad\/\" \/>\n<meta property=\"og:site_name\" content=\"Talleres Foro\" \/>\n<meta property=\"article:modified_time\" content=\"2025-08-22T14:35:31+00:00\" \/>\n<meta property=\"og:image\" content=\"https:\/\/www.talleresforo.com\/wp-content\/uploads\/2024\/07\/06LE.jpg\" \/>\n\t<meta property=\"og:image:width\" content=\"507\" \/>\n\t<meta property=\"og:image:height\" content=\"338\" \/>\n\t<meta property=\"og:image:type\" content=\"image\/jpeg\" \/>\n<meta name=\"twitter:card\" content=\"summary_large_image\" \/>\n<script type=\"application\/ld+json\" class=\"yoast-schema-graph\">{\"@context\":\"https:\\\/\\\/schema.org\",\"@graph\":[{\"@type\":\"WebPage\",\"@id\":\"https:\\\/\\\/www.talleresforo.com\\\/producto\\\/desbarbadores-electricos-de-alta-velocidad\\\/\",\"url\":\"https:\\\/\\\/www.talleresforo.com\\\/producto\\\/desbarbadores-electricos-de-alta-velocidad\\\/\",\"name\":\"\u00c9barbeurs \u00e9lectriques \u00e0 haute vitesse - Talleres Foro\",\"isPartOf\":{\"@id\":\"https:\\\/\\\/www.talleresforo.com\\\/#website\"},\"primaryImageOfPage\":{\"@id\":\"https:\\\/\\\/www.talleresforo.com\\\/producto\\\/desbarbadores-electricos-de-alta-velocidad\\\/#primaryimage\"},\"image\":{\"@id\":\"https:\\\/\\\/www.talleresforo.com\\\/producto\\\/desbarbadores-electricos-de-alta-velocidad\\\/#primaryimage\"},\"thumbnailUrl\":\"https:\\\/\\\/www.talleresforo.com\\\/wp-content\\\/uploads\\\/2024\\\/07\\\/06LE.jpg\",\"datePublished\":\"2025-08-13T04:08:49+00:00\",\"dateModified\":\"2025-08-22T14:35:31+00:00\",\"breadcrumb\":{\"@id\":\"https:\\\/\\\/www.talleresforo.com\\\/producto\\\/desbarbadores-electricos-de-alta-velocidad\\\/#breadcrumb\"},\"inLanguage\":\"fr-FR\",\"potentialAction\":[{\"@type\":\"ReadAction\",\"target\":[\"https:\\\/\\\/www.talleresforo.com\\\/producto\\\/desbarbadores-electricos-de-alta-velocidad\\\/\"]}]},{\"@type\":\"ImageObject\",\"inLanguage\":\"fr-FR\",\"@id\":\"https:\\\/\\\/www.talleresforo.com\\\/producto\\\/desbarbadores-electricos-de-alta-velocidad\\\/#primaryimage\",\"url\":\"https:\\\/\\\/www.talleresforo.com\\\/wp-content\\\/uploads\\\/2024\\\/07\\\/06LE.jpg\",\"contentUrl\":\"https:\\\/\\\/www.talleresforo.com\\\/wp-content\\\/uploads\\\/2024\\\/07\\\/06LE.jpg\",\"width\":507,\"height\":338,\"caption\":\"O\"},{\"@type\":\"BreadcrumbList\",\"@id\":\"https:\\\/\\\/www.talleresforo.com\\\/producto\\\/desbarbadores-electricos-de-alta-velocidad\\\/#breadcrumb\",\"itemListElement\":[{\"@type\":\"ListItem\",\"position\":1,\"name\":\"Portada\",\"item\":\"https:\\\/\\\/www.talleresforo.com\\\/fr\\\/\"},{\"@type\":\"ListItem\",\"position\":2,\"name\":\"Boutique\",\"item\":\"https:\\\/\\\/www.talleresforo.com\\\/fr\\\/boutique\\\/\"},{\"@type\":\"ListItem\",\"position\":3,\"name\":\"\u00c9barbeurs \u00e9lectriques \u00e0 haute vitesse\"}]},{\"@type\":\"WebSite\",\"@id\":\"https:\\\/\\\/www.talleresforo.com\\\/#website\",\"url\":\"https:\\\/\\\/www.talleresforo.com\\\/\",\"name\":\"Talleres Foro\",\"description\":\"Glazing lines for ceramics\",\"publisher\":{\"@id\":\"https:\\\/\\\/www.talleresforo.com\\\/#organization\"},\"potentialAction\":[{\"@type\":\"SearchAction\",\"target\":{\"@type\":\"EntryPoint\",\"urlTemplate\":\"https:\\\/\\\/www.talleresforo.com\\\/?s={search_term_string}\"},\"query-input\":{\"@type\":\"PropertyValueSpecification\",\"valueRequired\":true,\"valueName\":\"search_term_string\"}}],\"inLanguage\":\"fr-FR\"},{\"@type\":\"Organization\",\"@id\":\"https:\\\/\\\/www.talleresforo.com\\\/#organization\",\"name\":\"Talleres Foro\",\"url\":\"https:\\\/\\\/www.talleresforo.com\\\/\",\"logo\":{\"@type\":\"ImageObject\",\"inLanguage\":\"fr-FR\",\"@id\":\"https:\\\/\\\/www.talleresforo.com\\\/#\\\/schema\\\/logo\\\/image\\\/\",\"url\":\"https:\\\/\\\/www.talleresforo.com\\\/wp-content\\\/uploads\\\/2025\\\/09\\\/logo-principal.png\",\"contentUrl\":\"https:\\\/\\\/www.talleresforo.com\\\/wp-content\\\/uploads\\\/2025\\\/09\\\/logo-principal.png\",\"width\":1100,\"height\":510,\"caption\":\"Talleres Foro\"},\"image\":{\"@id\":\"https:\\\/\\\/www.talleresforo.com\\\/#\\\/schema\\\/logo\\\/image\\\/\"}}]}<\/script>\n<!-- \/ Yoast SEO plugin. -->","yoast_head_json":{"title":"\u00c9barbeurs \u00e9lectriques \u00e0 haute vitesse - Talleres Foro","robots":{"index":"index","follow":"follow","max-snippet":"max-snippet:-1","max-image-preview":"max-image-preview:large","max-video-preview":"max-video-preview:-1"},"canonical":"https:\/\/www.talleresforo.com\/producto\/desbarbadores-electricos-de-alta-velocidad\/","og_locale":"fr_FR","og_type":"article","og_title":"\u00c9barbeurs \u00e9lectriques \u00e0 haute vitesse - Talleres Foro","og_description":"Avec une commande en queue d'aronde, des moteurs \u00e0 grande vitesse et un tableau \u00e9lectrique avec convertisseur de fr\u00e9quence, elle est \u00e9quip\u00e9e de s\u00e9lecteurs qui permettent de contr\u00f4ler individuellement chaque moteur de l'autolaveuse\/\u00e9bavureuse. Les 12000 tours\/minute sont suffisants pour nettoyer les 4 bords inf\u00e9rieurs des carreaux proprement et sans traces. Les autolaveuses \u00e9lectriques FORO peuvent \u00eatre utilis\u00e9es n'importe o\u00f9 sur la machine tant que le produit est sec. Avec panneau de commande et d'alimentation \u00e9lectrique.","og_url":"https:\/\/www.talleresforo.com\/producto\/desbarbadores-electricos-de-alta-velocidad\/","og_site_name":"Talleres Foro","article_modified_time":"2025-08-22T14:35:31+00:00","og_image":[{"width":507,"height":338,"url":"https:\/\/www.talleresforo.com\/wp-content\/uploads\/2024\/07\/06LE.jpg","type":"image\/jpeg"}],"twitter_card":"summary_large_image","schema":{"@context":"https:\/\/schema.org","@graph":[{"@type":"WebPage","@id":"https:\/\/www.talleresforo.com\/producto\/desbarbadores-electricos-de-alta-velocidad\/","url":"https:\/\/www.talleresforo.com\/producto\/desbarbadores-electricos-de-alta-velocidad\/","name":"\u00c9barbeurs \u00e9lectriques \u00e0 haute vitesse - Talleres Foro","isPartOf":{"@id":"https:\/\/www.talleresforo.com\/#website"},"primaryImageOfPage":{"@id":"https:\/\/www.talleresforo.com\/producto\/desbarbadores-electricos-de-alta-velocidad\/#primaryimage"},"image":{"@id":"https:\/\/www.talleresforo.com\/producto\/desbarbadores-electricos-de-alta-velocidad\/#primaryimage"},"thumbnailUrl":"https:\/\/www.talleresforo.com\/wp-content\/uploads\/2024\/07\/06LE.jpg","datePublished":"2025-08-13T04:08:49+00:00","dateModified":"2025-08-22T14:35:31+00:00","breadcrumb":{"@id":"https:\/\/www.talleresforo.com\/producto\/desbarbadores-electricos-de-alta-velocidad\/#breadcrumb"},"inLanguage":"fr-FR","potentialAction":[{"@type":"ReadAction","target":["https:\/\/www.talleresforo.com\/producto\/desbarbadores-electricos-de-alta-velocidad\/"]}]},{"@type":"ImageObject","inLanguage":"fr-FR","@id":"https:\/\/www.talleresforo.com\/producto\/desbarbadores-electricos-de-alta-velocidad\/#primaryimage","url":"https:\/\/www.talleresforo.com\/wp-content\/uploads\/2024\/07\/06LE.jpg","contentUrl":"https:\/\/www.talleresforo.com\/wp-content\/uploads\/2024\/07\/06LE.jpg","width":507,"height":338,"caption":"O"},{"@type":"BreadcrumbList","@id":"https:\/\/www.talleresforo.com\/producto\/desbarbadores-electricos-de-alta-velocidad\/#breadcrumb","itemListElement":[{"@type":"ListItem","position":1,"name":"Portada","item":"https:\/\/www.talleresforo.com\/fr\/"},{"@type":"ListItem","position":2,"name":"Boutique","item":"https:\/\/www.talleresforo.com\/fr\/boutique\/"},{"@type":"ListItem","position":3,"name":"\u00c9barbeurs \u00e9lectriques \u00e0 haute vitesse"}]},{"@type":"WebSite","@id":"https:\/\/www.talleresforo.com\/#website","url":"https:\/\/www.talleresforo.com\/","name":"Talleres Foro","description":"Glazing lines for ceramics","publisher":{"@id":"https:\/\/www.talleresforo.com\/#organization"},"potentialAction":[{"@type":"SearchAction","target":{"@type":"EntryPoint","urlTemplate":"https:\/\/www.talleresforo.com\/?s={search_term_string}"},"query-input":{"@type":"PropertyValueSpecification","valueRequired":true,"valueName":"search_term_string"}}],"inLanguage":"fr-FR"},{"@type":"Organization","@id":"https:\/\/www.talleresforo.com\/#organization","name":"Talleres Foro","url":"https:\/\/www.talleresforo.com\/","logo":{"@type":"ImageObject","inLanguage":"fr-FR","@id":"https:\/\/www.talleresforo.com\/#\/schema\/logo\/image\/","url":"https:\/\/www.talleresforo.com\/wp-content\/uploads\/2025\/09\/logo-principal.png","contentUrl":"https:\/\/www.talleresforo.com\/wp-content\/uploads\/2025\/09\/logo-principal.png","width":1100,"height":510,"caption":"Talleres Foro"},"image":{"@id":"https:\/\/www.talleresforo.com\/#\/schema\/logo\/image\/"}}]}},"_links":{"self":[{"href":"https:\/\/www.talleresforo.com\/fr\/wp-json\/wp\/v2\/product\/1639","targetHints":{"allow":["GET"]}}],"collection":[{"href":"https:\/\/www.talleresforo.com\/fr\/wp-json\/wp\/v2\/product"}],"about":[{"href":"https:\/\/www.talleresforo.com\/fr\/wp-json\/wp\/v2\/types\/product"}],"wp:featuredmedia":[{"embeddable":true,"href":"https:\/\/www.talleresforo.com\/fr\/wp-json\/wp\/v2\/media\/1784"}],"wp:attachment":[{"href":"https:\/\/www.talleresforo.com\/fr\/wp-json\/wp\/v2\/media?parent=1639"}],"wp:term":[{"taxonomy":"product_brand","embeddable":true,"href":"https:\/\/www.talleresforo.com\/fr\/wp-json\/wp\/v2\/product_brand?post=1639"},{"taxonomy":"product_cat","embeddable":true,"href":"https:\/\/www.talleresforo.com\/fr\/wp-json\/wp\/v2\/product_cat?post=1639"},{"taxonomy":"product_tag","embeddable":true,"href":"https:\/\/www.talleresforo.com\/fr\/wp-json\/wp\/v2\/product_tag?post=1639"}],"curies":[{"name":"wp","href":"https:\/\/api.w.org\/{rel}","templated":true}]}}