{"id":6638,"date":"2025-08-18T17:02:28","date_gmt":"2025-08-18T15:02:28","guid":{"rendered":"https:\/\/foro.delfrom.com\/producto\/brosse-superieure-en-feutre-f-600\/"},"modified":"2024-08-18T17:02:28","modified_gmt":"2024-08-18T15:02:28","slug":"brosse-superieure-en-feutre-f-600","status":"publish","type":"product","link":"https:\/\/www.talleresforo.com\/fr\/producto\/brosse-superieure-en-feutre-f-600\/","title":{"rendered":"Brosse sup\u00e9rieure en feutre F-600"},"content":{"rendered":"<p>Cepillo horizontal con rodillo superior en fieltro de colocaci\u00f3n a la salida del secadero para eliminar las irregularidades en la cara superior del azulejo producidas por el reprensado (prensado de grumos y rebabas provenientes de anteriores prensados que quedan en los moldes de la prensa).<br \/>\nDotado de acoplamiento el\u00e1stico entre el motor y el eje del rodillo de fieltro.<br \/>\nGuiado de la elevaci\u00f3n del rodillo mediante colas de milano de acero y ajuste de altura mediante accionamiento manual con retransmisi\u00f3n entre ambos lados del rodillo para una elevaci\u00f3n en paralelo. Sustituci\u00f3n r\u00e1pida del rodillo de fieltro mediante desmontaje de la placa de sujeci\u00f3n del rodamiento del lado contrario al motor.<br \/>\nIncluye caja de aspiraci\u00f3n con dos tomas de 60 mm para minimizar el escape de polvo al ambiente. <\/p>\n","protected":false},"excerpt":{"rendered":"<p>Cepillo horizontal con rodillo superior en fieltro de colocaci\u00f3n a la salida del secadero para eliminar las irregularidades en la cara superior del azulejo producidas por el reprensado (prensado de grumos y rebabas provenientes de anteriores prensados que quedan en los moldes de la prensa). Dotado de acoplamiento el\u00e1stico entre el motor y el eje [&hellip;]<\/p>\n","protected":false},"featured_media":1729,"template":"","meta":{"site-sidebar-layout":"default","site-content-layout":"default","ast-site-content-layout":"default","site-content-style":"default","site-sidebar-style":"default","ast-global-header-display":"","ast-banner-title-visibility":"","ast-main-header-display":"","ast-hfb-above-header-display":"","ast-hfb-below-header-display":"","ast-hfb-mobile-header-display":"","site-post-title":"","ast-breadcrumbs-content":"","ast-featured-img":"","footer-sml-layout":"","ast-disable-related-posts":"","theme-transparent-header-meta":"default","adv-header-id-meta":"","stick-header-meta":"default","header-above-stick-meta":"","header-main-stick-meta":"","header-below-stick-meta":"","astra-migrate-meta-layouts":"default","ast-page-background-enabled":"default","ast-page-background-meta":{"desktop":{"background-color":"var(--ast-global-color-4)","background-image":"","background-repeat":"repeat","background-position":"center center","background-size":"auto","background-attachment":"scroll","background-type":"","background-media":"","overlay-type":"","overlay-color":"","overlay-opacity":"","overlay-gradient":""},"tablet":{"background-color":"","background-image":"","background-repeat":"repeat","background-position":"center center","background-size":"auto","background-attachment":"scroll","background-type":"","background-media":"","overlay-type":"","overlay-color":"","overlay-opacity":"","overlay-gradient":""},"mobile":{"background-color":"","background-image":"","background-repeat":"repeat","background-position":"center center","background-size":"auto","background-attachment":"scroll","background-type":"","background-media":"","overlay-type":"","overlay-color":"","overlay-opacity":"","overlay-gradient":""}},"ast-content-background-meta":{"desktop":{"background-color":"var(--ast-global-color-5)","background-image":"","background-repeat":"repeat","background-position":"center center","background-size":"auto","background-attachment":"scroll","background-type":"","background-media":"","overlay-type":"","overlay-color":"","overlay-opacity":"","overlay-gradient":""},"tablet":{"background-color":"var(--ast-global-color-5)","background-image":"","background-repeat":"repeat","background-position":"center center","background-size":"auto","background-attachment":"scroll","background-type":"","background-media":"","overlay-type":"","overlay-color":"","overlay-opacity":"","overlay-gradient":""},"mobile":{"background-color":"var(--ast-global-color-5)","background-image":"","background-repeat":"repeat","background-position":"center center","background-size":"auto","background-attachment":"scroll","background-type":"","background-media":"","overlay-type":"","overlay-color":"","overlay-opacity":"","overlay-gradient":""}}},"product_brand":[],"product_cat":[41,103],"product_tag":[],"class_list":{"0":"post-6638","1":"product","2":"type-product","3":"status-publish","4":"has-post-thumbnail","6":"product_cat-lignes-de-vitrage-industrie-de-la-ceramique-fr","7":"product_cat-de-la-sortie-du-sechoir-a-la-section-demaillage","8":"desktop-align-left","9":"tablet-align-left","10":"mobile-align-left","12":"first","13":"instock","14":"shipping-taxable","15":"product-type-simple"},"yoast_head":"<!-- This site is optimized with the Yoast SEO plugin v27.5 - https:\/\/yoast.com\/product\/yoast-seo-wordpress\/ -->\n<title>Brosse sup\u00e9rieure en feutre F-600 - Talleres Foro<\/title>\n<meta name=\"robots\" content=\"index, follow, max-snippet:-1, max-image-preview:large, max-video-preview:-1\" \/>\n<link rel=\"canonical\" href=\"https:\/\/www.talleresforo.com\/producto\/cepillo-horizontal-superior-de-fieltro-f-600\/\" \/>\n<meta property=\"og:locale\" content=\"fr_FR\" \/>\n<meta property=\"og:type\" content=\"article\" \/>\n<meta property=\"og:title\" content=\"Brosse sup\u00e9rieure en feutre F-600 - Talleres Foro\" \/>\n<meta property=\"og:description\" content=\"Cepillo horizontal con rodillo superior en fieltro de colocaci\u00f3n a la salida del secadero para eliminar las irregularidades en la cara superior del azulejo producidas por el reprensado (prensado de grumos y rebabas provenientes de anteriores prensados que quedan en los moldes de la prensa). Dotado de acoplamiento el\u00e1stico entre el motor y el eje [&hellip;]\" \/>\n<meta property=\"og:url\" content=\"https:\/\/www.talleresforo.com\/producto\/cepillo-horizontal-superior-de-fieltro-f-600\/\" \/>\n<meta property=\"og:site_name\" content=\"Talleres Foro\" \/>\n<meta property=\"og:image\" content=\"https:\/\/www.talleresforo.com\/wp-content\/uploads\/2024\/07\/CEPILLO-REPRENSADObr.jpg\" \/>\n\t<meta property=\"og:image:width\" content=\"709\" \/>\n\t<meta property=\"og:image:height\" content=\"357\" \/>\n\t<meta property=\"og:image:type\" content=\"image\/jpeg\" \/>\n<meta name=\"twitter:card\" content=\"summary_large_image\" \/>\n<meta name=\"twitter:label1\" content=\"Dur\u00e9e de lecture estim\u00e9e\" \/>\n\t<meta name=\"twitter:data1\" content=\"1 minute\" \/>\n<script type=\"application\/ld+json\" class=\"yoast-schema-graph\">{\"@context\":\"https:\\\/\\\/schema.org\",\"@graph\":[{\"@type\":\"WebPage\",\"@id\":\"https:\\\/\\\/www.talleresforo.com\\\/producto\\\/cepillo-horizontal-superior-de-fieltro-f-600\\\/\",\"url\":\"https:\\\/\\\/www.talleresforo.com\\\/producto\\\/cepillo-horizontal-superior-de-fieltro-f-600\\\/\",\"name\":\"Brosse sup\u00e9rieure en feutre F-600 - Talleres Foro\",\"isPartOf\":{\"@id\":\"https:\\\/\\\/www.talleresforo.com\\\/#website\"},\"primaryImageOfPage\":{\"@id\":\"https:\\\/\\\/www.talleresforo.com\\\/producto\\\/cepillo-horizontal-superior-de-fieltro-f-600\\\/#primaryimage\"},\"image\":{\"@id\":\"https:\\\/\\\/www.talleresforo.com\\\/producto\\\/cepillo-horizontal-superior-de-fieltro-f-600\\\/#primaryimage\"},\"thumbnailUrl\":\"https:\\\/\\\/www.talleresforo.com\\\/wp-content\\\/uploads\\\/2024\\\/07\\\/CEPILLO-REPRENSADObr.jpg\",\"datePublished\":\"2025-08-18T15:02:28+00:00\",\"breadcrumb\":{\"@id\":\"https:\\\/\\\/www.talleresforo.com\\\/producto\\\/cepillo-horizontal-superior-de-fieltro-f-600\\\/#breadcrumb\"},\"inLanguage\":\"fr-FR\",\"potentialAction\":[{\"@type\":\"ReadAction\",\"target\":[\"https:\\\/\\\/www.talleresforo.com\\\/producto\\\/cepillo-horizontal-superior-de-fieltro-f-600\\\/\"]}]},{\"@type\":\"ImageObject\",\"inLanguage\":\"fr-FR\",\"@id\":\"https:\\\/\\\/www.talleresforo.com\\\/producto\\\/cepillo-horizontal-superior-de-fieltro-f-600\\\/#primaryimage\",\"url\":\"https:\\\/\\\/www.talleresforo.com\\\/wp-content\\\/uploads\\\/2024\\\/07\\\/CEPILLO-REPRENSADObr.jpg\",\"contentUrl\":\"https:\\\/\\\/www.talleresforo.com\\\/wp-content\\\/uploads\\\/2024\\\/07\\\/CEPILLO-REPRENSADObr.jpg\",\"width\":709,\"height\":357},{\"@type\":\"BreadcrumbList\",\"@id\":\"https:\\\/\\\/www.talleresforo.com\\\/producto\\\/cepillo-horizontal-superior-de-fieltro-f-600\\\/#breadcrumb\",\"itemListElement\":[{\"@type\":\"ListItem\",\"position\":1,\"name\":\"Portada\",\"item\":\"https:\\\/\\\/www.talleresforo.com\\\/fr\\\/\"},{\"@type\":\"ListItem\",\"position\":2,\"name\":\"Boutique\",\"item\":\"https:\\\/\\\/www.talleresforo.com\\\/fr\\\/boutique\\\/\"},{\"@type\":\"ListItem\",\"position\":3,\"name\":\"Brosse sup\u00e9rieure en feutre F-600\"}]},{\"@type\":\"WebSite\",\"@id\":\"https:\\\/\\\/www.talleresforo.com\\\/#website\",\"url\":\"https:\\\/\\\/www.talleresforo.com\\\/\",\"name\":\"Talleres Foro\",\"description\":\"Glazing lines for ceramics\",\"publisher\":{\"@id\":\"https:\\\/\\\/www.talleresforo.com\\\/#organization\"},\"potentialAction\":[{\"@type\":\"SearchAction\",\"target\":{\"@type\":\"EntryPoint\",\"urlTemplate\":\"https:\\\/\\\/www.talleresforo.com\\\/?s={search_term_string}\"},\"query-input\":{\"@type\":\"PropertyValueSpecification\",\"valueRequired\":true,\"valueName\":\"search_term_string\"}}],\"inLanguage\":\"fr-FR\"},{\"@type\":\"Organization\",\"@id\":\"https:\\\/\\\/www.talleresforo.com\\\/#organization\",\"name\":\"Talleres Foro\",\"url\":\"https:\\\/\\\/www.talleresforo.com\\\/\",\"logo\":{\"@type\":\"ImageObject\",\"inLanguage\":\"fr-FR\",\"@id\":\"https:\\\/\\\/www.talleresforo.com\\\/#\\\/schema\\\/logo\\\/image\\\/\",\"url\":\"https:\\\/\\\/www.talleresforo.com\\\/wp-content\\\/uploads\\\/2025\\\/09\\\/logo-principal.png\",\"contentUrl\":\"https:\\\/\\\/www.talleresforo.com\\\/wp-content\\\/uploads\\\/2025\\\/09\\\/logo-principal.png\",\"width\":1100,\"height\":510,\"caption\":\"Talleres Foro\"},\"image\":{\"@id\":\"https:\\\/\\\/www.talleresforo.com\\\/#\\\/schema\\\/logo\\\/image\\\/\"}}]}<\/script>\n<!-- \/ Yoast SEO plugin. -->","yoast_head_json":{"title":"Brosse sup\u00e9rieure en feutre F-600 - Talleres Foro","robots":{"index":"index","follow":"follow","max-snippet":"max-snippet:-1","max-image-preview":"max-image-preview:large","max-video-preview":"max-video-preview:-1"},"canonical":"https:\/\/www.talleresforo.com\/producto\/cepillo-horizontal-superior-de-fieltro-f-600\/","og_locale":"fr_FR","og_type":"article","og_title":"Brosse sup\u00e9rieure en feutre F-600 - Talleres Foro","og_description":"Cepillo horizontal con rodillo superior en fieltro de colocaci\u00f3n a la salida del secadero para eliminar las irregularidades en la cara superior del azulejo producidas por el reprensado (prensado de grumos y rebabas provenientes de anteriores prensados que quedan en los moldes de la prensa). Dotado de acoplamiento el\u00e1stico entre el motor y el eje [&hellip;]","og_url":"https:\/\/www.talleresforo.com\/producto\/cepillo-horizontal-superior-de-fieltro-f-600\/","og_site_name":"Talleres Foro","og_image":[{"width":709,"height":357,"url":"https:\/\/www.talleresforo.com\/wp-content\/uploads\/2024\/07\/CEPILLO-REPRENSADObr.jpg","type":"image\/jpeg"}],"twitter_card":"summary_large_image","twitter_misc":{"Dur\u00e9e de lecture estim\u00e9e":"1 minute"},"schema":{"@context":"https:\/\/schema.org","@graph":[{"@type":"WebPage","@id":"https:\/\/www.talleresforo.com\/producto\/cepillo-horizontal-superior-de-fieltro-f-600\/","url":"https:\/\/www.talleresforo.com\/producto\/cepillo-horizontal-superior-de-fieltro-f-600\/","name":"Brosse sup\u00e9rieure en feutre F-600 - Talleres Foro","isPartOf":{"@id":"https:\/\/www.talleresforo.com\/#website"},"primaryImageOfPage":{"@id":"https:\/\/www.talleresforo.com\/producto\/cepillo-horizontal-superior-de-fieltro-f-600\/#primaryimage"},"image":{"@id":"https:\/\/www.talleresforo.com\/producto\/cepillo-horizontal-superior-de-fieltro-f-600\/#primaryimage"},"thumbnailUrl":"https:\/\/www.talleresforo.com\/wp-content\/uploads\/2024\/07\/CEPILLO-REPRENSADObr.jpg","datePublished":"2025-08-18T15:02:28+00:00","breadcrumb":{"@id":"https:\/\/www.talleresforo.com\/producto\/cepillo-horizontal-superior-de-fieltro-f-600\/#breadcrumb"},"inLanguage":"fr-FR","potentialAction":[{"@type":"ReadAction","target":["https:\/\/www.talleresforo.com\/producto\/cepillo-horizontal-superior-de-fieltro-f-600\/"]}]},{"@type":"ImageObject","inLanguage":"fr-FR","@id":"https:\/\/www.talleresforo.com\/producto\/cepillo-horizontal-superior-de-fieltro-f-600\/#primaryimage","url":"https:\/\/www.talleresforo.com\/wp-content\/uploads\/2024\/07\/CEPILLO-REPRENSADObr.jpg","contentUrl":"https:\/\/www.talleresforo.com\/wp-content\/uploads\/2024\/07\/CEPILLO-REPRENSADObr.jpg","width":709,"height":357},{"@type":"BreadcrumbList","@id":"https:\/\/www.talleresforo.com\/producto\/cepillo-horizontal-superior-de-fieltro-f-600\/#breadcrumb","itemListElement":[{"@type":"ListItem","position":1,"name":"Portada","item":"https:\/\/www.talleresforo.com\/fr\/"},{"@type":"ListItem","position":2,"name":"Boutique","item":"https:\/\/www.talleresforo.com\/fr\/boutique\/"},{"@type":"ListItem","position":3,"name":"Brosse sup\u00e9rieure en feutre F-600"}]},{"@type":"WebSite","@id":"https:\/\/www.talleresforo.com\/#website","url":"https:\/\/www.talleresforo.com\/","name":"Talleres Foro","description":"Glazing lines for ceramics","publisher":{"@id":"https:\/\/www.talleresforo.com\/#organization"},"potentialAction":[{"@type":"SearchAction","target":{"@type":"EntryPoint","urlTemplate":"https:\/\/www.talleresforo.com\/?s={search_term_string}"},"query-input":{"@type":"PropertyValueSpecification","valueRequired":true,"valueName":"search_term_string"}}],"inLanguage":"fr-FR"},{"@type":"Organization","@id":"https:\/\/www.talleresforo.com\/#organization","name":"Talleres Foro","url":"https:\/\/www.talleresforo.com\/","logo":{"@type":"ImageObject","inLanguage":"fr-FR","@id":"https:\/\/www.talleresforo.com\/#\/schema\/logo\/image\/","url":"https:\/\/www.talleresforo.com\/wp-content\/uploads\/2025\/09\/logo-principal.png","contentUrl":"https:\/\/www.talleresforo.com\/wp-content\/uploads\/2025\/09\/logo-principal.png","width":1100,"height":510,"caption":"Talleres Foro"},"image":{"@id":"https:\/\/www.talleresforo.com\/#\/schema\/logo\/image\/"}}]}},"_links":{"self":[{"href":"https:\/\/www.talleresforo.com\/fr\/wp-json\/wp\/v2\/product\/6638","targetHints":{"allow":["GET"]}}],"collection":[{"href":"https:\/\/www.talleresforo.com\/fr\/wp-json\/wp\/v2\/product"}],"about":[{"href":"https:\/\/www.talleresforo.com\/fr\/wp-json\/wp\/v2\/types\/product"}],"wp:featuredmedia":[{"embeddable":true,"href":"https:\/\/www.talleresforo.com\/fr\/wp-json\/wp\/v2\/media\/1729"}],"wp:attachment":[{"href":"https:\/\/www.talleresforo.com\/fr\/wp-json\/wp\/v2\/media?parent=6638"}],"wp:term":[{"taxonomy":"product_brand","embeddable":true,"href":"https:\/\/www.talleresforo.com\/fr\/wp-json\/wp\/v2\/product_brand?post=6638"},{"taxonomy":"product_cat","embeddable":true,"href":"https:\/\/www.talleresforo.com\/fr\/wp-json\/wp\/v2\/product_cat?post=6638"},{"taxonomy":"product_tag","embeddable":true,"href":"https:\/\/www.talleresforo.com\/fr\/wp-json\/wp\/v2\/product_tag?post=6638"}],"curies":[{"name":"wp","href":"https:\/\/api.w.org\/{rel}","templated":true}]}}